{"id":13,"date":"2014-06-26T16:57:15","date_gmt":"2014-06-26T14:57:15","guid":{"rendered":"http:\/\/www.360responsibletourism.com\/es\/?page_id=13"},"modified":"2017-12-13T05:17:11","modified_gmt":"2017-12-13T08:17:11","slug":"quien-somos","status":"publish","type":"page","link":"https:\/\/www.360responsibletourism.com\/es\/quien-somos\/","title":{"rendered":"Quienes somos"},"content":{"rendered":"<p><img loading=\"lazy\" decoding=\"async\" class=\"alignleft wp-image-209 size-full\" src=\"http:\/\/www.360responsibletourism.com\/wp-content\/uploads\/2014\/05\/logo-t3601.jpg\" alt=\"Logo 360\u00b0\" width=\"245\" height=\"213\" \/><\/p>\n<h2>360\u00b0\u00a0Responsible Tourism<\/h2>\n<p>es una <strong>red de profesionales especializados<\/strong> en el turismo responsable en Argentina. Organizan excursiones basadas en el respeto y la participaci\u00f3n de las comunidades locales y nativas, conservaci\u00f3n de la naturaleza y el desarrollo sostenible. Animamos a la responsabilidad y a la conciencia del viajero. Nuestro lema es: En el mundo no hay ni arriba ni abajo, ni primero ni segundo, todo es 360 \u00b0. Nuestras fortalezas est\u00e1 en la poblaci\u00f3n local, lugares salvajes y gu\u00edas apasionados.<br \/>\nSi desea crear su propio itinerario o m\u00e1s informaci\u00f3n <a title=\"Contactenons\" href=\"http:\/\/www.360responsibletourism.com\/es\/quien-somos\/contactenons\/\">p\u00f3ngase en contacto<\/a> con nosotros.<\/p>\n","protected":false},"excerpt":{"rendered":"<p>360\u00b0\u00a0Responsible Tourism es una red de profesionales especializados en el turismo responsable en Argentina. Organizan excursiones basadas en el respeto y la participaci\u00f3n de las comunidades locales y nativas, conservaci\u00f3n de la naturaleza y el desarrollo sostenible. Animamos a la responsabilidad y a la conciencia del viajero. Nuestro lema es:&#8230;<\/p>\n","protected":false},"author":1,"featured_media":0,"parent":0,"menu_order":0,"comment_status":"closed","ping_status":"closed","template":"","meta":{"footnotes":""},"_links":{"self":[{"href":"https:\/\/www.360responsibletourism.com\/es\/wp-json\/wp\/v2\/pages\/13"}],"collection":[{"href":"https:\/\/www.360responsibletourism.com\/es\/wp-json\/wp\/v2\/pages"}],"about":[{"href":"https:\/\/www.360responsibletourism.com\/es\/wp-json\/wp\/v2\/types\/page"}],"author":[{"embeddable":true,"href":"https:\/\/www.360responsibletourism.com\/es\/wp-json\/wp\/v2\/users\/1"}],"replies":[{"embeddable":true,"href":"https:\/\/www.360responsibletourism.com\/es\/wp-json\/wp\/v2\/comments?post=13"}],"version-history":[{"count":14,"href":"https:\/\/www.360responsibletourism.com\/es\/wp-json\/wp\/v2\/pages\/13\/revisions"}],"predecessor-version":[{"id":776,"href":"https:\/\/www.360responsibletourism.com\/es\/wp-json\/wp\/v2\/pages\/13\/revisions\/776"}],"wp:attachment":[{"href":"https:\/\/www.360responsibletourism.com\/es\/wp-json\/wp\/v2\/media?parent=13"}],"curies":[{"name":"wp","href":"https:\/\/api.w.org\/{rel}","templated":true}]}}