{"id":20,"date":"2014-06-26T12:06:38","date_gmt":"2014-06-26T15:06:38","guid":{"rendered":"http:\/\/www.360responsibletourism.com\/es\/?page_id=20"},"modified":"2014-12-29T11:30:44","modified_gmt":"2014-12-29T14:30:44","slug":"la-argentina","status":"publish","type":"page","link":"https:\/\/www.360responsibletourism.com\/es\/la-argentina\/","title":{"rendered":"La Argentina"},"content":{"rendered":"<p>Argentina es un pa\u00eds enorme, con \u00e1reas muy diferentes. Organizamos la informaci\u00f3n en cuatro zonas:<\/p>\n<table align=\"center\">\n<tbody>\n<tr>\n<td style=\"text-align: center;\" width=\"30%\"><strong><a title=\"Buenos Aires\" href=\"http:\/\/www.360responsibletourism.com\/es\/la-argentina\/buenos-aires\/\">Buenos Aires<\/a><a title=\"Buenos Aires\" href=\"http:\/\/www.360responsibletourism.com\/es\/la-argentina\/buenos-aires\/\"><img loading=\"lazy\" decoding=\"async\" class=\"aligncenter size-medium wp-image-1667\" src=\"http:\/\/www.360responsibletourism.com\/wp-content\/uploads\/2014\/05\/Mappe-regione-pampas-300x275.jpg\" alt=\"Regione Pampa\" width=\"300\" height=\"275\" \/><\/a><\/strong><\/td>\n<td style=\"text-align: center;\" width=\"30%\"><strong><a title=\"La Patagonia\" href=\"http:\/\/www.360responsibletourism.com\/es\/la-argentina\/la-patagonia\/\">Patagonia<\/a><\/strong><a title=\"La Patagonia\" href=\"http:\/\/www.360responsibletourism.com\/es\/la-argentina\/la-patagonia\/\"><img loading=\"lazy\" decoding=\"async\" class=\"aligncenter size-medium wp-image-1668\" src=\"http:\/\/www.360responsibletourism.com\/wp-content\/uploads\/2014\/05\/Mappe-regione-patagonia-171x300.jpg\" alt=\"Regione Patagonia\" width=\"171\" height=\"300\" \/><\/a><\/td>\n<\/tr>\n<tr>\n<td style=\"text-align: center;\" width=\"30%\"><strong><a title=\"El Noroeste\" href=\"http:\/\/www.360responsibletourism.com\/es\/la-argentina\/el-noroeste\/\">Noroeste<\/a><\/strong><a title=\"Il nord ovest\" href=\"http:\/\/www.360responsibletourism.com\/es\/la-argentina\/el-noroeste\/\"><img loading=\"lazy\" decoding=\"async\" class=\"aligncenter size-medium wp-image-1669\" src=\"http:\/\/www.360responsibletourism.com\/wp-content\/uploads\/2014\/05\/Mappa-nord-ovest-278x300.jpg\" alt=\"Regione Nord-Ovest\" width=\"278\" height=\"300\" \/><\/a><\/td>\n<td style=\"text-align: center;\" width=\"30%\"><strong><a title=\"El Noreste\" href=\"http:\/\/www.360responsibletourism.com\/es\/la-argentina\/el-noreste\/\">Noreste<\/a><\/strong><a title=\"Il nord est\" href=\"http:\/\/www.360responsibletourism.com\/es\/la-argentina\/el-noreste\/\"><img loading=\"lazy\" decoding=\"async\" class=\"aligncenter size-full wp-image-1670\" src=\"http:\/\/www.360responsibletourism.com\/wp-content\/uploads\/2014\/05\/Mesopotamia_argentina.png\" alt=\"Regione Nord-Est\" width=\"244\" height=\"299\" \/><\/a><\/td>\n<\/tr>\n<\/tbody>\n<\/table>\n<p>Adem\u00e1s de puntos de vista sobre las regiones continuaci\u00f3n puede encontrar otros puntos de vista relacionados con <a title=\"Informaciones generales\" href=\"http:\/\/www.360responsibletourism.com\/es\/la-argentina\/informaciones-generales\/\">la informaci\u00f3n general<\/a> \u00fatil para los que viajan con nosotros.<\/p>\n","protected":false},"excerpt":{"rendered":"<p>Argentina es un pa\u00eds enorme, con \u00e1reas muy diferentes. Organizamos la informaci\u00f3n en cuatro zonas: Buenos Aires Patagonia Noroeste Noreste Adem\u00e1s de puntos de vista sobre las regiones continuaci\u00f3n puede encontrar otros puntos de vista relacionados con la informaci\u00f3n general \u00fatil para los que viajan con nosotros.<\/p>\n","protected":false},"author":1,"featured_media":0,"parent":0,"menu_order":0,"comment_status":"closed","ping_status":"closed","template":"","meta":{"footnotes":""},"_links":{"self":[{"href":"https:\/\/www.360responsibletourism.com\/es\/wp-json\/wp\/v2\/pages\/20"}],"collection":[{"href":"https:\/\/www.360responsibletourism.com\/es\/wp-json\/wp\/v2\/pages"}],"about":[{"href":"https:\/\/www.360responsibletourism.com\/es\/wp-json\/wp\/v2\/types\/page"}],"author":[{"embeddable":true,"href":"https:\/\/www.360responsibletourism.com\/es\/wp-json\/wp\/v2\/users\/1"}],"replies":[{"embeddable":true,"href":"https:\/\/www.360responsibletourism.com\/es\/wp-json\/wp\/v2\/comments?post=20"}],"version-history":[{"count":9,"href":"https:\/\/www.360responsibletourism.com\/es\/wp-json\/wp\/v2\/pages\/20\/revisions"}],"predecessor-version":[{"id":689,"href":"https:\/\/www.360responsibletourism.com\/es\/wp-json\/wp\/v2\/pages\/20\/revisions\/689"}],"wp:attachment":[{"href":"https:\/\/www.360responsibletourism.com\/es\/wp-json\/wp\/v2\/media?parent=20"}],"curies":[{"name":"wp","href":"https:\/\/api.w.org\/{rel}","templated":true}]}}