{"id":22,"date":"2014-06-26T12:07:18","date_gmt":"2014-06-26T15:07:18","guid":{"rendered":"http:\/\/www.360responsibletourism.com\/es\/?page_id=22"},"modified":"2014-12-29T09:47:31","modified_gmt":"2014-12-29T12:47:31","slug":"buenos-aires","status":"publish","type":"page","link":"https:\/\/www.360responsibletourism.com\/es\/la-argentina\/buenos-aires\/","title":{"rendered":"Buenos Aires"},"content":{"rendered":"<h2 style=\"text-align: center;\">La\u00a0capital federal<\/h2>\n<p><a title=\"La Ciudad Autonoma\" href=\"http:\/\/www.360responsibletourism.com\/es\/la-argentina\/buenos-aires\/la-ciudad-autonoma\/\"><img loading=\"lazy\" decoding=\"async\" class=\"alignleft wp-image-216 size-medium\" src=\"http:\/\/www.360responsibletourism.com\/wp-content\/uploads\/2014\/05\/bsas-background_2-300x198.jpg\" alt=\"Buenos Aires Citt\u00e0\" width=\"300\" height=\"225\" \/><\/a><br \/>\nLos turistas de 360\u00b0 recorren la ciudad como un porte\u00f1o de buen humor que un d\u00eda levanta los ojos a miran en fin su ciudad. As\u00ed descubren estilos de edificios heterog\u00e9neos, rel\u00e1mpagos de luces entre los techos, la cara de la gente, el apuro o la sonrisa, la mercader\u00eda en la vereda o la tienda de lujo. No est\u00e1n sentados en un micro antis\u00e9ptico y aislante, caminan  y sus expectativas est\u00e1n en fin a su alcance.<br \/>\n<\/br><br \/>\n<\/br><br \/>\n<\/br><br \/>\n<\/br><\/p>\n<h2 style=\"text-align: center;\">La provincia<\/h2>\n<p><a title=\"La Provincia\" href=\"http:\/\/www.360responsibletourism.com\/es\/la-argentina\/buenos-aires\/la-provincia\/\"><img loading=\"lazy\" decoding=\"async\" class=\"alignleft  wp-image-217 size-medium\" src=\"http:\/\/www.360responsibletourism.com\/wp-content\/uploads\/2014\/05\/8f87df_185acb91b71327d200387fb337f688da.jpg_srz_p_410_285_75_22_0.50_1.20_0.00-300x208.jpg\" alt=\"Carlos Keen\" width=\"300\" height=\"208\" \/><\/a><br \/>\nA las afueras de la extensi\u00f3n urbana del Gran Buenos Aires de cerca de 100 km de radio desde el centro de la ciudad en s\u00ed, el paisaje est\u00e1 monopolizado por la llanura verde que une el cielo en el horizonte. El ganado pasta libremente y los campos de los alrededores se intercalan con raras y aisladas casas rodeadas de \u00e1rboles. A lo largo de esta provincia s\u00f3lo hay dos zonas monta\u00f1osas, que se caracteriza por los bosques y arroyos: La Sierra de Tandil y Ventana de las Sierras.<\/td>\n<table>\n<tbody>\n<tr>\n<td bgcolor=\"#f49535\"><strong>Enlaces:<\/strong><\/td>\n<\/tr>\n<\/tbody>\n<\/table>\n<table>\n<tbody>\n<tr>\n<td width=\"50%\" bgcolor=\"#f49535\">\n<ul>\n<li><a title=\"Abasto\" href=\"http:\/\/carloscantini.com\/tag\/abasto\/\" target=\"_blank\">Abasto, patrimonio e identit\u00e0<\/a><\/li>\n<li><a title=\"Arte y Esperanza\" href=\"http:\/\/www.arteyesperanza.com.ar\/\" target=\"_blank\">Arte y Esperanza<\/a><\/li>\n<li><a title=\"Memoria Abierta\" href=\"http:\/\/www.memoriaabierta.org.ar\/camino_al_museo3.php\" target=\"_blank\">Escuela Superior de Mec\u00e1nica de la Armada (ESMA)<\/a><\/li>\n<li><a title=\"La Nina\" href=\"http:\/\/www.xn--lania100aos-4dbf.com\/pagina-principal\/conoce-la-nina\/\" target=\"_blank\">La Ni\u00f1a<\/a><\/li>\n<li><a title=\"ONPIA\" href=\"http:\/\/rie.cl\/?a=93735\" target=\"_blank\">ONPIA<\/a><\/li>\n<li><a title=\"Buenos Aires\" href=\"http:\/\/www.buenosaires.gob.ar\/\" target=\"_blank\">Ciudad de Buenos Aires<\/a><\/li>\n<\/ul>\n<\/td>\n<td width=\"50%\" bgcolor=\"#f49535\">\n<ul>\n<li><a title=\"Abuelas de Plaza de Mayo\" href=\"http:\/\/www.abuelas.org.ar\/\" target=\"_blank\">Abuelas de Plaza de Mayo<\/a><\/li>\n<li><a title=\"Bonanza Deltaventura\" href=\"http:\/\/www.deltaventura.com\/home.html\" target=\"_blank\">Bonanza Deltaventura<\/a><\/li>\n<li><a title=\"Grissinopoli\" href=\"http:\/\/www.primordiales.com.ar\/estrenos\/grissinipoli.htm\" target=\"_blank\">Grissinopoli<\/a><\/li>\n<li><a title=\"Madres de plaza de mayo\" href=\"http:\/\/www.madres.org\/\" target=\"_blank\">Madres de Plaza de Mayo<\/a><\/li>\n<li><a title=\"Provincia de Buenos Aires\" href=\"http:\/\/www.gba.gob.ar\/\" target=\"_blank\">Provincia de Buenos Aires<\/a><\/li>\n<\/ul>\n<\/td>\n<\/tr>\n<\/tbody>\n<\/table>\n","protected":false},"excerpt":{"rendered":"<p>La\u00a0capital federal Los turistas de 360\u00b0 recorren la ciudad como un porte\u00f1o de buen humor que un d\u00eda levanta los ojos a miran en fin su ciudad. As\u00ed descubren estilos de edificios heterog\u00e9neos, rel\u00e1mpagos de luces entre los techos, la cara de la gente, el apuro o la sonrisa, la&#8230;<\/p>\n","protected":false},"author":1,"featured_media":0,"parent":20,"menu_order":0,"comment_status":"closed","ping_status":"closed","template":"","meta":{"footnotes":""},"_links":{"self":[{"href":"https:\/\/www.360responsibletourism.com\/es\/wp-json\/wp\/v2\/pages\/22"}],"collection":[{"href":"https:\/\/www.360responsibletourism.com\/es\/wp-json\/wp\/v2\/pages"}],"about":[{"href":"https:\/\/www.360responsibletourism.com\/es\/wp-json\/wp\/v2\/types\/page"}],"author":[{"embeddable":true,"href":"https:\/\/www.360responsibletourism.com\/es\/wp-json\/wp\/v2\/users\/1"}],"replies":[{"embeddable":true,"href":"https:\/\/www.360responsibletourism.com\/es\/wp-json\/wp\/v2\/comments?post=22"}],"version-history":[{"count":9,"href":"https:\/\/www.360responsibletourism.com\/es\/wp-json\/wp\/v2\/pages\/22\/revisions"}],"predecessor-version":[{"id":670,"href":"https:\/\/www.360responsibletourism.com\/es\/wp-json\/wp\/v2\/pages\/22\/revisions\/670"}],"up":[{"embeddable":true,"href":"https:\/\/www.360responsibletourism.com\/es\/wp-json\/wp\/v2\/pages\/20"}],"wp:attachment":[{"href":"https:\/\/www.360responsibletourism.com\/es\/wp-json\/wp\/v2\/media?parent=22"}],"curies":[{"name":"wp","href":"https:\/\/api.w.org\/{rel}","templated":true}]}}