{"id":24,"date":"2014-06-26T12:08:11","date_gmt":"2014-06-26T15:08:11","guid":{"rendered":"http:\/\/www.360responsibletourism.com\/es\/?page_id=24"},"modified":"2014-12-29T09:58:11","modified_gmt":"2014-12-29T12:58:11","slug":"la-ciudad-autonoma","status":"publish","type":"page","link":"https:\/\/www.360responsibletourism.com\/es\/la-argentina\/buenos-aires\/la-ciudad-autonoma\/","title":{"rendered":"La Ciudad Autonoma"},"content":{"rendered":"<h1>CABA &#8211; Ciudad Aut\u00f3noma de Buenos Aires<\/h1>\n<h2><img loading=\"lazy\" decoding=\"async\" class=\" wp-image-224 size-medium alignleft\" src=\"http:\/\/www.360responsibletourism.com\/wp-content\/uploads\/2014\/05\/BUENOS21-300x225.jpg\" alt=\"Casa Rosada\" width=\"300\" height=\"225\" \/>Casco Hist\u00f3rico<\/h2>\n<p>Como toda fundaci\u00f3n hecha por espa\u00f1oles todo el casco hist\u00f3rico es la sede donde se encuentra la organizaci\u00f3n gubernamental y administrativa.<\/p>\n<p><strong>Plaza de Mayo<\/strong> Es el centro hist\u00f3rico de la ciudad y escenario de los acontecimientos pol\u00edticos del pa\u00eds. Alrededor de la tradicional Pir\u00e1mide ubicada en el centro realizan su tradicional vuelta las \u201cMadres de Plaza de Mayo\u201d los jueves a las 15 hs. Est\u00e1 rodeada de edificios que acompa\u00f1an diferentes \u00e9pocas, estilos e historia como la casa de gobierno, la Catedral, el Cabildo entre otros.<\/p>\n<p><strong>Casa Rosada<\/strong> En su ubicaci\u00f3n actual fue sede de las distintas organizaciones gubernamentales que se sucedieron desde su fundaci\u00f3n.<\/p>\n<p><strong>Cabildo<\/strong> T\u00edpica construcci\u00f3n de estilo colonial alberga hoy un Museo que expone lo ocurrido en la Revoluci\u00f3n de Mayo de 1810.<\/p>\n<p><strong>Catedral Metropolitana<\/strong> En ella descansan los restos del Gral. San Mart\u00edn, h\u00e9roe maximo de la guerra de independencia.<\/p>\n<p><strong>Iglesia San Ignacio<\/strong> Es la iglesia m\u00e1s antigua de Bs. As. construida en 1710 y fue v\u00edctima de hechos violentos de otras \u00e9pocas.<\/p>\n<p><strong>Plaza Col\u00f3n \/ Aduana Taylor<\/strong>.\u00a0Sobre esta plaza que une el r\u00edo con la Casa Rosada se encuentra la escultura donada por el gobierno italiano a la Naci\u00f3n Argentina con motivo del 100 \u00b0 aniversario de su nacimiento.<\/p>\n<p><strong>Av. De Mayo<\/strong> Une la Plaza de Mayo con la Plaza de los dos Congresos. Posee e su recorrido imponentes edificios con c\u00fapulas que recuerdan una \u00e9poca de esplendor.<\/p>\n<p><strong>Congreso<\/strong> Palacio construido para ocupar la sede del Poder Legislativo Nacional, una obra arquitect\u00f3nica de gran belleza. Linda con una gran plaza que alberga grupos escult\u00f3ricos de envergadura.<\/p>\n<p><strong>Obelisco<\/strong> S\u00edmbolo de lo porte\u00f1o ubicado a pocas cuadras del casco hist\u00f3rico es hoy uno de los sitios donde los ciudadanos van a expresar sus alegr\u00edas y festejos por motivos deportivos y pol\u00edticos.<\/p>\n<h2><img loading=\"lazy\" decoding=\"async\" class=\" wp-image-225 size-medium alignright\" src=\"http:\/\/www.360responsibletourism.com\/wp-content\/uploads\/2014\/05\/IMG_7914_b-e1400932913937-200x300.jpg\" alt=\"San Telmo\" width=\"200\" height=\"300\" \/><\/h2>\n<h2>San Telmo<\/h2>\n<p>Barri\u00f3 con identidad definida que alberg\u00f3 a las familias aristocr\u00e1ticas de la \u00e9poca colonial y que sus construcciones fueron luego habitadas por los inmigrantes convirti\u00e9ndolas en \u201cconventillos\u201d. En la zona tambi\u00e9n vivieron los negros libertos y fue uno de los focos importantes donde la epidemia de fiebre amarilla de 1871 hizo estragos. Hoy sobre la calle Defensa hay importantes anticuarios y los domingos funciona la \u201cFeria de San Telmo\u201d internacionalmente reconocida por el valor de sus objetos antiguos y originalidad. La plaza est\u00e1 rodeada de caf\u00e9s donde poder disfrutar el aroma de los \u00e1rboles y de alguna que otra pareja bailando tango.<\/p>\n<p><strong>Museo Penitenciario<\/strong> Antigua prisi\u00f3n del siglo XIX que recrea la vida de los presos de esa \u00e9poca.<\/p>\n<p><strong>Mercado de San Telmo<\/strong> Inaugurado en 1897 recrea una forma de comercio para los alimentos de esos tiempos y que qued\u00f3 detenido en el tiempo. Posee una estructura de hierro con techos de chapa y vidrio.<\/p>\n<p><strong>Parque Lezama<\/strong> Es uno de los parques m\u00e1s bellos de Bs. As. y fuente de inspiraci\u00f3n de varios artistas. Alberga en su interior al Museo Hist\u00f3rico nacional, antigua propiedad rodeada de fuentes y esculturas. En \u00e9l se produjo la primera fundaci\u00f3n de Bs. As. Posee bellas barrancas con \u00e1rboles centenarios y flores de estaci\u00f3n.<\/p>\n<p><strong>Iglesia Ortodoxa Rusa<\/strong> Es una construcci\u00f3n moscovita del siglo XVII donde se realizan los servicios religiosos de esa comunidad.<\/p>\n<p><strong>Iglesia Danesa<\/strong> Construida en 1931 es otro templo donde los religiosos protestantes luteranos realizan sus ceremonias. Normalmente abren a la comunidad en general sus puertas para determinadas festividades populares danesas.<\/p>\n<p><img loading=\"lazy\" decoding=\"async\" class=\" wp-image-226 size-medium alignleft\" src=\"http:\/\/www.360responsibletourism.com\/wp-content\/uploads\/2014\/05\/IMG_7870_b-300x200.jpg\" alt=\"Hotel Imigrantes\" width=\"300\" height=\"200\" \/><\/p>\n<h2>Retiro \/ Plaza San Mart\u00edn<\/h2>\n<p>La zona comprendida en este sector de la ciudad atesora diversos puntos de desarrollo que marcaron la vida del pa\u00eds.<br \/>\n<strong>Plaza San Mart\u00edn.<\/strong>\u00a0Imponente plaza-parque que re\u00fane una amplia y variada flora. Se destacan los famosos \u201cpalos borrachos\u201d que cuando en flor dan una visi\u00f3n muy particular. Posee una bella barranca y en \u00e9l se destacan importantes grupos escult\u00f3ricos fundamentalmente al Gral. San Mart\u00edn y el monumento a los ca\u00eddos en la Guerra de Malvinas en 1982. En sus alrededores podemos encontrar hermosos palacios de diferentes estilos como son: C\u00edrculo de Oficiales, Palacio Anchorena (Canciller\u00eda), Parques Nacionales, Palacio Tornquist (hoy Hotel Plaza), Edificio Kavanagh, Complejo Catalinas Norte.<br \/>\n<strong>Torre Monumental<\/strong>. Fue un obsequio de los residentes ingleses en el pa\u00eds para el centenario de la independencia argentina, posee un reloj que caracteriza a la zona de Retiro, desde \u00e9l se puede observar el museo de Inmigrantes y la Plaza San Mart\u00edn en toda su dimensi\u00f3n.<br \/>\n<strong>Retiro<\/strong>. Punto de encuentro de los distintos ferrocarriles que parten hacia los diversos puntos cardinales, tambi\u00e9n se encuentra en este lugar el Hotel de Inmigrantes y la terminal de \u00f3mnibus, la zona de oficinas de Catalinas Norte y otro sector del Poder Judicial de la Naci\u00f3n.<\/p>\n<p><img loading=\"lazy\" decoding=\"async\" class=\" wp-image-227 size-medium alignright\" src=\"http:\/\/www.360responsibletourism.com\/wp-content\/uploads\/2014\/05\/IBA-2-300x225.jpg\" alt=\"Puerto Madero\" width=\"300\" height=\"225\" \/><\/p>\n<h2>Puerto Madero<\/h2>\n<p>Reconocido en 1998 como el \u00faltimo barrio de la ciudad posee igualmente una historia relacionada con el puerto de Bs. As. Las oficinas y viviendas con la mejor vista de la ciudad fueron antiguos docks reciclados. Importantes cadenas de pubs, restaurantes, discotecas, cines y edificios inteligentes optaron por disfrutar esta particular arquitectura en un lugar \u00fanico.<\/p>\n<p>&nbsp;<\/p>\n<p>&nbsp;<\/p>\n<p>&nbsp;<\/p>\n<p><img loading=\"lazy\" decoding=\"async\" class=\" wp-image-228 size-medium alignleft\" src=\"http:\/\/www.360responsibletourism.com\/wp-content\/uploads\/2014\/05\/BARRIOR5-300x225.jpg\" alt=\"La Boca\" width=\"300\" height=\"225\" \/><\/p>\n<h2>La Boca<\/h2>\n<p>Es el barrio portuario primitivo donde los inmigrantes, en su mayor\u00eda italianos, se afincaron. Sus caracter\u00edsticas casas de madera y zinc pintada de variados colores lo hace un lugar muy pintoresco donde el conventillo era la vivienda a compartir. El artista Benito Quinquela Mart\u00edn tom\u00f3 esos colores en su obra tan caracter\u00edstica que rescata la vida y colores portuarios. La calle Caminito y Vuelta de Rocha son un cl\u00e1sico paseo p\u00fablico donde puede disfrutarse la obra de los artistas en un entorno colorido y abierto, tambi\u00e9n la calle Magallanes restaurada recientemente para su puesta en valor ofrece lugares interesantes para descubrir.<\/p>\n<p><strong>Museo Quinquela Mart\u00edn<\/strong> Posee obras del per\u00edodo de arte argentino de 1900\/1950 y se conserva la casa \/ taller del artista en el 3er. Piso.<\/p>\n<p><strong>Centro Cultural Catalinas Sur\/ Mural<\/strong> Centro cultural nacido de los propios vecinos de la Boca y Catalinas Sur para rescatar mediante obras de creaci\u00f3n colectiva la historia de sus ancestros y del pa\u00eds. Hoy posee una funci\u00f3n integral ya que se especializaron en escenograf\u00edas, mu\u00f1ecos, percusi\u00f3n, murga, actuaci\u00f3n. Frente a Parque Lezama y en su propio frente puede observarse la vida cotidiana en los conventillos de la Boca.<\/p>\n<p><strong>Cancha de Boca Juniors<\/strong> La famosa \u201cbombonera\u201d que viera jugar a Diego Armando Maradona y que tan ligada al barrio desde su origen, posee murales sobre la calle Brandsen realizados por el Grupo de Muralistas Sur y del artista pl\u00e1stico Perez Celis. Posee un Museo de la Pasi\u00f3n de la Boca donde se comparten los goles, camisetas, fundadores, campeonatos, protagonistas, el barrio y la pasi\u00f3n que despierta ese equipo del que se dice ser \u201cla mitad mas uno del pa\u00eds\u201d.<\/p>\n<p><strong>Puente trasbortatore<\/strong> Construido en 1908 es el cruce del Riachuelo hacia la Isla Maciel.<\/p>\n<p><img loading=\"lazy\" decoding=\"async\" class=\" wp-image-229 size-medium alignright\" src=\"http:\/\/www.360responsibletourism.com\/wp-content\/uploads\/2014\/05\/BARRIOS4-300x225.jpg\" alt=\"Recoleta\" width=\"300\" height=\"225\" \/><\/p>\n<h2>Recoleta<\/h2>\n<p>Barrio donde los monjes recoletos se instalaron a principios del siglo XVIII. Se caracteriza por su arquitectura francesa y reuni\u00f3n de espacios de compras, paseos y gastronom\u00eda. Importantes museos y centros culturales ofrecen hechos art\u00edsticos variados e interesantes. El cementerio de la Recoleta atesora bell\u00edsimas obras escult\u00f3ricas en cada una de sus b\u00f3vedas y figuras destacadas de la historia del pa\u00eds, pr\u00f3ceres, ex presidentes, escritores, hombres de ciencia, deportistas reposan en \u00e9l como el cuerpo de Eva Duarte de Per\u00f3n conocida mundialmente como \u201c Evita\u201d.<\/p>\n<p><strong>Plaza Francia<\/strong> Posee una feria artesanal y en sus alrededores una cadena de sitios gastron\u00f3micos cl\u00e1sicos y tradicionales de la zona como \u201c La Biela\u201d.<\/p>\n<p><strong>Iglesia del Pilar<\/strong> Una iglesia colonial que refleja la construcci\u00f3n del siglo XVIII donde los frailes recoletos se instalaron. Puede pasearse por los antiguos claustros y apreciarse el trabajo de dorado a la hoja en altares laterales y principal de la iglesia.<\/p>\n<p><strong>Centro Cultural Recoleta<\/strong> Parte del antiguo claustro de los frailes recoletos fue reciclado para recibir el centro cultural dando una fisonom\u00eda muy particular. Posee una variedad de muestras y exposiciones permanentes.<\/p>\n<p><img loading=\"lazy\" decoding=\"async\" class=\"size-medium wp-image-230 alignleft\" src=\"http:\/\/www.360responsibletourism.com\/wp-content\/uploads\/2014\/05\/IBA-3-300x225.jpg\" alt=\"Palermo\" width=\"300\" height=\"225\" \/><\/p>\n<h2>Palermo<\/h2>\n<p>Es uno de los barrios mas tradicionales de Buenos Aires, pueden disfrutarse parques, paseos y lagos artificiales dise\u00f1ados en el Siglo XIX rodeados de bella arquitectura como:<\/p>\n<p><strong>Parque 3 de Febrero, Jard\u00edn Japon\u00e9s, Rosedal, Planetario, Hip\u00f3dromo, campo de Polo, Museo Malba<\/strong>. Paralelamente alrededor de la Plaza Serrano se desarroll\u00f3 un punto de encuentro plagado de dise\u00f1adores, discos, restaurantes y bares donde los porte\u00f1os se re\u00fanen a disfrutar el cl\u00e1sico cortado en bares con distintos estilos. Palermo tambi\u00e9n fue un lugar donde el tango tuvo sus ra\u00edces y cuna de legendarios \u00abcompadritos\u00bb.<\/p>\n<p><strong>Jard\u00edn Bot\u00e1nico<\/strong> Arquitectural del siglo XIX donde conviven esculturas, escuelas y direcciones de paseos e invernaderos en un marco paisaj\u00edstico.<\/p>\n<p><strong>Jard\u00edn Zool\u00f3gico<\/strong> Obras de importantes esculturas y arquitectos fundado en 1874. Desde all\u00ed salen a recorrer los bosques los tradicionales \u00abmateos\u00bb.<\/p>\n","protected":false},"excerpt":{"rendered":"<p>CABA &#8211; Ciudad Aut\u00f3noma de Buenos Aires Casco Hist\u00f3rico Como toda fundaci\u00f3n hecha por espa\u00f1oles todo el casco hist\u00f3rico es la sede donde se encuentra la organizaci\u00f3n gubernamental y administrativa. Plaza de Mayo Es el centro hist\u00f3rico de la ciudad y escenario de los acontecimientos pol\u00edticos del pa\u00eds. Alrededor de&#8230;<\/p>\n","protected":false},"author":1,"featured_media":0,"parent":22,"menu_order":0,"comment_status":"closed","ping_status":"closed","template":"","meta":{"footnotes":""},"_links":{"self":[{"href":"https:\/\/www.360responsibletourism.com\/es\/wp-json\/wp\/v2\/pages\/24"}],"collection":[{"href":"https:\/\/www.360responsibletourism.com\/es\/wp-json\/wp\/v2\/pages"}],"about":[{"href":"https:\/\/www.360responsibletourism.com\/es\/wp-json\/wp\/v2\/types\/page"}],"author":[{"embeddable":true,"href":"https:\/\/www.360responsibletourism.com\/es\/wp-json\/wp\/v2\/users\/1"}],"replies":[{"embeddable":true,"href":"https:\/\/www.360responsibletourism.com\/es\/wp-json\/wp\/v2\/comments?post=24"}],"version-history":[{"count":4,"href":"https:\/\/www.360responsibletourism.com\/es\/wp-json\/wp\/v2\/pages\/24\/revisions"}],"predecessor-version":[{"id":672,"href":"https:\/\/www.360responsibletourism.com\/es\/wp-json\/wp\/v2\/pages\/24\/revisions\/672"}],"up":[{"embeddable":true,"href":"https:\/\/www.360responsibletourism.com\/es\/wp-json\/wp\/v2\/pages\/22"}],"wp:attachment":[{"href":"https:\/\/www.360responsibletourism.com\/es\/wp-json\/wp\/v2\/media?parent=24"}],"curies":[{"name":"wp","href":"https:\/\/api.w.org\/{rel}","templated":true}]}}