{"id":28,"date":"2014-06-26T12:09:44","date_gmt":"2014-06-26T15:09:44","guid":{"rendered":"http:\/\/www.360responsibletourism.com\/es\/?page_id=28"},"modified":"2015-02-05T11:40:20","modified_gmt":"2015-02-05T14:40:20","slug":"el-noreste","status":"publish","type":"page","link":"https:\/\/www.360responsibletourism.com\/es\/la-argentina\/el-noreste\/","title":{"rendered":"El Noreste"},"content":{"rendered":"<p><a name=\"misiones\"><\/a><\/p>\n<h1>La provincia de Misiones<\/h1>\n<p>Misiones es la provincia enclavada entre Paraguay y Brasil en la parte noreste de Argentina, famosa por las cataratas del Iguaz\u00fa, en su extremo norte, las m\u00e1s majestuosas de Sudam\u00e9rica y por las Misiones Jesu\u00edticas, de las cuales tom\u00f3 su nombre.<br \/>\n<img loading=\"lazy\" decoding=\"async\" class=\"aligncenter wp-image-267 size-large\" src=\"http:\/\/www.360responsibletourism.com\/wp-content\/uploads\/2014\/05\/31_0067-e1421858644209-1024x320.jpg\" alt=\"Cataratas de Iguaz\u00f9\" width=\"1024\" height=\"320\" \/><br \/>\nEl ecosistema original es la selva subtropical que permanece intacta en zonas como el Parque Nacional Iguaz\u00fa y el Parque Provincial Mocon\u00e1. Los pobladores originarios de esta zona son los ind\u00edgenas guaran\u00edes, quienes fueron protagonistas, junto con los jesuitas, de una experiencia de evangelizaci\u00f3n \u00fanica en su g\u00e9nero. En esta provincia podemos visitar las ruinas que quedan como testigos de algunas de aquellas misiones jesu\u00edticas. Hoy en d\u00eda, las comunidades guaran\u00edes que permanecen viven marginadas, ya que su h\u00e1bitat natural, la selva, ha sido diezmado. Hay grupos que viven junto a las ciudades con las consecuencias que esto implica para su cultura y econom\u00eda. En olas sucesivas, esta zona de Argentina se fue poblando de colonos de diferentes or\u00edgenes, los cuales a\u00fan conservan su entidad debido al aislamiento en que viven. La econom\u00eda de esta provincia se basa en la producci\u00f3n de t\u00e9 y yerba mate y en la explotaci\u00f3n de la madera. El turismo es un recurso muy importante, en cuanto las cataratas del Iguaz\u00fa, son el lugar m\u00e1s visitado de Argentina, despu\u00e9s de la ciudad de Buenos Aires.<br \/>\n<img loading=\"lazy\" decoding=\"async\" class=\"aligncenter wp-image-269 size-large\" src=\"http:\/\/www.360responsibletourism.com\/wp-content\/uploads\/2014\/05\/P1020500-e1423146725495-1024x321.jpg\" alt=\"Misiones\" width=\"1024\" height=\"321\" \/><br \/>\n<a name=\"gesuiti\"><\/a><\/p>\n<h1>Las misiones Jesuiticas<\/h1>\n<p>Un cap\u00edtulo aparte merecen las \u00abMisiones Jesu\u00edticas\u00bb, surgidas de una campa\u00f1a proselitista de los padres misioneros pertenecientes a la Compa\u00f1\u00eda de Jes\u00fas, quienes llegaron tras los conquistadores y desarrollaron un m\u00e9todo propio de entrar en contacto con la poblaci\u00f3n ind\u00edgena. Los territorios principalmente afectados por este fen\u00f3meno fueron las actuales provincias de C\u00f3rdoba y Misiones (el nombre de esta \u00faltima se deriva de este hecho hist\u00f3rico). Este fen\u00f3meno se origin\u00f3 en el actual territorio de Brasil y Paraguay, desde donde los jesuitas y tribus enteras de guaran\u00edes, perseguidos por cazadores de esclavos (los paulistas), debieron huir emprendiendo un viaje m\u00edtico, a lo largo del r\u00edo Paran\u00e1, pasando por las Cataratas de Iguaz\u00fa y deteni\u00e9ndose en la actual provincia de Misiones.<br \/>\n<img loading=\"lazy\" decoding=\"async\" class=\"aligncenter wp-image-297 size-large\" src=\"http:\/\/www.360responsibletourism.com\/wp-content\/uploads\/2014\/05\/6_0006-e1421858290941-1024x320.jpg\" alt=\"Missioni gesuitiche\" width=\"1024\" height=\"320\" \/><br \/>\nLos jesuitas organizaron comunidades de ind\u00edgenas guaran\u00edes que, en el momento de su apogeo, llegaron a albergar alrededor de 3.000 o 4.000 personas. Construyeron verdaderos pueblos -hoy ruinas- organizados alrededor de la iglesia y una plaza central, con una vivienda por familia y construcciones separadas en los cuales los mismos jefes guaran\u00edes garantizaban el orden y la realizaci\u00f3n de los trabajos. La m\u00fasica y los rituales ten\u00edan una importancia estrat\u00e9gica ya que organizaban la vida cotidiana con los ritmos que encauzaban la sensibilidad guaran\u00ed.<br \/>\nLas misiones llegaron a adquirir un nivel tal de organizaci\u00f3n econ\u00f3mica y de prosperidad que generaron envidia y llegaron a constituir una amenaza para los conquistadores espa\u00f1oles establecidos en el territorio, quienes debieron recurrir a la fuerza para asegurarse el trabajo de los indios. En las misiones se fabricaban instrumentos musicales y lleg\u00f3 a instaurarse un comercio interno y externo. Quiz\u00e1 sea \u00e9sta una de las razones que llevaron primero a Espa\u00f1a y luego a Portugal a expulsar a los jesuitas de sus colonias, declarando ilegal su presencia y pr\u00e1cticamente todas sus actividades. En 1767 los jesuitas fueron echados, las misiones destruidas y los indios quedaron librados a s\u00ed mismos.<br \/>\nReci\u00e9n a principios del siglo XX fueron redescubiertas y parcialmente revalorizadas las ruinas de las Misiones que se encuentran en medio de la selva tropical. Hoy evocan el sentimiento de estar frente a vestigios de un experimento absolutamente \u00fanico en la historia de la evangelizaci\u00f3n.<br \/>\n<img loading=\"lazy\" decoding=\"async\" class=\"aligncenter wp-image-300 size-full\" src=\"http:\/\/www.360responsibletourism.com\/wp-content\/uploads\/2014\/05\/8f87df_324e4732fe8eca60c4cb3c44e6117c1b.jpg_srz_p_415_139_75_22_0.50_1.20_0.00.jpg\" alt=\"Missioni gesuitiche\" width=\"415\" height=\"139\" \/><br \/>\n<a name=\"guarani\"><\/a><\/p>\n<h1>Las comunidades Guaran\u00ec<\/h1>\n<p>Muchas de las personas que viajan para conocer la belleza de las Cataratas del Iguaz\u00fa, desconocen la riqueza de la cultura guaran\u00ed. Los guaran\u00edes son los habitantes originarios, que vivieron desde siempre en la selva y floresta tropical de Am\u00e9rica latina, en un inmenso territorio que va desde el norte de argentina hasta Colombia.<br \/>\n<img loading=\"lazy\" decoding=\"async\" class=\"aligncenter wp-image-288 size-large\" src=\"http:\/\/www.360responsibletourism.com\/wp-content\/uploads\/2014\/05\/8f87df_0b82d5367b15de669aa63f8b8ab24158-e1423146798281-1024x321.jpg\" alt=\"Guaran\u00ec\" width=\"1024\" height=\"321\" \/><br \/>\nExisten diferentes grupos de guaran\u00edes, en Misiones viven los Mbia Guaran\u00ed, que se diseminan entre Argentina y Brasil en la foresta subtropical. Es este un tipo de vegetaci\u00f3n no tan densa como la amaz\u00f3nica, pero tambi\u00e9n muy rica en plantas, animales y aves. Estas comunidades se organizaban en comunidades semi-n\u00f3madas. Antiguamente creaban aldeas temporarias en una zona por algunos a\u00f1os, para luego mudarse a otra \u00e1rea en la medida que se iban agotando los recursos naturales. Su principal actividad era la caza y recolecci\u00f3n de frutas silvestres del bosque. La agricultura y la cr\u00eda de animales eran una actividad menor.<br \/>\nLa historia de la colonizaci\u00f3n de Misiones es muy compleja y atraves\u00f3 diferentes etapas. Con la conquista llegaron los espa\u00f1oles y portugueses, los misioneros jesuitas y por ultimo la inmigraci\u00f3n europea en el siglo pasado. Los primeros conquistadores esclavizaron a la poblaci\u00f3n local casi diezm\u00e1ndola. Los misioneros jesuitas organizaron las llamadas \u201creducciones\u201d alterando su forma de vida y creencias. Finalmente los colonos usurparon sus tierras y el estado los confino en reducidas \u00e1reas oblig\u00e1ndolos a cambiar una vez m\u00e1s sus costumbres n\u00f3madas y de supervivencia.<br \/>\nEn la actualidad, la mayor\u00eda de los grupos guaran\u00edes de la provincia de Misiones viven en comunidades fijas en la periferia de ciudades y pueblos, quedando solo unas pocas comunidades que contin\u00faan viviendo en plena selva. De esta manera se ven obligados a trabajar como mano de obra barata o produciendo artesan\u00edas t\u00edpicas de su cultura, y siempre condicionados por las pol\u00edticas asistencialistas de turno.<br \/>\nLas dos comunidades que viven el la zona de Puerto Iguaz\u00fa, Fort\u00edn Mboror\u00e9 y Yryapu, hace unos a\u00f1os se vieron involucradas por la creciente actividad tur\u00edstica de la zona. Se trata de dos casos emblem\u00e1ticos d\u00f3nde el primero nace de la iniciativa de una agencia de turismo local, que acerc\u00f3 la visionaria propuesta en los comienzos de los a\u00f1os 2000; el segundo caso, el de la comunidad Yryapu, comienza con el proyecto de formaci\u00f3n de gu\u00edas locales de turismo.<br \/>\nComo iremos explicando, la oferta tur\u00edstica de las dos comunidades aparece al turista casi igual: los senderos son similares, los contenidos de las narraciones parecidas. Las comunidades est\u00e1n separadas solamente por una ruta y la organizaci\u00f3n interna depende de la asamblea comunitaria. Las decisiones se toman principalmente de forma consensual y el cacique es el garante, que cumple el rol ejecutivo y administra las entradas econ\u00f3micas. Tambi\u00e9n lo que se cuenta a los turistas se decide en la asamblea.<br \/>\nDe hecho es evidente que no es indiferente la modalidad en la cual toma forma la iniciativa y la organizaci\u00f3n de la actividad tur\u00edstica. No es f\u00e1cil poder llegar a conocer los detalles y los condicionamientos internos de las comunidades, proponemos a nuestros turistas de visitar ambas y de sacar conclusiones personales.<br \/>\n<img loading=\"lazy\" decoding=\"async\" class=\"aligncenter wp-image-290 size-large\" src=\"http:\/\/www.360responsibletourism.com\/wp-content\/uploads\/2014\/05\/8f87df_a2bf9790118a63274bf474dfb809a184-e1423146822611-1024x320.jpg\" alt=\"Guaran\u00ec\" width=\"1024\" height=\"320\" \/><br \/>\n<a name=\"parana\"><\/a><\/p>\n<h1>Cooperativa Rio Paran\u00e0<\/h1>\n<p>La Cooperativa R\u00edo Paran\u00e1, con sede en la ciudad de Ober\u00e1 agrupa un conjunto de actividades agropecuarias que permiten a peque\u00f1os productores utilizar herramientas, espacios comunes y acceder a la formaci\u00f3n profesional para que puedan procesar sus productos. En algunos casos abarca a todas las actividades a lo largo de la cadena productiva hasta su posterior oferta en el mercado, proceso que se lleva adelante sin tener que pasar por intermediarios en ninguna de las fases. De hecho la presencia de los intermediarios puede llevar a encarecer en m\u00e1s de un 50% el precio final de venta al p\u00fablico de los productos.<br \/>\n<img loading=\"lazy\" decoding=\"async\" class=\"aligncenter wp-image-255 size-full\" src=\"http:\/\/www.360responsibletourism.com\/wp-content\/uploads\/2014\/05\/8f87df_e01b7e1f4da580a33c291c9582e0caaf-e1423146845207.jpg\" alt=\"Rio Paran\u00e0\" width=\"319\" height=\"184\" \/><br \/>\nUno de los casos m\u00e1s exitosos del trabajo de la Cooperativa es el de la Yerba Mate Titrayju. La yerba mate es hist\u00f3ricamente el principal cultivo de la provincia de Misiones, ocupa al 80% de la poblaci\u00f3n rural dedicada a la producci\u00f3n agropecuaria, de la cual el 65% son peque\u00f1os productores que viven del trabajo con sus familias en chacras de 25 hect\u00e1reas muchas veces bajo el sistema de arrendamiento de la tierra. La elaboraci\u00f3n de la yerba mate supone en primer lugar un proceso de \u201csecado\u201d, luego viene la molienda, posteriormente se deja estacionar y finalmente es triturada m\u00e1s fina y envasada. Este largo proceso no puede ser sostenido por peque\u00f1os productores y sucede que las grandes empresas conforman un oligopolio de la producci\u00f3n y distribuci\u00f3n, pagando migajas a los productores agropecuarios. Existe una serie de leyes que protegen a los peque\u00f1os productores pero no se aplican debidamente por falta de recursos por parte del Estado.<br \/>\nEl proyecto Tritayju permite a muchos peque\u00f1os productores procesar y hacer llegar directamente la yerba envasada al consumidor a trav\u00e9s del Centro de Comercializaci\u00f3n Campesina e Ind\u00edgena, \u201cfomentando mecanismos m\u00e1s justos y responsables de comercio y consumo entre las familias del campo y de las ciudades\u201d. A trav\u00e9s de la Cooperativa estamos implementado un recorrido tur\u00edstico de la zona llegando a beneficiar a familias que nos brindan su hospitalidad.<br \/>\n<img loading=\"lazy\" decoding=\"async\" class=\"aligncenter wp-image-256 size-full\" src=\"http:\/\/www.360responsibletourism.com\/wp-content\/uploads\/2014\/05\/8f87df_c36aba486a3cfa04e9ecfb00d07f598e-e1423146865979.jpg\" alt=\"Rio Paran\u00e0\" width=\"566\" height=\"335\" \/><br \/>\n<a name=\"corrientes\"><\/a><\/p>\n<h1>La provincia de Corrientes<\/h1>\n<p><img loading=\"lazy\" decoding=\"async\" class=\"aligncenter wp-image-306 size-large\" src=\"http:\/\/www.360responsibletourism.com\/wp-content\/uploads\/2014\/05\/P10909591-e1421859624561-1024x320.jpg\" alt=\"Corrientes\" width=\"1024\" height=\"320\" \/><br \/>\nEsta provincia se encuentra al sur de Misiones y limita al norte con el r\u00edo Paran\u00e1, al oeste con el r\u00edo Paraguay y al este con el r\u00edo Uruguay. Tierra de fuertes tradiciones gauchescas y del ritmo de la chacarera, tiene uno de los ecosistemas m\u00e1s especiales y ricos de todo el pa\u00eds: Los esteros y lagunas del Iber\u00e1.<br \/>\nLos esteros del Iber\u00e1 (del guaran\u00ed: \u00fd &#8211; ber\u00e1, \u00abagua &#8211; brillante\u00bb) son una amplia red de arroyos, riachos, pantanos, lagunas y ba\u00f1ados que abarca entre 15 000 y 25 000 km\u00b2 en la provincia de Corrientes. Solo es superado en extensi\u00f3n por el Pantanal brasile\u00f1o, con el cual forman el segundo humedal m\u00e1s grande del mundo, parte de un sistema hidrogr\u00e1fico mucho m\u00e1s extenso \u2014 el macrosistema del Iber\u00e1, de cerca de 1 300 000 ha \u2014 en el que se desarrolla un ecosistema subtropical de grand\u00edsima diversidad.<br \/>\nGracias a su peculiar geograf\u00eda y al dif\u00edcil acceso, la zona cuenta con una rica y variada poblaci\u00f3n animal. La fauna aut\u00f3ctona incluyen numerosas especies amenazadas para las cuales \u00e9ste es uno de los \u00faltimos habitas remanentes, entre las que se cuentan el ciervo de los pantanos, el venado de las Pampas, el carpincho el lobo de crin o aguar\u00e1 guaz\u00fa, el yacar\u00e9 overo y negro, la boa curiy\u00fa y el lobito de r\u00edo los monos aulladores (o caray\u00e1s), as\u00ed como una enorme variedad de aves. La icitiofauna tambi\u00e9n es muy variada y abundante, sobresaliendo los dorados, armados, surub\u00eds, pac\u00fas, mojarras, tarariras y palometas. Los yaguaret\u00e9s parecen haber sido extinguidos en esta zona durante la primera mitad del siglo XX. La exuberante flora local incluye numerosas especies acu\u00e1ticas como el camalote, y el irup\u00e9 \u2014que dan lugar al fen\u00f3meno de los embalsados, aut\u00e9nticas islas flotantes que complican la geograf\u00eda de las lagunas\u2014 adem\u00e1s de extensos pirizales.<br \/>\nEl 15 de abril de 1983, por ley 3771, un \u00e1rea de unos 12 000 km\u00b2 \u2014dividida entre los departamentos San Miguel, Concepci\u00f3n, Santo Tom\u00e9, San Mart\u00edn y Mercedes fue instituida como Reserva Natural Provincial por el Gobierno de la Provincia de Corrientes, del que depende actualmente, tal reserva es el \u00e1rea protegida m\u00e1s extensa con la que actualmente (septiembre 2007) cuenta la Rep\u00fablica Argentina. Se lo considera un humedal de importancia internacional en los t\u00e9rminos de la Convenci\u00f3n de Ramsar.<br \/>\n<img loading=\"lazy\" decoding=\"async\" class=\"aligncenter wp-image-307 size-full\" src=\"http:\/\/www.360responsibletourism.com\/wp-content\/uploads\/2014\/05\/EsterosIbera0044-e1423146902817.jpg\" alt=\"Corrientes\" width=\"1024\" height=\"332\" \/><\/p>\n<table>\n<tbody>\n<tr>\n<td bgcolor=\"#f49535\"><strong>Enlaces:<\/strong><\/td>\n<\/tr>\n<\/tbody>\n<\/table>\n<table>\n<tbody>\n<tr>\n<td bgcolor=\"#f49535\" width=\"50%\">\n<ul>\n<li><a title=\"Fundaci\u00f2n Ecourbano\" href=\"http:\/\/www.ecourbano.org.ar\/\" target=\"_blank\">Fundaci\u00f2n Ecourbano<\/a><\/li>\n<li><a title=\"Yryap\u00f9\" href=\"yryapu.org.ar\" target=\"_blank\">Yryap\u00f9 &#8211; Turismo Guaran\u00ec<\/a><\/li>\n<li><a title=\"Ruta de la yerba mate\" href=\"http:\/\/www.rutadelayerbamate.org.ar\/\" target=\"_blank\">Ruta de la yerba mate<\/a><\/li>\n<li><a title=\"Yerba mate Titrayju\" href=\"http:\/\/yerbamatetitrayju.com.ar\/\" target=\"_blank\">Yerba mate Titrayju<\/a><\/li>\n<li><a title=\"Provincia del Chaco\" href=\"http:\/\/portal1.chaco.gov.ar\/\" target=\"_blank\">Provincia del Chaco<\/a><\/li>\n<li><a title=\"Provincia de Entre Rios\" href=\"http:\/\/www.entrerios.gov.ar\/\" target=\"_blank\">Provincia de Entre Rios<\/a><\/li>\n<li><a title=\"Provincia de Misiones\" href=\"http:\/\/www.misiones.gov.ar\/\" target=\"_blank\">Provincia de Misiones<\/a><\/li>\n<\/ul>\n<\/td>\n<td bgcolor=\"#f49535\" width=\"50%\">\n<ul>\n<li><a title=\"Proyecto MATE\" href=\"http:\/\/www.proyectomate.org\/\" target=\"_blank\">Proyecto MATE<\/a><\/li>\n<li><a title=\"Refugio Mocon\u00e0\" href=\"http:\/\/www.refugiomocona.com.ar\/\" target=\"_blank\">Refugio Mocon\u00e0<\/a><\/li>\n<li><a title=\"La yerba mate\" href=\"http:\/\/www.yerbamateargentina.org.ar\/\" target=\"_blank\">La yerba mate<\/a><\/li>\n<li><a title=\"Misione vive\" href=\"http:\/\/www.misionesvive.com.ar\/\" target=\"_blank\">Misione Vive<\/a><\/li>\n<li><a title=\"Provincia de Corrientes\" href=\"http:\/\/www.corrientes.gov.ar\/\" target=\"_blank\">Provincia de Corrientes<\/a><\/li>\n<li><a title=\"Provincia de Formosa\" href=\"http:\/\/www.formosa.gov.ar\/\" target=\"_blank\">Provincia de Formosa<\/a><\/li>\n<li><a title=\"Provincia de Santiago del Estero\" href=\"http:\/\/www.sde.gov.ar\/\" target=\"_blank\">Provincia de Santiago del Estero<\/a><\/li>\n<\/ul>\n<\/td>\n<\/tr>\n<\/tbody>\n<\/table>\n","protected":false},"excerpt":{"rendered":"<p>La provincia de Misiones Misiones es la provincia enclavada entre Paraguay y Brasil en la parte noreste de Argentina, famosa por las cataratas del Iguaz\u00fa, en su extremo norte, las m\u00e1s majestuosas de Sudam\u00e9rica y por las Misiones Jesu\u00edticas, de las cuales tom\u00f3 su nombre. El ecosistema original es la&#8230;<\/p>\n","protected":false},"author":1,"featured_media":0,"parent":20,"menu_order":0,"comment_status":"closed","ping_status":"closed","template":"","meta":{"footnotes":""},"_links":{"self":[{"href":"https:\/\/www.360responsibletourism.com\/es\/wp-json\/wp\/v2\/pages\/28"}],"collection":[{"href":"https:\/\/www.360responsibletourism.com\/es\/wp-json\/wp\/v2\/pages"}],"about":[{"href":"https:\/\/www.360responsibletourism.com\/es\/wp-json\/wp\/v2\/types\/page"}],"author":[{"embeddable":true,"href":"https:\/\/www.360responsibletourism.com\/es\/wp-json\/wp\/v2\/users\/1"}],"replies":[{"embeddable":true,"href":"https:\/\/www.360responsibletourism.com\/es\/wp-json\/wp\/v2\/comments?post=28"}],"version-history":[{"count":16,"href":"https:\/\/www.360responsibletourism.com\/es\/wp-json\/wp\/v2\/pages\/28\/revisions"}],"predecessor-version":[{"id":743,"href":"https:\/\/www.360responsibletourism.com\/es\/wp-json\/wp\/v2\/pages\/28\/revisions\/743"}],"up":[{"embeddable":true,"href":"https:\/\/www.360responsibletourism.com\/es\/wp-json\/wp\/v2\/pages\/20"}],"wp:attachment":[{"href":"https:\/\/www.360responsibletourism.com\/es\/wp-json\/wp\/v2\/media?parent=28"}],"curies":[{"name":"wp","href":"https:\/\/api.w.org\/{rel}","templated":true}]}}