{"id":56,"date":"2014-06-26T12:22:15","date_gmt":"2014-06-26T15:22:15","guid":{"rendered":"http:\/\/www.360responsibletourism.com\/es\/?page_id=56"},"modified":"2014-07-12T11:14:59","modified_gmt":"2014-07-12T14:14:59","slug":"como-nos-trasladamos","status":"publish","type":"page","link":"https:\/\/www.360responsibletourism.com\/es\/la-argentina\/informaciones-generales\/como-nos-trasladamos\/","title":{"rendered":"Como nos trasladamos"},"content":{"rendered":"<table align=\"center\">\n<tbody>\n<tr>\n<td><img loading=\"lazy\" decoding=\"async\" class=\"aligncenter wp-image-382 size-medium\" src=\"http:\/\/www.360responsibletourism.com\/wp-content\/uploads\/2014\/05\/2004_0627Image0117-300x225.jpg\" alt=\"Transporte\" width=\"300\" height=\"225\" \/><\/td>\n<td><img loading=\"lazy\" decoding=\"async\" class=\"aligncenter wp-image-383 size-medium\" src=\"http:\/\/www.360responsibletourism.com\/wp-content\/uploads\/2014\/05\/P10401511-300x225.jpg\" alt=\"Transporte\" width=\"300\" height=\"225\" \/><\/td>\n<\/tr>\n<\/tbody>\n<\/table>\n<p>Los traslados internos se realizan por v\u00eda a\u00e9rea o por l\u00ednea de autobuses. Los trayectos en avi\u00f3n son por lo general de dos horas mientras que los traslados en autob\u00fas demoran alrededor de 12 horas. Estos autobuses cuentan con asientos reclinables entre 160\u00b0 y 180\u00b0, est\u00e1n equipados con sanitarios, televisores y suelen ofrecer un servicio de cena y desayuno (\u00a1sin demasiadas pretensiones!).<br \/>\nPara llegar a zonas m\u00e1s aisladas se utilizan 4&#215;4 en terrenos dif\u00edciles. Para las visitas por Buenos Aires y sus alrededores se utiliza una furgoneta. Para salidas nocturnas por Buenos Aires se sugiere el uso de taxis. <\/p>\n<table align=\"center\">\n<tbody>\n<tr>\n<td><img loading=\"lazy\" decoding=\"async\" class=\"aligncenter wp-image-384 size-medium\" src=\"http:\/\/www.360responsibletourism.com\/wp-content\/uploads\/2014\/05\/P1040882-300x225.jpg\" alt=\"Transporte\" width=\"300\" height=\"225\" \/><\/td>\n<td><img loading=\"lazy\" decoding=\"async\" class=\"aligncenter wp-image-385 size-medium\" src=\"http:\/\/www.360responsibletourism.com\/wp-content\/uploads\/2014\/05\/P1040938-300x225.jpg\" alt=\"Transporte\" width=\"300\" height=\"225\" \/><\/td>\n<\/tr>\n<\/tbody>\n<\/table>\n","protected":false},"excerpt":{"rendered":"<p>Los traslados internos se realizan por v\u00eda a\u00e9rea o por l\u00ednea de autobuses. Los trayectos en avi\u00f3n son por lo general de dos horas mientras que los traslados en autob\u00fas demoran alrededor de 12 horas. Estos autobuses cuentan con asientos reclinables entre 160\u00b0 y 180\u00b0, est\u00e1n equipados con sanitarios, televisores&#8230;<\/p>\n","protected":false},"author":1,"featured_media":0,"parent":52,"menu_order":0,"comment_status":"closed","ping_status":"closed","template":"","meta":{"footnotes":""},"_links":{"self":[{"href":"https:\/\/www.360responsibletourism.com\/es\/wp-json\/wp\/v2\/pages\/56"}],"collection":[{"href":"https:\/\/www.360responsibletourism.com\/es\/wp-json\/wp\/v2\/pages"}],"about":[{"href":"https:\/\/www.360responsibletourism.com\/es\/wp-json\/wp\/v2\/types\/page"}],"author":[{"embeddable":true,"href":"https:\/\/www.360responsibletourism.com\/es\/wp-json\/wp\/v2\/users\/1"}],"replies":[{"embeddable":true,"href":"https:\/\/www.360responsibletourism.com\/es\/wp-json\/wp\/v2\/comments?post=56"}],"version-history":[{"count":2,"href":"https:\/\/www.360responsibletourism.com\/es\/wp-json\/wp\/v2\/pages\/56\/revisions"}],"predecessor-version":[{"id":188,"href":"https:\/\/www.360responsibletourism.com\/es\/wp-json\/wp\/v2\/pages\/56\/revisions\/188"}],"up":[{"embeddable":true,"href":"https:\/\/www.360responsibletourism.com\/es\/wp-json\/wp\/v2\/pages\/52"}],"wp:attachment":[{"href":"https:\/\/www.360responsibletourism.com\/es\/wp-json\/wp\/v2\/media?parent=56"}],"curies":[{"name":"wp","href":"https:\/\/api.w.org\/{rel}","templated":true}]}}