{"id":60,"date":"2014-06-26T12:23:21","date_gmt":"2014-06-26T15:23:21","guid":{"rendered":"http:\/\/www.360responsibletourism.com\/es\/?page_id=60"},"modified":"2014-07-12T11:20:17","modified_gmt":"2014-07-12T14:20:17","slug":"donde-alojamos","status":"publish","type":"page","link":"https:\/\/www.360responsibletourism.com\/es\/la-argentina\/informaciones-generales\/donde-alojamos\/","title":{"rendered":"Donde alojamos"},"content":{"rendered":"<table align=\"center\">\n<tbody>\n<tr>\n<td><img loading=\"lazy\" decoding=\"async\" class=\"aligncenter wp-image-394 size-medium\" src=\"http:\/\/www.360responsibletourism.com\/wp-content\/uploads\/2014\/05\/DSCN7982-300x225.jpg\" alt=\"Alojamientos\" width=\"300\" height=\"225\" \/><\/td>\n<td><img loading=\"lazy\" decoding=\"async\" class=\"aligncenter wp-image-372 size-medium\" src=\"http:\/\/www.360responsibletourism.com\/wp-content\/uploads\/2014\/05\/P1040700-300x225.jpg\" alt=\"Alloggi\" width=\"300\" height=\"225\" \/><\/td>\n<\/tr>\n<\/tbody>\n<\/table>\n<p>El tipo de alojamiento var\u00eda seg\u00fan el destino: Se da preferencia al hospedaje en casas de familia, hoster\u00edas, estancias, refugios de monta\u00f1a, a veces incluso en tienda de campa\u00f1a. Los hoteles son por lo general de segunda o tercera categor\u00eda y no siempre se garantiza el ba\u00f1o en la habitaci\u00f3n. En ocasiones es necesario compartir la habitaci\u00f3n entre cuatro personas.<\/p>\n<table align=\"center\">\n<tbody>\n<tr>\n<td><img loading=\"lazy\" decoding=\"async\" class=\"aligncenter wp-image-395 size-medium\" src=\"http:\/\/www.360responsibletourism.com\/wp-content\/uploads\/2014\/05\/P1020686_b-300x225.jpg\" alt=\"Alojamientos\" width=\"300\" height=\"225\" \/><\/td>\n<td><img loading=\"lazy\" decoding=\"async\" class=\"aligncenter wp-image-396 size-medium\" src=\"http:\/\/www.360responsibletourism.com\/wp-content\/uploads\/2014\/05\/DSCN7985-300x225.jpg\" alt=\"Alojamientos\" width=\"300\" height=\"225\" \/><\/td>\n<\/tr>\n<\/tbody>\n<\/table>\n","protected":false},"excerpt":{"rendered":"<p>El tipo de alojamiento var\u00eda seg\u00fan el destino: Se da preferencia al hospedaje en casas de familia, hoster\u00edas, estancias, refugios de monta\u00f1a, a veces incluso en tienda de campa\u00f1a. Los hoteles son por lo general de segunda o tercera categor\u00eda y no siempre se garantiza el ba\u00f1o en la habitaci\u00f3n&#8230;.<\/p>\n","protected":false},"author":1,"featured_media":0,"parent":52,"menu_order":0,"comment_status":"closed","ping_status":"closed","template":"","meta":{"footnotes":""},"_links":{"self":[{"href":"https:\/\/www.360responsibletourism.com\/es\/wp-json\/wp\/v2\/pages\/60"}],"collection":[{"href":"https:\/\/www.360responsibletourism.com\/es\/wp-json\/wp\/v2\/pages"}],"about":[{"href":"https:\/\/www.360responsibletourism.com\/es\/wp-json\/wp\/v2\/types\/page"}],"author":[{"embeddable":true,"href":"https:\/\/www.360responsibletourism.com\/es\/wp-json\/wp\/v2\/users\/1"}],"replies":[{"embeddable":true,"href":"https:\/\/www.360responsibletourism.com\/es\/wp-json\/wp\/v2\/comments?post=60"}],"version-history":[{"count":2,"href":"https:\/\/www.360responsibletourism.com\/es\/wp-json\/wp\/v2\/pages\/60\/revisions"}],"predecessor-version":[{"id":192,"href":"https:\/\/www.360responsibletourism.com\/es\/wp-json\/wp\/v2\/pages\/60\/revisions\/192"}],"up":[{"embeddable":true,"href":"https:\/\/www.360responsibletourism.com\/es\/wp-json\/wp\/v2\/pages\/52"}],"wp:attachment":[{"href":"https:\/\/www.360responsibletourism.com\/es\/wp-json\/wp\/v2\/media?parent=60"}],"curies":[{"name":"wp","href":"https:\/\/api.w.org\/{rel}","templated":true}]}}