{"id":62,"date":"2014-06-26T12:33:21","date_gmt":"2014-06-26T15:33:21","guid":{"rendered":"http:\/\/www.360responsibletourism.com\/es\/?page_id=62"},"modified":"2014-07-12T11:33:02","modified_gmt":"2014-07-12T14:33:02","slug":"salud-y-clima","status":"publish","type":"page","link":"https:\/\/www.360responsibletourism.com\/es\/la-argentina\/informaciones-generales\/salud-y-clima\/","title":{"rendered":"Salud y Clima"},"content":{"rendered":"<p>En Argentina por lo general y en particular en las zonas hacia donde nos dirigimos, no existe ning\u00fan tipo de enfermedad end\u00e9mica que requiera de una prevenci\u00f3n espec\u00edfica o vacunas. El agua del grifo es potable en Buenos Aires y generalmente en toda la Argentina; ante casos espec\u00edficos los viajeros ser\u00e1n oportunamente informados y provistos de agua potable.<\/p>\n<table align=\"center\">\n<tbody>\n<tr>\n<td><img loading=\"lazy\" decoding=\"async\" class=\"aligncenter wp-image-399 size-medium\" src=\"http:\/\/www.360responsibletourism.com\/wp-content\/uploads\/2014\/05\/Bariloche19-300x225.jpg\" alt=\"Vestiario\" width=\"300\" height=\"225\" \/><\/td>\n<td><img loading=\"lazy\" decoding=\"async\" class=\"aligncenter wp-image-400 size-medium\" src=\"http:\/\/www.360responsibletourism.com\/wp-content\/uploads\/2014\/05\/grupo031-300x225.jpg\" alt=\"Vestiario\" width=\"300\" height=\"225\" \/><\/td>\n<td><img loading=\"lazy\" decoding=\"async\" class=\"aligncenter wp-image-401 size-medium\" src=\"http:\/\/www.360responsibletourism.com\/wp-content\/uploads\/2014\/05\/P1040204-300x225.jpg\" alt=\"Vestiario\" width=\"300\" height=\"225\" \/><\/td>\n<td><img loading=\"lazy\" decoding=\"async\" class=\"aligncenter wp-image-402 size-medium\" src=\"http:\/\/www.360responsibletourism.com\/wp-content\/uploads\/2014\/05\/P1040087_b-300x225.jpg\" alt=\"Vestiario\" width=\"300\" height=\"225\" \/><\/td>\n<\/tr>\n<\/tbody>\n<\/table>\n<p>La Argentina se encuentra en el hemisferio sur por lo que las estaciones est\u00e1n invertidas respecto a los en el hemisferio norte: cuando en uno de los dos pa\u00edses es verano en el otro es invierno y viceversa. Por lo general el clima de Buenos Aires, en el invierno es suave y en el verano se caracteriza por jornadas muy c\u00e1lidas y h\u00famedas. La provincia de Misiones se encuentra pegada al \u00e1rea subtropical y el clima es muy caluroso y h\u00famedo entre diciembre y marzo; y de 25 grados cent\u00edgrados en las otras estaciones. La altura influye de un modo determinante en el clima de la zona de Salta, Jujuy y Tucum\u00e1n, donde el calor de los valles se aten\u00faa en el altiplano y en la monta\u00f1a a 3000\/4000 m. Bajando hacia el sur el clima comienza a hacerse m\u00e1s fr\u00edo, hasta la regi\u00f3n de los glaciares y el clima austral ant\u00e1rtico de Tierra del Fuego. La costa atl\u00e1ntica, en Pen\u00ednsula Vald\u00e9s, tiene un clima fresco y con mucho viento, aunque atenuado entre noviembre y marzo.<br \/>\nSe aconseja una vestimenta de media estaci\u00f3n, deportiva y ligera para la zona Norte y una vestimenta m\u00e1s abrigada para el sur. Conviene llevar siempre: chubasquero liviano, calzado de trekking, abrigo en tela polar, sombrero y bufanda, ropa deportiva tipo \u201cchandal\u201d, ropa urbana de media estaci\u00f3n y un conjunto de noche para las salidas nocturnas en Buenos Aires.<br \/>\nSe aconseja filtro solar y gafas de sol.<\/p>\n<table align=\"center\">\n<tbody>\n<tr>\n<td><img loading=\"lazy\" decoding=\"async\" class=\"aligncenter wp-image-403 size-medium\" src=\"http:\/\/www.360responsibletourism.com\/wp-content\/uploads\/2014\/05\/P1040112_b-300x225.jpg\" alt=\"Vestiario\" width=\"300\" height=\"225\" \/><\/td>\n<td><img loading=\"lazy\" decoding=\"async\" class=\"aligncenter wp-image-404 size-medium\" src=\"http:\/\/www.360responsibletourism.com\/wp-content\/uploads\/2014\/05\/P2190121_b-300x225.jpg\" alt=\"Vestiario\" width=\"300\" height=\"225\" \/><\/td>\n<\/tr>\n<\/tbody>\n<\/table>\n","protected":false},"excerpt":{"rendered":"<p>En Argentina por lo general y en particular en las zonas hacia donde nos dirigimos, no existe ning\u00fan tipo de enfermedad end\u00e9mica que requiera de una prevenci\u00f3n espec\u00edfica o vacunas. El agua del grifo es potable en Buenos Aires y generalmente en toda la Argentina; ante casos espec\u00edficos los viajeros&#8230;<\/p>\n","protected":false},"author":1,"featured_media":0,"parent":52,"menu_order":0,"comment_status":"closed","ping_status":"closed","template":"","meta":{"footnotes":""},"_links":{"self":[{"href":"https:\/\/www.360responsibletourism.com\/es\/wp-json\/wp\/v2\/pages\/62"}],"collection":[{"href":"https:\/\/www.360responsibletourism.com\/es\/wp-json\/wp\/v2\/pages"}],"about":[{"href":"https:\/\/www.360responsibletourism.com\/es\/wp-json\/wp\/v2\/types\/page"}],"author":[{"embeddable":true,"href":"https:\/\/www.360responsibletourism.com\/es\/wp-json\/wp\/v2\/users\/1"}],"replies":[{"embeddable":true,"href":"https:\/\/www.360responsibletourism.com\/es\/wp-json\/wp\/v2\/comments?post=62"}],"version-history":[{"count":3,"href":"https:\/\/www.360responsibletourism.com\/es\/wp-json\/wp\/v2\/pages\/62\/revisions"}],"predecessor-version":[{"id":198,"href":"https:\/\/www.360responsibletourism.com\/es\/wp-json\/wp\/v2\/pages\/62\/revisions\/198"}],"up":[{"embeddable":true,"href":"https:\/\/www.360responsibletourism.com\/es\/wp-json\/wp\/v2\/pages\/52"}],"wp:attachment":[{"href":"https:\/\/www.360responsibletourism.com\/es\/wp-json\/wp\/v2\/media?parent=62"}],"curies":[{"name":"wp","href":"https:\/\/api.w.org\/{rel}","templated":true}]}}