{"id":64,"date":"2014-06-26T12:34:02","date_gmt":"2014-06-26T15:34:02","guid":{"rendered":"http:\/\/www.360responsibletourism.com\/es\/?page_id=64"},"modified":"2014-07-12T11:34:00","modified_gmt":"2014-07-12T14:34:00","slug":"seguridad","status":"publish","type":"page","link":"https:\/\/www.360responsibletourism.com\/es\/la-argentina\/informaciones-generales\/seguridad\/","title":{"rendered":"Seguridad"},"content":{"rendered":"<p>En lo que respecta a la seguridad se aconseja tomar los recaudos t\u00edpicos de cualquier gran ciudad o cuando se viaja con equipos de fotograf\u00eda, v\u00eddeo o dinero en efectivo.<\/p>\n<table align=\"center\">\n<tbody>\n<tr>\n<td><img loading=\"lazy\" decoding=\"async\" class=\"aligncenter wp-image-407 size-medium\" src=\"http:\/\/www.360responsibletourism.com\/wp-content\/uploads\/2014\/05\/BARRIOS_1-300x225.jpg\" alt=\"Sicurezza\" width=\"300\" height=\"225\" \/><\/td>\n<td><img loading=\"lazy\" decoding=\"async\" class=\"aligncenter wp-image-408 size-medium\" src=\"http:\/\/www.360responsibletourism.com\/wp-content\/uploads\/2014\/05\/P1020679_b-300x225.jpg\" alt=\"Sicurezza\" width=\"300\" height=\"225\" \/><\/td>\n<\/tr>\n<\/tbody>\n<\/table>\n<p>Sobre todo en Buenos Aires se aconseja viajar en taxis para cualquier desplazamiento nocturno, directamente fuera de los locales y no caminar por calles o zonas desiertas. No adentrarse en barrios perif\u00e9ricos y siempre buscar consejo en el acompa\u00f1ante local o en la administraci\u00f3n del Hotel, antes de dirigirse a un sitio.<\/p>\n<table align=\"center\">\n<tbody>\n<tr>\n<td><img loading=\"lazy\" decoding=\"async\" class=\"aligncenter wp-image-409 size-medium\" src=\"http:\/\/www.360responsibletourism.com\/wp-content\/uploads\/2014\/05\/P1020692_b-300x225.jpg\" alt=\"Sicurezza\" width=\"300\" height=\"225\" \/><\/td>\n<td><img loading=\"lazy\" decoding=\"async\" class=\"aligncenter wp-image-410 size-medium\" src=\"http:\/\/www.360responsibletourism.com\/wp-content\/uploads\/2014\/05\/P1020941_b-300x225.jpg\" alt=\"Sicurezza\" width=\"300\" height=\"225\" \/><\/td>\n<\/tr>\n<\/tbody>\n<\/table>\n","protected":false},"excerpt":{"rendered":"<p>En lo que respecta a la seguridad se aconseja tomar los recaudos t\u00edpicos de cualquier gran ciudad o cuando se viaja con equipos de fotograf\u00eda, v\u00eddeo o dinero en efectivo. Sobre todo en Buenos Aires se aconseja viajar en taxis para cualquier desplazamiento nocturno, directamente fuera de los locales y&#8230;<\/p>\n","protected":false},"author":1,"featured_media":0,"parent":52,"menu_order":0,"comment_status":"closed","ping_status":"closed","template":"","meta":{"footnotes":""},"_links":{"self":[{"href":"https:\/\/www.360responsibletourism.com\/es\/wp-json\/wp\/v2\/pages\/64"}],"collection":[{"href":"https:\/\/www.360responsibletourism.com\/es\/wp-json\/wp\/v2\/pages"}],"about":[{"href":"https:\/\/www.360responsibletourism.com\/es\/wp-json\/wp\/v2\/types\/page"}],"author":[{"embeddable":true,"href":"https:\/\/www.360responsibletourism.com\/es\/wp-json\/wp\/v2\/users\/1"}],"replies":[{"embeddable":true,"href":"https:\/\/www.360responsibletourism.com\/es\/wp-json\/wp\/v2\/comments?post=64"}],"version-history":[{"count":2,"href":"https:\/\/www.360responsibletourism.com\/es\/wp-json\/wp\/v2\/pages\/64\/revisions"}],"predecessor-version":[{"id":199,"href":"https:\/\/www.360responsibletourism.com\/es\/wp-json\/wp\/v2\/pages\/64\/revisions\/199"}],"up":[{"embeddable":true,"href":"https:\/\/www.360responsibletourism.com\/es\/wp-json\/wp\/v2\/pages\/52"}],"wp:attachment":[{"href":"https:\/\/www.360responsibletourism.com\/es\/wp-json\/wp\/v2\/media?parent=64"}],"curies":[{"name":"wp","href":"https:\/\/api.w.org\/{rel}","templated":true}]}}