{"id":66,"date":"2014-06-26T12:34:32","date_gmt":"2014-06-26T15:34:32","guid":{"rendered":"http:\/\/www.360responsibletourism.com\/es\/?page_id=66"},"modified":"2014-07-12T11:19:18","modified_gmt":"2014-07-12T14:19:18","slug":"costrumbres","status":"publish","type":"page","link":"https:\/\/www.360responsibletourism.com\/es\/la-argentina\/informaciones-generales\/costrumbres\/","title":{"rendered":"Costrumbres"},"content":{"rendered":"<p>La Argentina es definida como el m\u00e1s europeo de los pa\u00edses de Am\u00e9rica Latina, esto se debe a su compleja y reciente historia de naci\u00f3n que se ha conformado gracias a una masiva inmigraci\u00f3n europea desde 1880.<\/p>\n<table align=\"center\">\n<tbody>\n<tr>\n<td><img loading=\"lazy\" decoding=\"async\" class=\"aligncenter wp-image-413 size-medium\" src=\"http:\/\/www.360responsibletourism.com\/wp-content\/uploads\/2014\/05\/P10108091-300x225.jpg\" alt=\"Usi e costumi\" width=\"300\" height=\"225\" \/><\/td>\n<td><img loading=\"lazy\" decoding=\"async\" class=\"aligncenter wp-image-414 size-medium\" src=\"http:\/\/www.360responsibletourism.com\/wp-content\/uploads\/2014\/05\/P1020358-300x225.jpg\" alt=\"Usi e costumi\" width=\"300\" height=\"225\" \/><\/td>\n<\/tr>\n<\/tbody>\n<\/table>\n<p>La poblaci\u00f3n de Argentina se concentra en la ciudad de Buenos Aires, con m\u00e1s de 12 millones de personas, mientras en el resto del territorio, con una extensi\u00f3n de 2.766.889 km2, habitan 24 millones de personas. Existe una diferencia notable entre los habitantes de Buenos Aires, llamados \u201cporte\u00f1os\u201d (debido al hecho que Buenos Aires nace como ciudad puerto) y el resto de la poblaci\u00f3n denominada del \u201cinterior\u201d.<br \/>\nBuenos Aires tiene una oferta extraordinaria para el tiempo de ocio, con el tango en primer lugar, teatros de nivel internacional hasta espect\u00e1culos locales, eventos y fiestas t\u00edpicas de la zona en cada provincia. <\/p>\n<table align=\"center\">\n<tbody>\n<tr>\n<td><img loading=\"lazy\" decoding=\"async\" class=\"aligncenter wp-image-415 size-medium\" src=\"http:\/\/www.360responsibletourism.com\/wp-content\/uploads\/2014\/05\/usos-2-300x225.jpg\" alt=\"Usi e costumi\" width=\"300\" height=\"225\" \/><\/td>\n<td><img loading=\"lazy\" decoding=\"async\" class=\"aligncenter wp-image-416 size-medium\" src=\"http:\/\/www.360responsibletourism.com\/wp-content\/uploads\/2014\/05\/usos_b-300x199.jpg\" alt=\"Usi e costumi\" width=\"300\" height=\"199\" \/><\/td>\n<\/tr>\n<\/tbody>\n<\/table>\n<p>En la Argentina es costumbre saludarse con un beso en la mejilla, incluso con personas totalmente desconocidas y a las que nos presentan por primera vez. Por lo general esto sucede tambi\u00e9n entre varones, aunque a veces la primera vez se saluda con la mano y con beso las sucesivas. Cuando se termina un encuentro, nuevamente se saluda con un beso en la mejilla y un \u201cchau\u201d.<br \/>\nLa bebida nacional es el mate, que merecer\u00eda un cap\u00edtulo aparte. Es una infusi\u00f3n que necesita de unos instrumentos especiales para su consumo; el mate propiamente dicho que es un recipiente y la bombilla, que es una especie de tubo con el que se absorbe la infusi\u00f3n. La yerba mate es la hierba utilizada para hacer el mate y se cultiva en la regi\u00f3n noreste del pa\u00eds, en las provincias de Misiones y Corrientes.<\/p>\n<table align=\"center\">\n<tbody>\n<tr>\n<td><img loading=\"lazy\" decoding=\"async\" class=\"aligncenter wp-image-417 size-medium\" src=\"http:\/\/www.360responsibletourism.com\/wp-content\/uploads\/2014\/05\/P1000556-300x225.jpg\" alt=\"Usi e costumi\" width=\"300\" height=\"225\" \/><\/td>\n<td><img loading=\"lazy\" decoding=\"async\" class=\"aligncenter wp-image-418 size-medium\" src=\"http:\/\/www.360responsibletourism.com\/wp-content\/uploads\/2014\/05\/Laboca_b-300x225.jpg\" alt=\"Usi e costumi\" width=\"300\" height=\"225\" \/><\/td>\n<\/tr>\n<\/tbody>\n<\/table>\n<p>En la Argentina se habla el idioma castellano, con algunas diferencias respecto al que se habla en Espa\u00f1a. En lugar de \u201ctu\u201d se utiliza el \u201cvos\u201d. Existe un vocabulario t\u00edpico de la ciudad de Buenos Aires llamado \u201clunfardo\u201d, nacido al comp\u00e1s del tango y la vida en los suburbios. El espa\u00f1ol com\u00fan se comprende al 100%. Es f\u00e1cil encontrar personas que entiendan el italiano y que incluso lo hablen un poquito.<br \/>\nNo existen problemas particulares para tomar fotograf\u00edas, siempre dentro del sentido com\u00fan y la buena educaci\u00f3n. Durante la visita a las comunidades ind\u00edgenas, se debe siempre consultar con el gu\u00eda. Los paisajes que se visitan en las Cataratas del Iguaz\u00fa, las ballenas de Pen\u00ednsula Vald\u00e9s y los paisajes andinos del oeste o de la Patagonia ofrecen un espect\u00e1culo \u00fanico que atraen a fot\u00f3grafos de todo el mundo.<\/p>\n<table align=\"center\">\n<tbody>\n<tr>\n<td><img loading=\"lazy\" decoding=\"async\" class=\"aligncenter wp-image-419 size-medium\" src=\"http:\/\/www.360responsibletourism.com\/wp-content\/uploads\/2014\/05\/P1030180-300x225.jpg\" alt=\"Usi e costumi\" width=\"300\" height=\"225\" \/><\/td>\n<td><img loading=\"lazy\" decoding=\"async\" class=\"aligncenter wp-image-420 size-medium\" src=\"http:\/\/www.360responsibletourism.com\/wp-content\/uploads\/2014\/05\/P1090797-300x225.jpg\" alt=\"Usi e costumi\" width=\"300\" height=\"225\" \/><\/td>\n<\/tr>\n<\/tbody>\n<\/table>\n","protected":false},"excerpt":{"rendered":"<p>La Argentina es definida como el m\u00e1s europeo de los pa\u00edses de Am\u00e9rica Latina, esto se debe a su compleja y reciente historia de naci\u00f3n que se ha conformado gracias a una masiva inmigraci\u00f3n europea desde 1880. La poblaci\u00f3n de Argentina se concentra en la ciudad de Buenos Aires, con&#8230;<\/p>\n","protected":false},"author":1,"featured_media":0,"parent":52,"menu_order":0,"comment_status":"closed","ping_status":"closed","template":"","meta":{"footnotes":""},"_links":{"self":[{"href":"https:\/\/www.360responsibletourism.com\/es\/wp-json\/wp\/v2\/pages\/66"}],"collection":[{"href":"https:\/\/www.360responsibletourism.com\/es\/wp-json\/wp\/v2\/pages"}],"about":[{"href":"https:\/\/www.360responsibletourism.com\/es\/wp-json\/wp\/v2\/types\/page"}],"author":[{"embeddable":true,"href":"https:\/\/www.360responsibletourism.com\/es\/wp-json\/wp\/v2\/users\/1"}],"replies":[{"embeddable":true,"href":"https:\/\/www.360responsibletourism.com\/es\/wp-json\/wp\/v2\/comments?post=66"}],"version-history":[{"count":4,"href":"https:\/\/www.360responsibletourism.com\/es\/wp-json\/wp\/v2\/pages\/66\/revisions"}],"predecessor-version":[{"id":191,"href":"https:\/\/www.360responsibletourism.com\/es\/wp-json\/wp\/v2\/pages\/66\/revisions\/191"}],"up":[{"embeddable":true,"href":"https:\/\/www.360responsibletourism.com\/es\/wp-json\/wp\/v2\/pages\/52"}],"wp:attachment":[{"href":"https:\/\/www.360responsibletourism.com\/es\/wp-json\/wp\/v2\/media?parent=66"}],"curies":[{"name":"wp","href":"https:\/\/api.w.org\/{rel}","templated":true}]}}