{"id":680,"date":"2014-12-29T10:30:49","date_gmt":"2014-12-29T13:30:49","guid":{"rendered":"http:\/\/www.360responsibletourism.com\/es\/?page_id=680"},"modified":"2020-07-24T09:35:15","modified_gmt":"2020-07-24T12:35:15","slug":"viajes-en-argentina","status":"publish","type":"page","link":"https:\/\/www.360responsibletourism.com\/es\/viajes-en-argentina\/","title":{"rendered":"Viajes en Argentina"},"content":{"rendered":"<p><strong><i>Argentina es como un peque\u00f1o continente, con casi 4.000km de norte a sur, y cerca de 1.500km de este a oeste. Abarca 33\u00b0 de latitud y casi 20\u00b0 de longitud \u00a1Sin mencionar la Ant\u00e1rtida!<br \/>\nEste pa\u00eds tiene paisajes, climas y ecosistemas para todos los gustos. Al estar en el hemisferio sur, las estaciones se encuentran invertidas con las de Europa. Por lo tanto, de abril a octubre es mejor visitar el norte, mientras que de octubre a marzo el sur.<br \/>\nArgentina es una Rep\u00fablica Federal dividida en 23 Provincias, agrupadas en una nomenclatura tur\u00edstica que utilizaremos para esquematizar las innumerables posibilidades de rutas: Patagonia, Noroeste y Nordeste. Muchos de los itinerarios cruzan las fronteras de ida y vuelta. Con Chile, a trav\u00e9s de los Andes; tanto en la Patagonia como en la Puna; y con Brasil en las Cataratas del Iguaz\u00fa. Tambi\u00e9n est\u00e1 la ciudad de Buenos Aires y sus vastos alrededores pampeanos.<br \/>\n<\/i><\/strong><\/p>\n<h6><\/h6>\n<h6 style=\"text-align: center;\">Presentamos algunas de nuestras propuestas para cada \u00e1rea. Las posibilidades de combinar los diferentes itinerarios son casi infinitas. Varios medios de transporte, m\u00e1s o menos cantidad de d\u00edas, con o sin gu\u00eda &#8230; \u00a1T\u00fa decides!<\/h6>\n<h6><\/h6>\n\r\n            \r\n            \r\n            \r\n            <a name='map1'><\/a>\r\n            \r\n            \r\n            \r\n            \r\n            <div class=\"wpgmza_map \"  id=\"wpgmza_map_1\" style=\"display:block; overflow:auto; width:100%; height:280px; float:left;\" data-settings='{\"id\":\"1\",\"map_title\":\"Argentina\",\"map_width\":\"100\",\"map_height\":\"280\",\"map_start_lat\":\"-37.717483\",\"map_start_lng\":\"-63.427226\",\"map_start_location\":\"-37.717483109584705,-63.427225500000006\",\"map_start_zoom\":\"4\",\"default_marker\":\"{\\\"url\\\":\\\"\\\\\\\/\\\\\\\/www.360responsibletourism.com\\\\\\\/wp-content\\\\\\\/uploads\\\\\\\/2014\\\\\\\/07\\\\\\\/footprint.png\\\",\\\"retina\\\":0}\",\"type\":\"3\",\"alignment\":\"2\",\"directions_enabled\":\"0\",\"styling_enabled\":\"0\",\"styling_json\":\"\",\"active\":\"0\",\"kml\":\"\",\"bicycle\":\"0\",\"traffic\":\"0\",\"dbox\":\"1\",\"dbox_width\":\"250\",\"listmarkers\":\"0\",\"listmarkers_advanced\":\"0\",\"filterbycat\":\"0\",\"ugm_enabled\":\"0\",\"ugm_category_enabled\":\"0\",\"fusion\":\"\",\"map_width_type\":\"\\\\%\",\"map_height_type\":\"px\",\"mass_marker_support\":\"1\",\"ugm_access\":\"0\",\"order_markers_by\":\"1\",\"order_markers_choice\":\"2\",\"show_user_location\":\"2\",\"default_to\":\"\",\"other_settings\":{\"store_locator_style\":\"legacy\",\"wpgmza_store_locator_radius_style\":\"legacy\",\"directions_box_style\":\"default\",\"show_distance_from_location\":0,\"map_max_zoom\":\"3\",\"map_min_zoom\":\"21\",\"sl_stroke_color\":\"\",\"sl_stroke_opacity\":\"\",\"sl_fill_color\":\"\",\"sl_fill_opacity\":\"\",\"jump_to_nearest_marker_on_initialization\":0,\"automatically_pan_to_users_location\":0,\"override_users_location_zoom_level\":0,\"click_open_link\":2,\"hide_point_of_interest\":false,\"fit_maps_bounds_to_markers\":false,\"fit_maps_bounds_to_markers_after_filtering\":false,\"wpgmza_auto_night\":0,\"transport_layer\":0,\"polygon_labels\":false,\"enable_marker_ratings\":false,\"iw_primary_color\":\"2A3744\",\"iw_accent_color\":\"252F3A\",\"iw_text_color\":\"FFFFFF\",\"wpgmza_iw_type\":\"0\",\"list_markers_by\":\"0\",\"push_in_map\":\"\",\"push_in_map_placement\":\"9\",\"wpgmza_push_in_map_width\":\"\",\"wpgmza_push_in_map_height\":\"\",\"wpgmza_theme_data\":\"[{\\\\\\\"featureType\\\\\\\":\\\\\\\"administrative\\\\\\\",\\\\\\\"stylers\\\\\\\":[{\\\\\\\"visibility\\\\\\\":\\\\\\\"off\\\\\\\"}]},{\\\\\\\"featureType\\\\\\\":\\\\\\\"poi\\\\\\\",\\\\\\\"stylers\\\\\\\":[{\\\\\\\"visibility\\\\\\\":\\\\\\\"simplified\\\\\\\"}]},{\\\\\\\"featureType\\\\\\\":\\\\\\\"road\\\\\\\",\\\\\\\"elementType\\\\\\\":\\\\\\\"labels\\\\\\\",\\\\\\\"stylers\\\\\\\":[{\\\\\\\"visibility\\\\\\\":\\\\\\\"simplified\\\\\\\"}]},{\\\\\\\"featureType\\\\\\\":\\\\\\\"water\\\\\\\",\\\\\\\"stylers\\\\\\\":[{\\\\\\\"visibility\\\\\\\":\\\\\\\"simplified\\\\\\\"}]},{\\\\\\\"featureType\\\\\\\":\\\\\\\"transit\\\\\\\",\\\\\\\"stylers\\\\\\\":[{\\\\\\\"visibility\\\\\\\":\\\\\\\"simplified\\\\\\\"}]},{\\\\\\\"featureType\\\\\\\":\\\\\\\"landscape\\\\\\\",\\\\\\\"stylers\\\\\\\":[{\\\\\\\"visibility\\\\\\\":\\\\\\\"simplified\\\\\\\"}]},{\\\\\\\"featureType\\\\\\\":\\\\\\\"road.highway\\\\\\\",\\\\\\\"stylers\\\\\\\":[{\\\\\\\"visibility\\\\\\\":\\\\\\\"off\\\\\\\"}]},{\\\\\\\"featureType\\\\\\\":\\\\\\\"road.local\\\\\\\",\\\\\\\"stylers\\\\\\\":[{\\\\\\\"visibility\\\\\\\":\\\\\\\"on\\\\\\\"}]},{\\\\\\\"featureType\\\\\\\":\\\\\\\"road.highway\\\\\\\",\\\\\\\"elementType\\\\\\\":\\\\\\\"geometry\\\\\\\",\\\\\\\"stylers\\\\\\\":[{\\\\\\\"visibility\\\\\\\":\\\\\\\"on\\\\\\\"}]},{\\\\\\\"featureType\\\\\\\":\\\\\\\"water\\\\\\\",\\\\\\\"stylers\\\\\\\":[{\\\\\\\"color\\\\\\\":\\\\\\\"#84afa3\\\\\\\"},{\\\\\\\"lightness\\\\\\\":52}]},{\\\\\\\"stylers\\\\\\\":[{\\\\\\\"saturation\\\\\\\":-17},{\\\\\\\"gamma\\\\\\\":0.36}]},{\\\\\\\"featureType\\\\\\\":\\\\\\\"transit.line\\\\\\\",\\\\\\\"elementType\\\\\\\":\\\\\\\"geometry\\\\\\\",\\\\\\\"stylers\\\\\\\":[{\\\\\\\"color\\\\\\\":\\\\\\\"#3f518c\\\\\\\"}]}]\",\"upload_default_ul_marker\":\"\",\"upload_default_sl_marker\":\"\",\"wpgmza_dbox_width_type\":\"px\",\"default_from\":\"\",\"directions_behaviour\":\"default\",\"force_google_directions_app\":false,\"directions_route_origin_icon\":\"http:\\\/\\\/www.360responsibletourism.com\\\/es\\\/wp-content\\\/plugins\\\/wp-google-maps\\\/images\\\/spotlight-poi2.png\",\"retina\":false,\"directions_route_destination_icon\":\"http:\\\/\\\/www.360responsibletourism.com\\\/es\\\/wp-content\\\/plugins\\\/wp-google-maps\\\/images\\\/spotlight-poi2.png\",\"directions_route_stroke_color\":\"#4f8df5\",\"directions_route_stroke_weight\":\"4\",\"directions_route_stroke_opacity\":\"0.8\",\"enable_advanced_custom_fields_integration\":false,\"enable_toolset_woocommerce_integration\":false,\"shortcodeAttributes\":{\"id\":\"1\"}}}' data-map-id='1' data-shortcode-attributes='{\"id\":\"1\"}'> <\/div>\r\n            \r\n               \r\n        \n<h2 style=\"text-align: center;\">Patagonia<\/h2>\n<p><b>\u201c\u00a1Finalmente! \u00a1Qu\u00e9 emoci\u00f3n, finalmente la Patagonia!\u00bb<\/b> As\u00ed reaccion\u00f3 uno de nuestros viajeros frente a esta tierra, inmensa, desolada y hermosa, que se extiende desde el Oc\u00e9ano Atl\u00e1ntico hasta los Andes, que encuentra sus l\u00edmites entre glaciares y estepas, ping\u00fcinos y ballenas, arboledas impenetrables, araucarias, restos de dinosaurios y bosques petrificados \u2026 en definitiva, un sue\u00f1o, un deseo que se convierte en realidad \u00a1un viaje a la Patagonia!<br \/>\nNuestras propuestas para visitar la Patagonia no se restringen a los lugares \u201cimperdibles\u201d, y espectaculares como Ushuaia, Glaciar Perito Moreno o Pen\u00ednsula Vald\u00e9s. Alentamos a nuestros viajeros a seguir los pasos de los habitantes de esta vasta y lejana regi\u00f3n, para llegar a los rincones adonde los paisajes emanan naturaleza y paz, los animales corren libremente, los vestigios geol\u00f3gicos muestran la historia de la tierra; y la gastronom\u00eda t\u00edpica finalmente nos trae de vuelta con los pies debajo de la mesa!<br \/>\nLos largos y agotadores recorridos de estos caminos infinitos, tambi\u00e9n ofrecen la posibilidad de comprender el verdadero tama\u00f1o, la demograf\u00eda y la realidad social de la genuina Patagonia.<br \/>\n<a href=\"http:\/\/www.360responsibletourism.com\/wp-content\/uploads\/2020\/04\/Patagonia.jpg\"><img loading=\"lazy\" decoding=\"async\" class=\"aligncenter size-full wp-image-2099\" src=\"http:\/\/www.360responsibletourism.com\/wp-content\/uploads\/2020\/04\/Patagonia.jpg\" alt=\"Glaciar Perito Moreno\" width=\"2100\" height=\"638\"><\/a><\/p>\n<table align=\"center\" bgcolor=\"#f49535\">\n<tbody>\n<tr>\n<td width=\"20%\"><a title=\"Patagonia Imperdible\" href=\"http:\/\/www.360responsibletourism.com\/es\/2020\/07\/24\/patagonia-imperdible\/\"><strong>Patagonia Imperdible<\/strong><\/a><\/td>\n<td width=\"65%\">Ushuaia \u2013 Glaciar Perito Moreno \u2013Peninsula Valdes<\/td>\n<td width=\"15%\"><strong>13 gg<\/strong><\/td>\n<\/tr>\n<tr>\n<td width=\"20%\"><a title=\"Variantes\" href=\"http:\/\/www.360responsibletourism.com\/es\/2020\/07\/24\/variantes-del-itinerario\/\"><strong>Variantes del itinerario<\/strong><\/a><\/td>\n<td width=\"65%\">Estrecho de Magallanes &#8211; Punta Arenas\/Parque Torres del Paine &#8211; Cueva de las Manos &#8211; Paso Roballo\/Catedrales de marmol &#8211; Bosque Pietrificado Sarmiento \u2013 Camarones: Reserva Provincial Cabo Dos Bah\u00edas &#8211; Puerto Deseado: La Ria, Mirador Darwin e Isla Ping\u00fcino &#8211; Monumento Nazional Bosquw Petrificado &#8211; Porto San Juli\u00e1n \u2013 Parque Nacional Monte Le\u00f3n<\/td>\n<td width=\"15%\"><\/td>\n<\/tr>\n<tr>\n<td width=\"20%\"><a title=\"Meseta de Somuncur\u00e1\" href=\"http:\/\/www.360responsibletourism.com\/es\/2020\/07\/24\/meseta-de-somuncura\/\"><strong>Meseta de Somuncur\u00e1<\/strong><\/a><\/td>\n<td width=\"65%\">Bariloche \u2013 Meseta Somoncur\u00e0 \u2013 Los Menucos<\/td>\n<td width=\"15%\"><strong>5 gg<\/strong><\/td>\n<\/tr>\n<tr>\n<td width=\"20%\"><a title=\"Volcanes, Araucarias y Pehuenches\" href=\"http:\/\/www.360responsibletourism.com\/es\/2020\/07\/24\/volcanes-araucarias-y-pehuenches\/\"><strong>Volcanes, Araucarias y Pehuenches<\/strong><\/a><\/td>\n<td width=\"65%\">Copahue \u2013 Caviahue &#8211; Neuqu\u00e8n<\/td>\n<td width=\"15%\"><strong>8 gg<\/strong><\/td>\n<\/tr>\n<\/tbody>\n<\/table>\n<h2 id=\"post-title\" class=\"entry-title post-89 page type-page status-publish hentry\" style=\"text-align: center;\">Viajes en el Noroeste<\/h2>\n<p>Esta es una tierra caracterizada por los colores, el agua, el polvo y los sabores contundentes de su gastronom\u00eda. Pero por sobre todas las cosas, se destacan los rostros y las personalidades de sus diferentes grupos \u00e9tnicos, de una rica cultura ancestral y una espiritualidad f\u00e9rrea y sabia. El paisaje, el clima y los semblantes de las personas cambian totalmente a casi 2000km de distancia al oeste de Buenos Aires.<br \/>\nEl \u00abCAMINO REAL\u00bb, que un\u00eda Lima con Buenos Aires en la era de la colonia espa\u00f1ola, marc\u00f3 con su historia una serie de ciudades, incluyendo Tucum\u00e1n, SALTA y San Salvador de Jujuy. Luego est\u00e1n La Rioja, San Juan, Mendoza y C\u00f3rdoba. Recorreremos esta ruta tras los restos de la arquitectura t\u00edpica colonial, pasando por las aldeas de los valles f\u00e9rtiles al pie de los Andes.<br \/>\nLa QUEBRADA DE HUMAHUACA, declarada Patrimonio de la Humanidad debido a la presencia de una cultura preincaica a\u00fan viva, junto al altiplano, sus paisajes lunares pero llenos de color, y las ordenadas filas de los vi\u00f1edos forman un cuadro \u00fanico. Pasando del mito de Pachamama a la triste realidad de los desastres ambientales con las minas de oro; y de valorar las culturas ancestrales a las luchas sociales, contra un sistema a veces casi feudal. La PUNA es una extensa superficie del altiplano, a 3500 metros sobre el nivel del mar, rodeada de monta\u00f1as de entre 5000 y 6000 metros que caracterizan esta parte de la frontera entre Argentina y Chile. Los grandes salitres son como espejismos blancos que adornan los valles entre polvos met\u00e1licos de colores.<br \/>\n<a href=\"http:\/\/www.360responsibletourism.com\/wp-content\/uploads\/2020\/04\/Nord-ovest.jpg\"><img loading=\"lazy\" decoding=\"async\" class=\"aligncenter size-full wp-image-2098\" src=\"http:\/\/www.360responsibletourism.com\/wp-content\/uploads\/2020\/04\/Nord-ovest.jpg\" alt=\"Nord ovest\" width=\"2100\" height=\"636\"><\/a><\/p>\n<h2 id=\"post-title\" class=\"entry-title post-89 page type-page status-publish hentry\" style=\"text-align: center;\">Viajes en el Noreste<\/h2>\n<p>El noreste es un mundo acu\u00e1tico que fluye sin descanso y lentamente se convierte en r\u00edos, arroyos, gotas de agua suspendidas, niebla e incluso vapor, hasta convertirse nuevamente en agua pura: las CATARATAS DEL IGUAZU. El noreste es un de juego luz y colores con la selva, mezclando los reflejos azul verdosos del agua que se funden con el rojo de su tierra, un universo agitado por las mariposas y repleto de flores. El noreste es la tierra de los GUARAN\u00ccES y de su historia: las MISIONES JESU\u00cdTICAS. Entramos en un mundo primitivo y delicado, donde sobresalen la fuerza de la naturaleza y sus guardianes ancestrales. Nuestras propuestas para visitar la \u00abregi\u00f3n del agua\u00bb superan los lugares m\u00e1s conocidos. Iremos adonde las aguas brillan con vida, IBER\u00c0 significa agua brillante en el idioma guaran\u00ed. Entre la abundancia de agua y el clima c\u00e1lido veremos plantas que se regeneran de manera continua y avistaremos animales f\u00e1cilmente: lagartos (jacar\u00e9s), tapires; venados e interminables especies de aves. Es una inmensidad de vida impregnada de agua, tambi\u00e9n est\u00e1n los gauchos, el folklore, los atardeceres rojos y la calma de la noche &#8230;<br \/>\n<a href=\"http:\/\/www.360responsibletourism.com\/wp-content\/uploads\/2020\/04\/Nord-est.jpg\"><img loading=\"lazy\" decoding=\"async\" class=\"aligncenter size-full wp-image-2097\" src=\"http:\/\/www.360responsibletourism.com\/wp-content\/uploads\/2020\/04\/Nord-est.jpg\" alt=\"Iguaz\u00f9\" width=\"2000\" height=\"654\"><\/a><\/p>\n<h2 id=\"post-title\" class=\"entry-title post-89 page type-page status-publish hentry\" style=\"text-align: center;\">Viajes a Buenos Aires<\/h2>\n<p>Los turistas de 360\u00b0 recorren la ciudad como un PORTE\u00d1O de buen humor que un d\u00eda mira hacia arriba y descubre su ciudad. Porte\u00f1o, le llaman en Argentina a los habitantes de la ciudad de Buenos Aires. Descubrir\u00e1n edificios de estilos heterog\u00e9neos, destellos de luz en los techos, los rostros de las personas, las broncas y las sonrisas, los productos en los puestos de un mercado y en las tiendas de lujo. No ir\u00e1n sentados en un bus tur\u00edstico, as\u00e9pticos y aislados. Proponemos una visita de la ciudad desde el punto de vista hist\u00f3rico-social, profundizando en temas como el movimiento de las F\u00e1bricas Recuperadas, los derechos humanos, MADRES DE PLAZA DE MAYO; centros clandestinos de detenci\u00f3n, teatro comunitario y TANGO. Dependiendo del tiempo y los intereses de los viajeros, la Ciudad de Buenos Aires ofrece muchas posibilidades de recorridos&#8230; \u00a1T\u00fa decides!<a href=\"http:\/\/www.360responsibletourism.com\/wp-content\/uploads\/2020\/04\/IMG_2065.jpg\"><img loading=\"lazy\" decoding=\"async\" class=\"aligncenter size-full wp-image-2096\" src=\"http:\/\/www.360responsibletourism.com\/wp-content\/uploads\/2020\/04\/IMG_2065.jpg\" alt=\"La Boca\" width=\"2100\" height=\"621\"><\/a><\/p>\n<h2 style=\"text-align: center;\">La provincia<\/h2>\n<p>A las afueras del Gran Buenos Aires, compuesto por una extensi\u00f3n urbanizada de casi 100km de radio desde el centro de la ciudad, el paisaje est\u00e1 monopolizado por una llanura verde, que se une al cielo en el horizonte. Ganado que pasta libremente y extensiones de campos cultivados alternan con casas aisladas rodeadas de \u00e1rboles. Al norte, el DELTA infinito del RIO PARANA. Al costado de los caminos pavimentados es com\u00fan cruzamos con GAUCHOS a caballo. Podemos visitar pueblos atravesados por las v\u00edas del abandonado FERROCARIL, all\u00ed tambi\u00e9n encontramos LA PULPERIA y el almac\u00e9n de RAMOS GENERALES. En toda esta provincia solo hay dos zonas monta\u00f1osas, caracterizadas por montes y arroyos: la Sierra de Tandil y las Sierras la Ventana. Los lugares que proponemos est\u00e1n fuera de las principales rutas tur\u00edsticas, y son como esos miles de \u00abrincones\u00bb tan queridos de nuestro propio pa\u00eds. Desde Buenos Aires se puede acceder en autob\u00fas f\u00e1cilmente a cada uno de estos itinerarios, el tiempo requerido es de 1 a 4 d\u00edas cada uno.<br \/>\n<a href=\"http:\/\/www.360responsibletourism.com\/wp-content\/uploads\/2020\/04\/Provincia-BA.jpg\"><img loading=\"lazy\" decoding=\"async\" class=\"aligncenter size-full wp-image-2095\" src=\"http:\/\/www.360responsibletourism.com\/wp-content\/uploads\/2020\/04\/Provincia-BA.jpg\" alt=\"Provincia BA\" width=\"2100\" height=\"618\"><\/a><\/p>\n","protected":false},"excerpt":{"rendered":"<p>Argentina es como un peque\u00f1o continente, con casi 4.000km de norte a sur, y cerca de 1.500km de este a oeste. Abarca 33\u00b0 de latitud y casi 20\u00b0 de longitud \u00a1Sin mencionar la Ant\u00e1rtida! Este pa\u00eds tiene paisajes, climas y ecosistemas para todos los gustos. Al estar en el hemisferio&#8230;<\/p>\n","protected":false},"author":1,"featured_media":0,"parent":0,"menu_order":0,"comment_status":"closed","ping_status":"closed","template":"page-fullwidth.php","meta":{"footnotes":""},"_links":{"self":[{"href":"https:\/\/www.360responsibletourism.com\/es\/wp-json\/wp\/v2\/pages\/680"}],"collection":[{"href":"https:\/\/www.360responsibletourism.com\/es\/wp-json\/wp\/v2\/pages"}],"about":[{"href":"https:\/\/www.360responsibletourism.com\/es\/wp-json\/wp\/v2\/types\/page"}],"author":[{"embeddable":true,"href":"https:\/\/www.360responsibletourism.com\/es\/wp-json\/wp\/v2\/users\/1"}],"replies":[{"embeddable":true,"href":"https:\/\/www.360responsibletourism.com\/es\/wp-json\/wp\/v2\/comments?post=680"}],"version-history":[{"count":8,"href":"https:\/\/www.360responsibletourism.com\/es\/wp-json\/wp\/v2\/pages\/680\/revisions"}],"predecessor-version":[{"id":936,"href":"https:\/\/www.360responsibletourism.com\/es\/wp-json\/wp\/v2\/pages\/680\/revisions\/936"}],"wp:attachment":[{"href":"https:\/\/www.360responsibletourism.com\/es\/wp-json\/wp\/v2\/media?parent=680"}],"curies":[{"name":"wp","href":"https:\/\/api.w.org\/{rel}","templated":true}]}}