{"id":70,"date":"2014-06-26T12:36:15","date_gmt":"2014-06-26T15:36:15","guid":{"rendered":"http:\/\/www.360responsibletourism.com\/es\/?page_id=70"},"modified":"2015-02-05T11:00:48","modified_gmt":"2015-02-05T14:00:48","slug":"patagonia-andina","status":"publish","type":"page","link":"https:\/\/www.360responsibletourism.com\/es\/la-argentina\/la-patagonia\/patagonia-andina\/","title":{"rendered":"Patagonia andina"},"content":{"rendered":"<p>La Patagonia Andina se caracteriza por la presencia de cadenas monta\u00f1osas con cimas que alcanzan los 3.500 metros sobre el nivel de mar, abundantes precipitaciones, r\u00edos, lagos, bosque y glaciares. El bosque comprende varias especies entre las cuales el coihue, el cedro, el pehuen, el \u00f1ire, la lenga, el radal y el notro. Es una zona de Parques Nacionales, entre los que se destacan el Parque Nacional Lanin, el Parque Nacional Nahuel Huapi, el primer Parque Nacional de la Argentina con una extensi\u00f3n de 750.000 hect\u00e1reas y el Parque Nacional Los Alerces donde se pueden visitar los alerces milenarios de una belleza monumental. El clima var\u00eda de templado a muy fr\u00edo con precipitaciones que disminuyen de manera brusca en la direcci\u00f3n oeste-este de 4000 a 1000 mm en menos de 50 Km. por el efecto de las cadenas monta\u00f1osas. Alej\u00e1ndose hacia el Este se encuentra el \u201cecotono\u201d, una zona de transici\u00f3n qe lentamente se vuelve en estepa.<br \/>\n<img loading=\"lazy\" decoding=\"async\" class=\"aligncenter wp-image-431 size-large\" src=\"http:\/\/www.360responsibletourism.com\/wp-content\/uploads\/2014\/05\/Araucaria-frutto-albero-femmina-e1423144493740-1024x320.jpg\" alt=\"Araucaria, frutto, albero femmina\" width=\"1024\" height=\"320\" \/><\/p>\n<h2>Los Mapuches<\/h2>\n<p>Texto de Ignacio F. Prafil \u2013 Coike Pvrafilu. Coordinador General para la Coordinaci\u00f3n de la Convivencia Ancestral con las Comunidades Mapuche.<br \/>\n\u201cFey Puel Mapu &#8211; En el Territorio del Este -, de donde sale el Sol -Antv- vive el gran Pueblo Naci\u00f3n Mapuche: somos una sociedad milenaria que tenemos una cosmovisi\u00f3n, lengua, ceremonias, culturas, arte, educaci\u00f3n, salud, autoridades ancestrales, territorio, estilo de vida y organizaci\u00f3n propia, la que se desarrollo como Naci\u00f3n de manera libre, independiente y soberana en gran parte de los territorios que se conoce hoy en d\u00eda como el Estado Federal Argentino y Chileno, siendo el \u00fanico Pueblo Originario en Am\u00e9rica que logr\u00f3 resistir a la invasi\u00f3n de la corona espa\u00f1ola entres los siglos 16 hasta fines del 19.<br \/>\nA principios del siglo XX, con posterioridad a estas invasiones b\u00e9licas en nuestro territorio mapuche, los estados de Argentina y Chile junto a varios Estados Europeos acuerdan una nueva pol\u00edtica colonialista para estas zonas geogr\u00e1ficas, principalmente en el Sur, lo que se concreta con la llegada de miles de \u201ccolonos\u201d principalmente desde Alemania, Italia, Suiza, Holanda y Espa\u00f1a, entre otros quienes ocuparon a t\u00edtulo gratuito grandes extensiones de territorio Mapuche.<br \/>\nHoy la mayor parte de estos territorios est\u00e1n en posesi\u00f3n de grandes grupos econ\u00f3micos, como empresas forestales, pesquera, minera, petrolera, hidroel\u00e9ctrica, enormes proyectos tur\u00edsticos o latifundios de colonos descendientes de europeos a cargo de administrar enormes compa\u00f1\u00edas transnacionales.<br \/>\nEl Pueblo Naci\u00f3n Mapuche, en nuestra justa lucha por la recuperaci\u00f3n de nuestros territorios y dignidad, as\u00ed como en el ejercicio de nuestros derechos fundamentales en los pol\u00edticos, civiles y sociales es v\u00edctima de una constante y sistem\u00e1tica violaci\u00f3n de los derechos humanos, concretado en el encarcelamiento de los actores y la judicializaci\u00f3n de las demandas, tanto en Argentina como Chile.<br \/>\nEn cada una de las Comunidades en que nos volvimos a constituir, tenemos nuestra propias forma de funcionar, en alguna casi se ha perdido totalmente la forma del ser mapuche, poco se habla la lengua, poco se pr\u00e1ctica la Ceremonias Milenarias, pero siempre existe el esp\u00edritu comunitario desde la forma de trabajar hasta la forma de pensar. Pero como as\u00ed tambi\u00e9n cada Comunidades Pu Lofce- tienen su propio significado en nuestra lengua.<br \/>\nEl Ser mapuche no significa \u00fanicamente el tener un nombre o apellido mapuche, ni tampoco significa Gente de la Tierra, significa Hijo del entorno natural- Mapu- es Aire, viento, Lluvia, Nieve, R\u00edos, Lagos, Mar, Piedras, Cerros, Plantas, Vegetaciones, Animales, Nubes, cielos, Astrolog\u00edas, Recursos tangible e intangible, Aguas y Che somos nosotros los seres humanos formados de todas estas fuerzas naturales si estas fuerzas no existieran nosotros tampoco podr\u00edamos existir, por eso nosotros tenemos en claro 4 cosas elementales, Tuwvn-procedencia y ascendencia, Kvpalme-origen de nuestra familia y nuestro Ser, Kempen- el canto sagrado de nuestro linaje, Tayiel- el canto sagrado de cada uno de nosotros, sabemos de donde venimos, por que estamos aqu\u00ed y hacia donde vamos.\u201d<br \/>\nLuego de la \u201cConquista del Desierto\u201d, campa\u00f1a militar dirigida por el General Julio Argentino Roca en el a\u00f1o 1879, la poblaci\u00f3n ind\u00edgena local, en este caso Mapuche, fue duramente atacada, dividida en diferentes comunidades y desplazada de sus tierras hacia zonas relegadas entre campos privados (estancias) con escaso valor para la cr\u00eda del ganado o la agricultura, aislados de las principales v\u00edas de comunicaci\u00f3n. Estos territorios llamados \u201creservas ind\u00edgenas\u201d se encuentran en la actualidad pr\u00f3ximos a las localidades m\u00e1s cotizadas por el turismo.<br \/>\n<img loading=\"lazy\" decoding=\"async\" class=\"aligncenter wp-image-433 size-large\" src=\"http:\/\/www.360responsibletourism.com\/wp-content\/uploads\/2014\/05\/Ruta-Pov.-N.60Vulcan-Lanin-3-e1423144516689-1024x320.jpg\" alt=\"Ruta Pov. N.60,Vulcan Lanin\" width=\"1024\" height=\"320\" \/><\/p>\n<h2>El Co-manejo<\/h2>\n<p>La Patagonia Andina se destaca por la presencia de una gran cantidad de Parques Nacionales que abarcan principalmente la zona andina. En el momento de la creaci\u00f3n de estos Parques exist\u00eda una poblaci\u00f3n residente en las a\u00e9reas que fueron declaradas protegidas. Hist\u00f3ricamente el manejo de estos territorios se realiz\u00f3 de manera unilateral por la APN, de acuerdo con lo establecido en la legislaci\u00f3n nacional. En el a\u00f1o 2000, como resultado del \u201cTaller Territorio Ind\u00edgena Protegido\u201d organizado conjuntamente entre la APN y la Confederaci\u00f3n Mapuche Neuquina, (CMN) se produce un punto de inflexi\u00f3n con respecto a la territorialidad, reglamentaci\u00f3n y manejo de los recursos naturales de los territorios ocupados por las comunidades mapuche. Se concret\u00f3 la transici\u00f3n hacia el co-manejo con las comunidades mapuche, a trav\u00e9s de la conformaci\u00f3n de un Comit\u00e9 de Co-gesti\u00f3n (nivel ejecutivo de la pol\u00edtica global) y un Comit\u00e9 de co-manejo local por cada comunidad mapuche (nivel operativo local) en el marco pol\u00edtico del Plan de Gesti\u00f3n Institucional (diciembre de 2001). El primer caso es lo del P.N. Lan\u00edn, donde residen 7 comunidades mapuche, cuya ocupaci\u00f3n espacial es anterior a su creaci\u00f3n en 1937, \u00d1orquinco, Aigo, Lefiman, Raquithu\u00e9, Lafquenche, Cay\u00fan y Curruhuinca. Hoy el Co-manejo en Patagonia es presente en le Parque Nahuel Huapi y en otros parques de Argentina donde viven poblaciones originarias.<br \/>\nEl Plan de Gesti\u00f3n Institucional con respecto a las comunidades ind\u00edgenas define que: \u201cEn el marco de los objetivos propios de conservaci\u00f3n se atender\u00e1 las demandas de los pueblos originarios los que tendr\u00e1n un rol protag\u00f3nico en el desarrollo de las \u00e1reas que habitan a trav\u00e9s del co-manejo de las mismas. Se entiende por tal, un reparto de responsabilidades y competencias y una clara definici\u00f3n del ejercicio de la autoridad p\u00fablica, y de las pautas de uso y manejo de los recursos que surgen del saber ancestral de las comunidades\u201d<br \/>\n<img loading=\"lazy\" decoding=\"async\" class=\"aligncenter wp-image-432 size-full\" src=\"http:\/\/www.360responsibletourism.com\/wp-content\/uploads\/2014\/05\/Batea-Mauida-laguna-8-e1423144541363.jpg\" alt=\"Batea Mauida, laguna\" width=\"640\" height=\"200\" \/><\/p>\n<h2>\u200bAllumin\u00e9<\/h2>\n<p>De una belleza sin igual, entre lagos azules, cumbres nevadas de volcanes, \u00e1rboles (Aracucaria Araucana) en muchos casos milenarios, r\u00edos torrentosos y acantilados volc\u00e1nicos, se encuentra el departamento de Alumin\u00e9 a unos 170 Km. al norte de San Mart\u00edn de los Andes y a 300 Km. de la capital de la Provincia de Neuqu\u00e9n. El circuito turistico de Pehuenia (unos 150 Km.) permite llegar a Villa Pehuenia bordeando el lado este del r\u00edo y seguir hacia la parte oeste, rodeando el lago Moquehue, lago \u00d1orquinco y regresar a la ciudad de Alumin\u00e9.<br \/>\nEste lugar, tan especial, ha generado diferentes propuestas de desarrollo tur\u00edstico y varios conflictos. Toda la zona de Alumin\u00e9 ha sido objeto de estudio dentro del \u201cPlan Estrat\u00e9gico de Desarrollo Tur\u00edstico Sostenible\u201d esponsorizado por la Facultad de Turismo de la UNC, por la Direcci\u00f3n Provincial de Turismo, la Comisi\u00f3n de Fomento de Villa Pehuenia y del Consejo Federal de Inversiones (CFI) presentado oficialmente en septiembre de 2003. Los conflictos de inter\u00e9s surgen entre la poblaci\u00f3n originaria, las comunidades mapuche y los inversionistas. Sin embargo este desarrollo tur\u00edstico est\u00e1 afectando seriamente el territorio y en particular la naturaleza del \u00e1rea circundante al lago donde la presi\u00f3n hotelera es muy fuerte. La zona de Alumin\u00e9 se ha convertido pr\u00e1cticamente en un laboratorio de experimentaci\u00f3n de proyectos en el \u00e1mbito tur\u00edstico; ya que all\u00ed se hallan presentes desde los componentes m\u00e1s tradicionales del turismo en la naturaleza, junto al de alto nivel con infraestructura de lujo, hasta actividades con menor impacto y atento a la participaci\u00f3n local.<br \/>\n<img loading=\"lazy\" decoding=\"async\" class=\"aligncenter wp-image-436 size-large\" src=\"http:\/\/www.360responsibletourism.com\/wp-content\/uploads\/2014\/05\/P1030789-e1423144564123-1024x320.jpg\" alt=\"Ruta 40\" width=\"1024\" height=\"320\" \/><\/p>\n<h2>\u200bSan Mart\u00edn de los Andes<\/h2>\n<p>En las proximidades de San Mart\u00edn de los Andes, un pueblo de monta\u00f1a con infraestructura para la actividad tur\u00edstica de invierno (centro de esqu\u00ed Chapelco) y de verano, se encuentra numerosas comunidades Mapuches. Hacia finales de los a\u00f1os \u201980 un p\u00fablico \u00e1vido de vacaciones en la naturaleza, por lo general habitantes de la misma provincia, practicaron el camping libre en las proximidades de los lagos y r\u00edos de la zona donde habitan las familias mapuches. En este primer momento se cre\u00f3 una din\u00e1mica positiva, informal entre los habitantes y los \u201chu\u00e9spedes\u201d. En los \u00faltimos diez a\u00f1os este equilibrio se rompi\u00f3 dado el r\u00e1pido aumento del n\u00famero de los acampantes y por otro lado, porque el turismo en la zona comenz\u00f3 a adquirir un sesgo de lujo. Las comunidades cercanas a San Mart\u00edn de los Andes (Currihuica, Atreico e Painefilu) para sacar provecho de estas circunstancias, llevaron adelante varias acciones, como por ejemplo cobrar un derecho de ingreso a algunas \u00e1reas o la creaci\u00f3n de una infraestructura m\u00ednima. En este proceso fueron apoyados por una serie de iniciativas que cuentan con el financiamiento de la provincia, de la naci\u00f3n o de alguna ONG extranjera. Al d\u00eda de hoy, salvo raras excepciones, no se puede decir que estos proyectos de desarrollo tur\u00edstico hayan sido exitosos y en algunos casos era que han acentuado a\u00fan m\u00e1s la situaci\u00f3n de marginaci\u00f3n y la pol\u00edtica de asistencialismo que muchas veces se asocia con las pol\u00edticas sociales directas hacia la comunidad ind\u00edgena.<br \/>\n<img loading=\"lazy\" decoding=\"async\" class=\"aligncenter wp-image-435 size-large\" src=\"http:\/\/www.360responsibletourism.com\/wp-content\/uploads\/2014\/05\/P1030168-e1423144590393-1024x320.jpg\" alt=\"Ruta 40\" width=\"1024\" height=\"320\" \/><\/p>\n<h2>\u200bBariloche<\/h2>\n<p>En la regi\u00f3n Andina de la provincia de R\u00edo Negro, se encuentra la ciudad de San Carlos de Bariloche. Es la localidad tur\u00edstica m\u00e1s famosa de los Andes. Est\u00e1 ubicada en el centro de la Regi\u00f3n de los Lagos y sobre la bella costa del lago Nahuel Huapi, a 1680 km de Buenos Aires. En sus alrededores se puede observar claramente la diferencia entre la meseta patag\u00f3nica y el bosque andino, con toda la riqueza de la transici\u00f3n del paisaje, que var\u00eda de zonas muy lluviosas hasta el desierto, en pocos kil\u00f3metros. Bariloche es c\u00e9lebre por sus pistas de ski y el desarrollo de actividades en la nieve. En verano se pracita el trekking y muchas actividades de aventura, como el rafting, la escalada, salidas a caballo, etc.<br \/>\nBariloche y su entorno es uno de los destinos tur\u00edsticos m\u00e1s importantes de la Argentina, sobre todo para el turismo nacional y brasile\u00f1o.<br \/>\nNuestro inter\u00e9s es principalmente radica en la gran biodiversidad que est\u00e1 presente en esta regi\u00f3n, recientemente declarada Reserva de la Bi\u00f3sfera por parte de la UNESCO. La EcoRegi\u00f3n que tiene por centro a Bariloche, abarca glaciares de monta\u00f1a (como en la cumbre del cerro Tronador), bosque v\u00edrgenes de especies nativas de alto valor, la llamada selva valdiviana (con uno de los puntos de mayor vol\u00famen de precipitaci\u00f3n del pa\u00eds) y acceso a la estepa patag\u00f3nica.<br \/>\nAdem\u00e1s del valor del ambiente, el valor cultural genera un inter\u00e9s importante dado que existen en la zona diferentes comunidades donde habitan mapuches, descendientes directos de los pueblos originarios de esta zona.<br \/>\nCon aportes hacia los procesos de Calidad en Turismo y los recientes trabajos que se est\u00e1n realizando sobre Responsabilidad Social Empresaria, se completa un marco atractivo para descubrir una Patagonia diversa y cambiante, que invitamos a conocer. Particularmente en esta ciudad de Bariloche, se conjuga un proceso exitoso de Turismo masivo y ya maduro, que viene desde los inicios mismos del Turismo en Argentina, con un incipiente vuelco hacia un Turismo Sustentable, que permita seguir captando viajeros de todo el mundo sin descuidar el cuidado del medio ambiente y la presencia de una cultura viva y ancestral.<br \/>\n<img loading=\"lazy\" decoding=\"async\" class=\"aligncenter wp-image-437 size-large\" src=\"http:\/\/www.360responsibletourism.com\/wp-content\/uploads\/2014\/05\/Chalten-e1423144614466-1024x321.jpg\" alt=\"Chalten\" width=\"1024\" height=\"321\" \/><\/p>\n","protected":false},"excerpt":{"rendered":"<p>La Patagonia Andina se caracteriza por la presencia de cadenas monta\u00f1osas con cimas que alcanzan los 3.500 metros sobre el nivel de mar, abundantes precipitaciones, r\u00edos, lagos, bosque y glaciares. El bosque comprende varias especies entre las cuales el coihue, el cedro, el pehuen, el \u00f1ire, la lenga, el radal&#8230;<\/p>\n","protected":false},"author":1,"featured_media":0,"parent":68,"menu_order":0,"comment_status":"closed","ping_status":"closed","template":"","meta":{"footnotes":""},"_links":{"self":[{"href":"https:\/\/www.360responsibletourism.com\/es\/wp-json\/wp\/v2\/pages\/70"}],"collection":[{"href":"https:\/\/www.360responsibletourism.com\/es\/wp-json\/wp\/v2\/pages"}],"about":[{"href":"https:\/\/www.360responsibletourism.com\/es\/wp-json\/wp\/v2\/types\/page"}],"author":[{"embeddable":true,"href":"https:\/\/www.360responsibletourism.com\/es\/wp-json\/wp\/v2\/users\/1"}],"replies":[{"embeddable":true,"href":"https:\/\/www.360responsibletourism.com\/es\/wp-json\/wp\/v2\/comments?post=70"}],"version-history":[{"count":4,"href":"https:\/\/www.360responsibletourism.com\/es\/wp-json\/wp\/v2\/pages\/70\/revisions"}],"predecessor-version":[{"id":740,"href":"https:\/\/www.360responsibletourism.com\/es\/wp-json\/wp\/v2\/pages\/70\/revisions\/740"}],"up":[{"embeddable":true,"href":"https:\/\/www.360responsibletourism.com\/es\/wp-json\/wp\/v2\/pages\/68"}],"wp:attachment":[{"href":"https:\/\/www.360responsibletourism.com\/es\/wp-json\/wp\/v2\/media?parent=70"}],"curies":[{"name":"wp","href":"https:\/\/api.w.org\/{rel}","templated":true}]}}