{"id":72,"date":"2014-06-26T12:36:44","date_gmt":"2014-06-26T15:36:44","guid":{"rendered":"http:\/\/www.360responsibletourism.com\/es\/?page_id=72"},"modified":"2015-02-05T10:51:57","modified_gmt":"2015-02-05T13:51:57","slug":"patagonia-central","status":"publish","type":"page","link":"https:\/\/www.360responsibletourism.com\/es\/la-argentina\/la-patagonia\/patagonia-central\/","title":{"rendered":"Patagonia central"},"content":{"rendered":"<p>La Patagonia Central es la m\u00e1s desconocida, la menos visitada, pero viajar por ella es una experiencia maravillosa; m\u00e1s all\u00e1 de los valles, el desierto nos sit\u00faa en la Tierra como alguna vez fue.<br \/>\n<img loading=\"lazy\" decoding=\"async\" class=\"aligncenter wp-image-443 size-full\" src=\"http:\/\/www.360responsibletourism.com\/wp-content\/uploads\/2014\/05\/ruta-a-gaiman-1-1-e1423144205986.jpg\" alt=\"Tren patagonico\" width=\"1024\" height=\"320\" \/><\/p>\n<h2>La Estepa Patag\u00f3nica<\/h2>\n<p>La estepa patag\u00f3nica es una enorme extensi\u00f3n de tierra que separa la cordillera de los Andes hacia el Oc\u00e9ano Atl\u00e1ntico.  Yendo hacia el este la vegetaci\u00f3n es m\u00e1s escasa, hay menos presencia de agua y la tierra es semi\u00e1rida se trata de zonas estilo semidesiertos y mesetas.  Las mesetas son zonas de m\u00e1s relieve, pero chatas y de escasa elevaci\u00f3n. Esa geograf\u00eda no est\u00e1 presente en ninguna otra regi\u00f3n del pa\u00eds y que marca el l\u00edmite entre lo que es Patagonia y lo que es la Pampa h\u00fameda.<br \/>\nLa vegetaci\u00f3n predominante est\u00e1 compuesta por arbustos con matas reducidas y espinosas. La especie m\u00e1s t\u00edpica es el coir\u00f3n, y abundan tambi\u00e9n los cha\u00f1ares y espinillos. No crecen \u00e1rboles y los que son cultivados crecen inclinados en el sentido del viento.<br \/>\nEn esta regi\u00f3n se ven manadas de guanacos, choike, maras, martinetas, zorros grises y colorados. Existe tambi\u00e9n el puma, pero es muy dif\u00edcil encontrarlo y en los cielos el  c\u00f3ndor ave s\u00edmbolo de Am\u00e9rica Latina. Desde que los inmigrantes europeos llegaron a esta parte de Argentina esta zona se ha usado para la cr\u00eda de animales, sobretodo de ovejas, aunque tambi\u00e9n de vacas. Esto ha tra\u00eddo consigo un problema bastante grave, la desertificaci\u00f3n: algunas zonas de tierra han quedado agotadas y ya no producen pastura, lo que perjudica a toda la flora y fauna.<br \/>\nEl paisaje es inh\u00f3spito, baja densidad de poblaci\u00f3n y hay asentamientos de pueblos originarios. La aridez y la desolaci\u00f3n de la meseta s\u00f3lo son cortadas por los oasis que se abren en las riberas de los pocos r\u00edos que la surcan, como el r\u00edo Negro, el Chubut y el Deseado. \u00c9stos forman valles sumamente atractivos. El r\u00edo Negro es el m\u00e1s importante de todos en cuanto al caudal de su cuenca. Adem\u00e1s, en su parte superior, se encuentra la zona m\u00e1s poblada de la Patagonia.<\/p>\n<h2>Meseta Infinita<\/h2>\n<p>A 1200 kil\u00f3metros de la ciudad de Buenos Aires, se encuentra la localidad de Los Menucos, en la regi\u00f3n centro-sur de la Provincia de Rio Negro. Este pueblo se ubica en la intersecci\u00f3n de la Ruta Nacional 23, que une San Carlos de Bariloche con Viedma y la Ruta Provincial 8 que lleva hacia General Roca y el Valle del Rio Negro.<br \/>\nLa Meseta de Somuncura esconde  el esp\u00edritu de la Patagonia.  Es un \u00e1rea natural protegida de 25 000 km2, sin carreteras ni poblaciones. Profundos ca\u00f1adones, soberbios paredones y lagunas encantadas le esperan all\u00ed. En esta zona de la estepa, aparece una importante fauna local compuesta principalmente por guanacos y choiques. Estos animales representan un punto importante en la historia y la cultura  de los pueblos originarios.<br \/>\nLa identidad de la zona si manifiesta en  la artesan\u00eda local que muestra los recursos de la vida rural, sus usos y costumbres. El importante patrimonio arqueol\u00f3gico  nos permite destacar la historia y los rastros de las culturas que vivieron en la regi\u00f3n.En el pueblo de Los Menucos, han vivido peque\u00f1os productores propietarios de parcelas, mientras que en los alrededores fueron grandes terratenientes quienes concentraron  la propiedad de la tierra.<br \/>\nDesde los \u00faltimos a\u00f1os,  la econom\u00eda de esta peque\u00f1a localidad fue muy afectada por situaciones sobre las cuales no tienen control, como los precios de la lana en el mercado internacional. Por eso, algunos productores de la zona decidieron  desarrollar como actividad complementaria, el turismo rural.De esta motivaci\u00f3n nace la Asociaci\u00f3n Meseta Infinita que une a los  productores locales para la creaci\u00f3n y la promoci\u00f3n de actividades tur\u00edsticos basados en el desarrollo sostenible de la cultura y de la naturaleza, en la Meseta de Somuncura y la estepa Patag\u00f3nica.<br \/>\nCuando se cre\u00f3 esta entidad, el inter\u00e9s era aprovechar los atractivos naturales y culturales t\u00edpicos locales, pero tambi\u00e9n crear nuevas oportunidades para la poblaci\u00f3n y frenar los procesos de expulsi\u00f3n poblacional  que existe en la zona, por falta de oportunidades laborales. Por eso, decidieron crear una forma de turismo de baja intensidad, basado sobre el desarrollo sostenible.<br \/>\n<img loading=\"lazy\" decoding=\"async\" class=\"aligncenter wp-image-445 size-large\" src=\"http:\/\/www.360responsibletourism.com\/wp-content\/uploads\/2014\/05\/P1000212_b-e1423144230959-1024x320.jpg\" alt=\"Sarmiento\" width=\"1024\" height=\"320\" \/><\/p>\n","protected":false},"excerpt":{"rendered":"<p>La Patagonia Central es la m\u00e1s desconocida, la menos visitada, pero viajar por ella es una experiencia maravillosa; m\u00e1s all\u00e1 de los valles, el desierto nos sit\u00faa en la Tierra como alguna vez fue. La Estepa Patag\u00f3nica La estepa patag\u00f3nica es una enorme extensi\u00f3n de tierra que separa la cordillera&#8230;<\/p>\n","protected":false},"author":1,"featured_media":0,"parent":68,"menu_order":0,"comment_status":"closed","ping_status":"closed","template":"","meta":{"footnotes":""},"_links":{"self":[{"href":"https:\/\/www.360responsibletourism.com\/es\/wp-json\/wp\/v2\/pages\/72"}],"collection":[{"href":"https:\/\/www.360responsibletourism.com\/es\/wp-json\/wp\/v2\/pages"}],"about":[{"href":"https:\/\/www.360responsibletourism.com\/es\/wp-json\/wp\/v2\/types\/page"}],"author":[{"embeddable":true,"href":"https:\/\/www.360responsibletourism.com\/es\/wp-json\/wp\/v2\/users\/1"}],"replies":[{"embeddable":true,"href":"https:\/\/www.360responsibletourism.com\/es\/wp-json\/wp\/v2\/comments?post=72"}],"version-history":[{"count":4,"href":"https:\/\/www.360responsibletourism.com\/es\/wp-json\/wp\/v2\/pages\/72\/revisions"}],"predecessor-version":[{"id":739,"href":"https:\/\/www.360responsibletourism.com\/es\/wp-json\/wp\/v2\/pages\/72\/revisions\/739"}],"up":[{"embeddable":true,"href":"https:\/\/www.360responsibletourism.com\/es\/wp-json\/wp\/v2\/pages\/68"}],"wp:attachment":[{"href":"https:\/\/www.360responsibletourism.com\/es\/wp-json\/wp\/v2\/media?parent=72"}],"curies":[{"name":"wp","href":"https:\/\/api.w.org\/{rel}","templated":true}]}}