{"id":74,"date":"2014-06-26T12:37:18","date_gmt":"2014-06-26T15:37:18","guid":{"rendered":"http:\/\/www.360responsibletourism.com\/es\/?page_id=74"},"modified":"2015-02-05T10:47:33","modified_gmt":"2015-02-05T13:47:33","slug":"patagonia-maritima","status":"publish","type":"page","link":"https:\/\/www.360responsibletourism.com\/es\/la-argentina\/la-patagonia\/patagonia-maritima\/","title":{"rendered":"Patagonia maritima"},"content":{"rendered":"<p>Las provincias de R\u00edo Negro, Chubut y Santa Cruz se extienden desde los Andes hasta la costa atl\u00e1ntica, cambiando dr\u00e1sticamente de paisaje y de clima en una zona entre los 400 y los 600 kil\u00f3metros entre el Oeste y el Este. Cada una de estas provincias toma el nombre del r\u00edo que la cruza en esta misma direcci\u00f3n, naciendo en los Andes o en los lagos y desembocando en el Oc\u00e9ano Atl\u00e1ntico.<br \/>\n<img loading=\"lazy\" decoding=\"async\" class=\"aligncenter wp-image-449 size-large\" src=\"http:\/\/www.360responsibletourism.com\/wp-content\/uploads\/2014\/05\/Peninsula-Valdes-31-e1423143523229-1024x320.jpg\" alt=\"Balena franca austral\" width=\"1024\" height=\"320\" \/><\/p>\n<h2>El Camino de la Costa<\/h2>\n<p>El R\u00edo Negro nace de la uni\u00f3n de los r\u00edos Limay y Neuqu\u00e9n, atraviesa luego toda la meseta patag\u00f3nica de oeste a este para desembocar en el Oc\u00e9ano Atl\u00e1ntico. A la altura de la ciudad de Viedma y Carmen de Patagones, se convierte en el l\u00edmite natural entre las provincias de R\u00edo Negro y Buenos Aires. Durante la \u00e9poca estival es posible ba\u00f1arse en las aguas del R\u00edo Negro y realizar diferentes deportes n\u00e1uticos (diciembre a marzo). Desde hace m\u00e1s de tres d\u00e9cadas se desarrolla en su lecho \u201cLa regata Internacional del R\u00edo Negro\u201d considerada la m\u00e1s larga del mundo. Esta competencia tiene lugar en el mes de enero y en ella participan remeros de todo el mundo. El r\u00edo desemboca en un amplio estuario, con bancos de arena y m\u00e9danos sobre las costas, que cambian continuamente de aspecto con el viento. Cerca de la desembocadura se encuentra el Balneario El C\u00f3ndor, antiguamente Balneario Mazini y ahora m\u00e1s conocido como La Boca, un peque\u00f1o pueblo de veraneo de los habitantes de la zona.<br \/>\nSiguiendo el camino de la costa hacia el oeste, bordeando el Golfo de San Mat\u00edas, el paisaje va cambiando, altern\u00e1ndose playas amplias de arena con playas con acantilados y piedras, esto \u00faltimo es la meseta patag\u00f3nica que termina abruptamente en el mar, con alturas de casi 50 metros. En La Lober\u00eda o Punta Bermeja hay una reserva faun\u00edstica que proteje una importante colonia de lobos marinos. El paisaje hacia el interior es el t\u00edpico de la meseta patag\u00f3nica, seco y con matas, en el camino es posible ver avestruces, liebres, vizcachas, guanacos y una enorme variedad de p\u00e1jaros. Sobre la costa tambi\u00e9n abundan especies de aves mar\u00edtimas y en ocasiones pueden verse ballenas y toninas. La pesca es por lo general muy buena en los meses de verano a lo largo de toda la costa, corvinas, pejerreyes, sardinas, camarones, tiburones y lenguados son las especies m\u00e1s comunes. Los campos que lindan el camino de la costa son privados, por lo general estancias dedicadas a la cr\u00eda de ovejas. El clima es muy fr\u00edo en invierno y caluroso en verano, seco, con pocas precipitaciones y muy ventoso, fundamentalmente en primavera. El camino termina en las proximidades de San Antonio, una ciudad con puerto desde el cual se exporta buena parte de la producci\u00f3n frut\u00edcola de la provincia. Cerca de San Antonio est\u00e1 el balneario Las Grutas, que recibe a veraneantes de la provincia y el resto del pa\u00eds.<br \/>\n<img loading=\"lazy\" decoding=\"async\" class=\"aligncenter wp-image-450 size-large\" src=\"http:\/\/www.360responsibletourism.com\/wp-content\/uploads\/2014\/05\/P1030302-e1423143558558-1024x320.jpg\" alt=\"Cabo dos bahia\" width=\"1024\" height=\"320\" \/><\/p>\n<h2>\u200bPenisola Valdes \u2013 Puerto Piramides<\/h2>\n<p>La Pen\u00ednsula Vald\u00e9s es una reserva faun\u00edstica integral, declarada en 1994 Santuario Ballenero por la Comisi\u00f3n Balnearia Internacional y Patrimonio de la Humanidad por la UNESCO. La pen\u00ednsula est\u00e1 unida al continente por un estrecho brazo de tierra, desde el cual se divisa el mar a ambos lados. El paisaje de la pen\u00ednsula es \u00e1rido predominando los colores amarillos y ocres que contrastan con el azul claro del oc\u00e9ano. La costa est\u00e1 formada por peque\u00f1as lomas y caletas donde se encuentran, en los distintos per\u00edodos de celo y nacimiento, diferentes especies de fauna como los lobos marinos de un pelo (Otaria Flavescens); el elefante Marino del sur (Mirounga Leonina), la ballena Franca Austral y el Ping\u00fcino Magall\u00e1nico y diversas especies de p\u00e1jaros.<br \/>\nPuerto Pir\u00e1mides es el n\u00facleo urbano m\u00e1s importante de la Pen\u00ednsula Vald\u00e9s, ubicado en el lado norte del Golfo Nuevo, un sitio estrat\u00e9gico protegido por grandes rocas que lo convierte en un refugio predilecto de la fauna marina. Esto permite avistar a las diversas especies desde la playa misma y se desarrollan importantes actividades tur\u00edsticas relacionadas con el avistaje de ballenas y la observaci\u00f3n de mam\u00edferos marinos. A lo largos de las costas de la pen\u00ednsula, hay \u00e1reas para la observaci\u00f3n de fauna protegidas y manejadas por la provincia. Mientras la mayor\u00eda de la costa, que por ley es patrimonio de todos, se encuentra dentro de propiedad privada de estancieros. De hecho el territorio de la Pen\u00ednsula est\u00e1 dividido en estancias, y con el aumentar de la importancia del turismo, tambi\u00e9n las estancias se dedican a esta actividad y cobran una entrada a los turistas para pasar por su terreno y as\u00ed tener contacto con la fauna local sobre la costa.<\/p>\n<h4>El Cuidado Medioambiental<\/h4>\n<p>Considerando la escasa extensi\u00f3n del pueblo de Puerto Pir\u00e1mides, delimitado naturalmente por el mar, los acantilados y los m\u00e9danos, la edificaci\u00f3n de grandes infraestructuras tur\u00edsticas tendr\u00eda un impacto devastador para el ecosistema. La participaci\u00f3n de la sociedad civil ha sido un pilar importante en los asuntos del desarrollo del pueblo para la conservaci\u00f3n del equilibrio ambiental y social. Pese a que las infraestructuras son m\u00ednimas, el arribo durante el d\u00eda de una gran cantidad de turistas, sobre todo en temporada alta, produce un fuerte impacto negativo sobre el medio ambiente.<br \/>\nLos problemas que afligen al pueblo de Puerto Pir\u00e1mides y a los recursos naturales de la Pen\u00ednsula se generan a partir de las actividades que se desarrollan en el pueblo mismo, al igual que en otros lugares m\u00e1s lejanos. En el primer caso estamos hablando de un inadecuado abastecimiento de servicios p\u00fablicos como agua y luz, falta de tratamiento adecuado de residuos s\u00f3lidos y l\u00edquidos y de la basura, ante el crecimiento tanto de la demanda como la oferta tur\u00edstica. El segundo caso abarca las actividades econ\u00f3micas de las \u00e1reas circundantes, como por ejemplo las f\u00e1bricas pesqueras y la planta de aluminio de Puerto Madryn.<br \/>\nDe esta manera, se presentan problem\u00e1ticas regionales como la re-localizaci\u00f3n del basurero municipal, la implementaci\u00f3n de una clasificaci\u00f3n domiciliaria de residuos, la determinaci\u00f3n de la capacidad de carga de las \u00c1reas Protegidas y la efectiva recolecci\u00f3n y procesamiento de las algas evasivas en el golfo. Todos estos fen\u00f3menos generan contaminaci\u00f3n y terminan por afectar principalmente a ecosistemas tan fr\u00e1giles como el de la Pen\u00ednsula Vald\u00e9s, un lugar que necesita pol\u00edticas perdurables para instrumentar un plan de manejo eficaz.<br \/>\nEs la poblaci\u00f3n de Puerto Pir\u00e1mides quien padece en carne propia estas situaciones, mientras que las autoridades que deben tomar decisiones para la soluci\u00f3n de estos problemas y el futuro desarrollo de las actividades tur\u00edsticas, se ven emparentados a intereses que trascienden la zona, se puede decir, los intereses de la misma provincia de Chubut. As\u00ed resulta dificultoso poder tomar decisiones adecuadas y efectivas a favor de los habitantes y del medio ambiente de la Pen\u00ednsula Vald\u00e9s.<br \/>\nLa creaci\u00f3n en el 2001 de la Administraci\u00f3n del \u00c1rea Natural Protegida Pen\u00ednsula Vald\u00e9s tampoco parece aportar una soluci\u00f3n suficiente. Se trata de un sistema estructurado sobre la base de tres \u00f3rganos independientes: la Asamblea, El Directorio y el Consejo T\u00e9cnico Consultivo. En realidad es el Directorio quien posee los poderes efectivos de administraci\u00f3n, gesti\u00f3n y direcci\u00f3n de la asociaci\u00f3n. Est\u00e1 integrado por cuatro miembros que representan respectivamente al Organismo Provincial de Turismo, los propietarios de predios rurales asentados dentro de los l\u00edmites del \u00c1rea Natural Protegida Pen\u00ednsula Vald\u00e9s, los Propietarios de tierras urbanas dentro de los l\u00edmites de Puerto Pir\u00e1mides y un representante de la Asamblea. El representante del Estado Provincial ejerce la Presidencia del Directorio y la \u00abAdministraci\u00f3n\u00bb tiene su domicilio legal en la localidad de Puerto Madryn: tambi\u00e9n el estatuto establece que un 50% del monto total recaudado por la Administraci\u00f3n de las visitas a Pen\u00ednsula Vald\u00e9s es redistribuido para la administraci\u00f3n de todas las otras \u00c1reas Protegidas de la provincia de Chubut.<br \/>\nUn elemento positivo y que tiene potencialidad de contribuir a la soluci\u00f3n de estos problemas es la fuerte capacitaci\u00f3n y motivaci\u00f3n de los habitantes acerca de su propio territorio. La poblaci\u00f3n de Puerto Pir\u00e1mides representada por su propia Municipalidad es un ejemplo del valioso aporte que la participaci\u00f3n local puede realizar para la soluci\u00f3n de los propios problemas y la conservaci\u00f3n de los recursos naturales para las futuras generaciones.<br \/>\n<img loading=\"lazy\" decoding=\"async\" class=\"aligncenter wp-image-452 size-large\" src=\"http:\/\/www.360responsibletourism.com\/wp-content\/uploads\/2014\/05\/PeninsulaV1-e1423143624759-1024x321.jpg\" alt=\"Peninsula Valdes\" width=\"1024\" height=\"321\" \/><\/p>\n<h2>Las Ballenas<\/h2>\n<p>Es una de las once especies m\u00e1s grandes del mundo. No posee dientes, sino una especie de barba a trav\u00e9s de la cual filtra el agua, absorbiendo el plancton, su principal alimento. Respira por medio de dos orificios sobre la cabeza, el cuerpo es negro y tiene manchas blancas en el abdomen. Esta especie presenta callosidades sobre la cabeza, lo que permite la identificaci\u00f3n de cada ballena y su reconocimiento a\u00f1o tras a\u00f1o. La Ballena Franca Austral se pude avistar a lo largo de la costa de la Pen\u00ednsula Vald\u00e9s, a donde llega de junio a octubre, ya sea para parir o para copular. La Ballena Franca Austral es una especie en extinci\u00f3n, protegida por los acuerdos de la Comisi\u00f3n Argentina y protegida por el gobierno de la provincia de Chubut y declarada Monumento Natural por el Congreso de la Naci\u00f3n. El avistamiento est\u00e1 regulado por leyes que establecen los lugares y los modos de navegaci\u00f3n y \u00fanicamente pueden hacerlo las empresas debidamente habilitadas.<br \/>\n<img loading=\"lazy\" decoding=\"async\" class=\"aligncenter wp-image-453 size-large\" src=\"http:\/\/www.360responsibletourism.com\/wp-content\/uploads\/2014\/05\/P1050879-e1423143746712-1024x321.jpg\" alt=\"Pinguino dal pennacchio giallo\" width=\"1024\" height=\"321\" \/><\/p>\n<h2>Los Ping\u00fcinos<\/h2>\n<p>En la Costa Patag\u00f3nica que va desde Pen\u00ednsula Valdez a R\u00edo Gallego, se destacan cinco sitios, que constituyen destinos importantes de nuestros viajes. Punta Tombo, La Reserva Cabo dos Bah\u00edas, Isla de los Ping\u00fcinos (Parque Nacional Marino, en frente de Puerto Deseado), Puerto San Juli\u00e1n y el Parque Monte Le\u00f3n. Estas \u00e1reas sorprenden por la belleza de los colores  del paisaje y por las importantes colonias de ping\u00fcinos, aves y mam\u00edferos marinos que se pueden observar. Dos especies de ping\u00fcinos son representadas en estos sitios: el ping\u00fcino Magall\u00e1nico y el ping\u00fcino de Penacho Amarillo. Estas colonias se reproducen entre los meses de octubre a febrero. Las hembras ponen los huevos a comienzos de octubre y  hacia mediados de noviembre comienzan a romperse. A partir de este momento el macho y la hembra empiezan a defender el nido altern\u00e1ndose con viajes para ir a buscar el alimento para sus pichones.  En febrero, los pichones cambian su plumaje y empiezan a acercarse al mar. A fin de marzo inician la migraci\u00f3n por mar hacia el sur.<br \/>\n<img loading=\"lazy\" decoding=\"async\" class=\"aligncenter wp-image-455 size-large\" src=\"http:\/\/www.360responsibletourism.com\/wp-content\/uploads\/2014\/05\/P1030326_b-e1423143667374-1024x320.jpg\" alt=\"Puerto Deseado\" width=\"1024\" height=\"320\" \/><\/p>\n<h2>El Parque Mar\u00edtimo Costero<\/h2>\n<p>En el 2008 fue aprobada por el Congreso de la Naci\u00f3n la creaci\u00f3n del Parque Inter-jurisdiccional Mar\u00edtimo Costero \u201cPatagonia Austral\u201d, siendo el primero de su tipo en todo el pa\u00eds. El Parque abarca  desde la Bah\u00eda  Camarones hasta el Norte del Golfo San Jorge, y se compone de un \u00e1rea protegida de m\u00e1s de 100 km de costa, 42 islas,  500 kms cuadrados de mar y un lecho y subsuelo marino de gran riqueza ecol\u00f3gica.<br \/>\nLa reserva contiene 13 especies y medio mill\u00f3n de aves, como el ping\u00fcino de Magallanes, el petrel gigante del sur; el cormor\u00e1n imperial; el cormor\u00e1n cuello negro; el bigu\u00e1; las gaviotas cocineras australes y de Olrog; los gaviotines sudamericanos, pico amarillo y real, y el esc\u00faa com\u00fan y el esc\u00faa chileno, entre otras especies.<br \/>\nLa creaci\u00f3n del Parque Inter-Jurisdiccional Mar\u00edtimo Costero Patagonia Austral tiene como objetivos mantener el equilibrio de los ecosistemas terrestres, costeros y marinos; proteger el patrimonio paisaj\u00edstico, cultural y natural; propiciar y facilitar las investigaciones y monitoreos ambientales como principales actividades asociadas al manejo, a la vez que suma un atractivo tur\u00edstico para la provincia.<br \/>\n<img loading=\"lazy\" decoding=\"async\" class=\"aligncenter wp-image-456 size-large\" src=\"http:\/\/www.360responsibletourism.com\/wp-content\/uploads\/2014\/05\/2004_1129es0066-e1423143704829-1024x320.jpg\" alt=\"Peninsula Valdes\" width=\"1024\" height=\"320\" \/><\/p>\n<h2>El Parque Nacional Monte Le\u00f3n<\/h2>\n<p>El terreno donde surge el parque fue donado en 2002 al Estado Nacional por la fundaci\u00f3n Vida Silvestre Argentina. El parque Nacional Monte Le\u00f3n se encuentra al sudeste de la provincia de Santa Cruz, entre la Ruta Nacional 3 y la costa marina, a 210 km al norte de R\u00edos Gallegos. Tiene unos 32 kms de playas, alto acantilados, islas, peque\u00f1as bah\u00edas y restingas. Tambi\u00e9n se desarrolla una grande biodiversidad: est\u00e1 registrado 68 especies de aves, 4 de reptiles y 20 de mam\u00edferos. Adem\u00e1s en la zona de estepa se ven guanacos y choiques. Los ping\u00fcinos de Magallanes son tambi\u00e9n presentes y representan la cuarta colonia reproductiva m\u00e1s importante del pa\u00eds.<br \/>\nEl parque protege parte de la estepa patag\u00f3nica, y parte del mar. Se trata de una \u00e1rea que posee un ecosistema muy diverso y rico, donde se encuentran sitios de valor paleontol\u00f3gico y arqueol\u00f3gico muy importantes.<br \/>\n<img loading=\"lazy\" decoding=\"async\" class=\"aligncenter wp-image-454 size-large\" src=\"http:\/\/www.360responsibletourism.com\/wp-content\/uploads\/2014\/05\/P1030578-e1423143769695-1024x320.jpg\" alt=\"Puerto Deseado\" width=\"1024\" height=\"320\" \/><\/p>\n","protected":false},"excerpt":{"rendered":"<p>Las provincias de R\u00edo Negro, Chubut y Santa Cruz se extienden desde los Andes hasta la costa atl\u00e1ntica, cambiando dr\u00e1sticamente de paisaje y de clima en una zona entre los 400 y los 600 kil\u00f3metros entre el Oeste y el Este. Cada una de estas provincias toma el nombre del&#8230;<\/p>\n","protected":false},"author":1,"featured_media":0,"parent":68,"menu_order":0,"comment_status":"closed","ping_status":"closed","template":"","meta":{"footnotes":""},"_links":{"self":[{"href":"https:\/\/www.360responsibletourism.com\/es\/wp-json\/wp\/v2\/pages\/74"}],"collection":[{"href":"https:\/\/www.360responsibletourism.com\/es\/wp-json\/wp\/v2\/pages"}],"about":[{"href":"https:\/\/www.360responsibletourism.com\/es\/wp-json\/wp\/v2\/types\/page"}],"author":[{"embeddable":true,"href":"https:\/\/www.360responsibletourism.com\/es\/wp-json\/wp\/v2\/users\/1"}],"replies":[{"embeddable":true,"href":"https:\/\/www.360responsibletourism.com\/es\/wp-json\/wp\/v2\/comments?post=74"}],"version-history":[{"count":4,"href":"https:\/\/www.360responsibletourism.com\/es\/wp-json\/wp\/v2\/pages\/74\/revisions"}],"predecessor-version":[{"id":738,"href":"https:\/\/www.360responsibletourism.com\/es\/wp-json\/wp\/v2\/pages\/74\/revisions\/738"}],"up":[{"embeddable":true,"href":"https:\/\/www.360responsibletourism.com\/es\/wp-json\/wp\/v2\/pages\/68"}],"wp:attachment":[{"href":"https:\/\/www.360responsibletourism.com\/es\/wp-json\/wp\/v2\/media?parent=74"}],"curies":[{"name":"wp","href":"https:\/\/api.w.org\/{rel}","templated":true}]}}