{"id":76,"date":"2014-06-26T12:37:56","date_gmt":"2014-06-26T15:37:56","guid":{"rendered":"http:\/\/www.360responsibletourism.com\/es\/?page_id=76"},"modified":"2015-02-05T11:12:32","modified_gmt":"2015-02-05T14:12:32","slug":"patagonia-meridional-y-tierra-del-fuego","status":"publish","type":"page","link":"https:\/\/www.360responsibletourism.com\/es\/la-argentina\/la-patagonia\/patagonia-meridional-y-tierra-del-fuego\/","title":{"rendered":"Patagonia meridional y Tierra del Fuego"},"content":{"rendered":"<p><img loading=\"lazy\" decoding=\"async\" class=\"aligncenter wp-image-461 size-full\" src=\"http:\/\/www.360responsibletourism.com\/wp-content\/uploads\/2014\/05\/Ushuaia0016-e1423145318963.jpg\" alt=\"Ushuaia\" width=\"1024\" height=\"320\" \/><br \/>\nDenominamos Patagonia Sur la parte que comprende las provincias de Santa Cruz y de La Tierra del Fuego, Ant\u00e1rtica y Islas del Atl\u00e1ntico Sur.<br \/>\n<img loading=\"lazy\" decoding=\"async\" class=\"aligncenter wp-image-466 size-large\" src=\"http:\/\/www.360responsibletourism.com\/wp-content\/uploads\/2014\/05\/Imagen-336-e1423145341391-1024x320.jpg\" alt=\"El Chalten\" width=\"1024\" height=\"320\" \/><\/p>\n<h2>Los Glaciares<\/h2>\n<p>En la parte occidental de la Provincia de Santa Cruz se extiende el campo de hielo continental la tercera extensi\u00f3n m\u00e1s grande del mundo tras las de la Ant\u00e1rtida y Groenlandia y la mayor de todas las de car\u00e1cter continental no polar y con acceso terrestre. Se extiende de norte a sur a lo largo de 350 km, y tiene una \u00e1rea de 16.800 km. De campo de hielo se desprenden un total de 49 glaciares, entre los que se encuentran los glaciares Upsala (902 km\u00b2), Viedma (978 km\u00b2) y Perito Moreno (258 km\u00b2) en Argentina y en Chile P\u00edo XI (el mayor del hemisferio sur fuera de la Ant\u00e1rtida, con 1.265 km\u00b2), O&#8217;Higgins, Balmaceda, Serrano, Tyndall y Grey. Gran parte de su extensi\u00f3n se encuentra protegida al formar parte de diferentes parques nacionales: los de Bernardo O&#8217;Higgins y Torres del Paine en Chile y el de Los Glaciares en Argentina.<br \/>\nEl glaciar \u201cPerito Moreno\u201d es el glaciar m\u00e1s visitado, debido al hecho que se encuentra en un lugar de f\u00e1cil acceso y ofrece un espect\u00e1culo \u00fanico: permite observar el estr\u00e9pito que causa la rotura de su parte m\u00e1s expuesta, durante el per\u00edodo estival.<br \/>\nPara visitar el glaciar Perito Moreno hay un c\u00f3modo y amplio recorrido sobre unas pasarelas y la posibilidad de hacer un minitrekking sobre el glaciar con calzado especial. La visita a otro glaciares como el Upsalla, el Spegazzini, el Onelli se debe realizar en embarcaciones que van por el Lago Argentino, entre los t\u00e9mpanos de hielo. Todas estas excursiones, en concesi\u00f3n a agencias en exclusiva, parten de la peque\u00f1a ciudad de El Calafate.<br \/>\n<strong>El Calafate<\/strong> es una localidad tur\u00edstica internacional donde hay una buena oferta de restaurantes y la posibilidad de saborear el \u201ccordero patag\u00f3nico\u00bb. Calafate es el nombre de un peque\u00f1o fruto rojo de la zona y seg\u00fan la leyenda si uno come de ese fruto regresar\u00e1 a la Patagonia. El clima es fr\u00edo de mayo a octubre, la \u00e9poca ideal para viajar es de diciembre a marzo, es decir durante el verano argentino.<br \/>\nEl Chalt\u00e9n, ciudad fundada en 1985, principalmente por cuestiones de tensi\u00f3n en los controles lim\u00edtrofes con Chile, es actualmente denominada la capital nacional del trekking. Desde all\u00ed parten numerosos senderos con diversos grados de dificultad, destac\u00e1ndose el Cerro Torres, la Laguna de los Tres y las cumbres del Fitz Roy. Desde El Chalten hay acceso al Campo de Hielo continental y a Chile por el Lago del Desierto hasta el pubelo de O\u2019Higgins en Chile.<br \/>\n<img loading=\"lazy\" decoding=\"async\" class=\"aligncenter wp-image-465 size-large\" src=\"http:\/\/www.360responsibletourism.com\/wp-content\/uploads\/2014\/05\/ElChalten0027-e1423145388230-1024x320.jpg\" alt=\"El Chalten\" width=\"1024\" height=\"320\" \/><\/p>\n<h2>Tierra del Fuego y Ushuaia<\/h2>\n<p>La Tierra del Fuego es un archipi\u00e9lago de islas boscosas, poco habitadas, que se encuentran a una distancia de m\u00e1s de 3.000 Km. de Buenos Aires, cruzando el estrecho de Magallanes y lindando al sur con el Canal de Beagle. En estas latitudes extremas la naturaleza se muestra en su estado m\u00e1s puro: el oc\u00e9ano, los canales y los fiordos, los montes y las estepas, existe una rica fauna de aves y mam\u00edferos mar\u00edtimos.<br \/>\nUshuaia es la capital de Tierra del Fuego y la ciudad m\u00e1s austral del mundo. Fue fundada como sede de una c\u00e1rcel de m\u00e1xima seguridad para reincidentes y presos pol\u00edticos. Actualmente el edificio de lo que fuera el presidio ha sido convertido en museo. Ushuaia es un puerto importante al que llegan naves de cruceros, rompehielos y embarcaciones pesqueras. Desde all\u00ed parten catamaranes y otras embarcaciones que navegan hacia el Canal de Beagle, la Estancia Harberton, el Faro Les Eclaireurs y el Continente Ant\u00e1rtico. Siempre de la ciudad de Ushuaia visitamos el Parque Nacional de Tierra del Fuego y la Bah\u00eda Lapataia, el lago Fagnano y el Valle de los Huskies y el Tren del Fin del Mundo.<br \/>\n<img loading=\"lazy\" decoding=\"async\" class=\"aligncenter wp-image-460 size-full\" src=\"http:\/\/www.360responsibletourism.com\/wp-content\/uploads\/2014\/05\/Perito-Moreno0038-e1423145413601.jpg\" alt=\"Perito Moreno\" width=\"1021\" height=\"320\" \/><\/p>\n","protected":false},"excerpt":{"rendered":"<p>Denominamos Patagonia Sur la parte que comprende las provincias de Santa Cruz y de La Tierra del Fuego, Ant\u00e1rtica y Islas del Atl\u00e1ntico Sur. Los Glaciares En la parte occidental de la Provincia de Santa Cruz se extiende el campo de hielo continental la tercera extensi\u00f3n m\u00e1s grande del mundo&#8230;<\/p>\n","protected":false},"author":1,"featured_media":0,"parent":68,"menu_order":0,"comment_status":"closed","ping_status":"closed","template":"","meta":{"footnotes":""},"_links":{"self":[{"href":"https:\/\/www.360responsibletourism.com\/es\/wp-json\/wp\/v2\/pages\/76"}],"collection":[{"href":"https:\/\/www.360responsibletourism.com\/es\/wp-json\/wp\/v2\/pages"}],"about":[{"href":"https:\/\/www.360responsibletourism.com\/es\/wp-json\/wp\/v2\/types\/page"}],"author":[{"embeddable":true,"href":"https:\/\/www.360responsibletourism.com\/es\/wp-json\/wp\/v2\/users\/1"}],"replies":[{"embeddable":true,"href":"https:\/\/www.360responsibletourism.com\/es\/wp-json\/wp\/v2\/comments?post=76"}],"version-history":[{"count":4,"href":"https:\/\/www.360responsibletourism.com\/es\/wp-json\/wp\/v2\/pages\/76\/revisions"}],"predecessor-version":[{"id":741,"href":"https:\/\/www.360responsibletourism.com\/es\/wp-json\/wp\/v2\/pages\/76\/revisions\/741"}],"up":[{"embeddable":true,"href":"https:\/\/www.360responsibletourism.com\/es\/wp-json\/wp\/v2\/pages\/68"}],"wp:attachment":[{"href":"https:\/\/www.360responsibletourism.com\/es\/wp-json\/wp\/v2\/media?parent=76"}],"curies":[{"name":"wp","href":"https:\/\/api.w.org\/{rel}","templated":true}]}}