{"id":87,"date":"2014-06-26T12:42:31","date_gmt":"2014-06-26T15:42:31","guid":{"rendered":"http:\/\/www.360responsibletourism.com\/es\/?page_id=87"},"modified":"2014-12-29T10:16:47","modified_gmt":"2014-12-29T13:16:47","slug":"viajes-a-buenos-aires","status":"publish","type":"page","link":"https:\/\/www.360responsibletourism.com\/es\/viajes\/viajes-a-buenos-aires\/","title":{"rendered":"Viajes a Buenos Aires"},"content":{"rendered":"<h3 style=\"text-align: center;\">La ciudad<\/h3>\n<p><a href=\"http:\/\/www.360responsibletourism.com\/wp-content\/uploads\/2014\/05\/P1020273_b.jpg\"><img loading=\"lazy\" decoding=\"async\" class=\"alignleft wp-image-216 size-medium\" src=\"http:\/\/www.360responsibletourism.com\/wp-content\/uploads\/2014\/05\/P1020273_b-300x225.jpg\" alt=\"Buenos Aires Citt\u00e0\" width=\"300\" height=\"225\" \/><\/a><br \/>\nLos turistas de 360\u00b0 recorren la ciudad como un porte\u00f1o de buen humor que un d\u00eda levanta los ojos para miran en fin su ciudad. As\u00ed descubre los estilos heterog\u00e9neos de los edificios, rel\u00e1mpagos de luces entre los techos, la cara de la gente, el apuro o la sonrisa, la mercader\u00eda en la vereda o la tienda de lujo. No est\u00e1n sentados en un micro antis\u00e9ptico y aislante, caminan y sus expectativas est\u00e1n en fin a su alcance.<\/p>\n<table align=\"center\" bgcolor=\"#f49535\">\n<tbody>\n<tr>\n<td><a title=\"Conocer Buenos Aires\" href=\"http:\/\/www.360responsibletourism.com\/es\/2014\/07\/17\/conocer-buenos-aires\/\"><strong>Itinerario base<\/strong><\/a>: conocer la ciudad de Buenos Aires<\/td>\n<\/tr>\n<tr>\n<td><a title=\"Las Madres de plaza de Mayo\" href=\"http:\/\/www.360responsibletourism.com\/es\/2014\/07\/17\/las-madres-de-plaza-de-mayo\/\">Las <strong>Madres de Plaza de Mayo<\/strong><\/a><\/td>\n<\/tr>\n<tr>\n<td><a title=\"Museo ESMA\" href=\"http:\/\/www.360responsibletourism.com\/es\/2014\/07\/17\/museo-esma\/\"><strong>Centros clandestinos de detenci\u00f3n<\/strong><\/a><\/td>\n<\/tr>\n<\/tbody>\n<\/table>\n<h3 style=\"text-align: center;\">La provincia<\/h3>\n<p><a href=\"http:\/\/www.360responsibletourism.com\/wp-content\/uploads\/2014\/05\/8f87df_185acb91b71327d200387fb337f688da.jpg_srz_p_410_285_75_22_0.50_1.20_0.00.jpg\"><img loading=\"lazy\" decoding=\"async\" class=\"alignleft wp-image-217 size-medium\" src=\"http:\/\/www.360responsibletourism.com\/wp-content\/uploads\/2014\/05\/8f87df_185acb91b71327d200387fb337f688da.jpg_srz_p_410_285_75_22_0.50_1.20_0.00-300x208.jpg\" alt=\"Carlos Keen\" width=\"300\" height=\"208\" \/><\/a><br \/>\nA las afueras de la extensi\u00f3n urbana del Gran Buenos Aires de cerca de 100 km de radio desde el centro de la ciudad propiamente dicha, el paisaje est\u00e1 monopolizado por la llanura verde que une el cielo con el horizonte. El ganado pasta libremente y los campos se intercalan con raras y aisladas casas rodeadas de \u00e1rboles. A lo largo de esta provincia s\u00f3lo hay dos zonas monta\u00f1osas: La Sierra de Tandil y Sierras de la Ventana.<br \/>\nLos lugares que proponemos est\u00e1n fuera de las principales rutas tur\u00edsticas, como aquellos rincones tan queridos de tu propio pa\u00eds. Se puede llegar f\u00e1cilmente en autob\u00fas desde Buenos Aires, el tiempo requerido es entre 1-4 d\u00edas cada uno.<br \/>\nPosibilidad de combinaci\u00f3n entre las diferentes rutas, ampliaci\u00f3n \/ reducci\u00f3n de los tiempos, medio de transporte, con o sin gu\u00eda, t\u00fa decides&#8230;<\/p>\n<table align=\"center\" bgcolor=\"#f49535\">\n<tbody>\n<tr>\n<td><strong><a title=\"Deltaventura\" href=\"http:\/\/www.360responsibletourism.com\/es\/2014\/07\/17\/deltaventura\/\">El Delta del Rio Paran\u00e1<\/a>:<\/strong>\u00a0Bonanza Deltaventura, Tigre<\/td>\n<\/tr>\n<tr>\n<td><strong><a title=\"Museo hist\u00f3rico Provincial y reserva natural Guillermo E.Hudson\" href=\"http:\/\/www.360responsibletourism.com\/es\/2014\/07\/17\/hudson\/\">El parque Museo Hudson<\/a>:<\/strong>\u00a0Municipalidad de Florencio Varela.<\/td>\n<\/tr>\n<tr>\n<td><strong><a title=\"La Ni\u00f1a Pueblo Rural\" href=\"http:\/\/www.360responsibletourism.com\/es\/2014\/07\/17\/la-nina-pueblo-rural\/\">La \u00d1i\u00f1a Pueblo Rural<\/a>:<\/strong>\u00a0Partido 9 de Julio, estancia la Catita.<\/td>\n<\/tr>\n<\/tbody>\n<\/table>\n","protected":false},"excerpt":{"rendered":"<p>La ciudad Los turistas de 360\u00b0 recorren la ciudad como un porte\u00f1o de buen humor que un d\u00eda levanta los ojos para miran en fin su ciudad. As\u00ed descubre los estilos heterog\u00e9neos de los edificios, rel\u00e1mpagos de luces entre los techos, la cara de la gente, el apuro o la&#8230;<\/p>\n","protected":false},"author":1,"featured_media":0,"parent":85,"menu_order":0,"comment_status":"closed","ping_status":"closed","template":"page-fullwidth.php","meta":{"footnotes":""},"_links":{"self":[{"href":"https:\/\/www.360responsibletourism.com\/es\/wp-json\/wp\/v2\/pages\/87"}],"collection":[{"href":"https:\/\/www.360responsibletourism.com\/es\/wp-json\/wp\/v2\/pages"}],"about":[{"href":"https:\/\/www.360responsibletourism.com\/es\/wp-json\/wp\/v2\/types\/page"}],"author":[{"embeddable":true,"href":"https:\/\/www.360responsibletourism.com\/es\/wp-json\/wp\/v2\/users\/1"}],"replies":[{"embeddable":true,"href":"https:\/\/www.360responsibletourism.com\/es\/wp-json\/wp\/v2\/comments?post=87"}],"version-history":[{"count":9,"href":"https:\/\/www.360responsibletourism.com\/es\/wp-json\/wp\/v2\/pages\/87\/revisions"}],"predecessor-version":[{"id":676,"href":"https:\/\/www.360responsibletourism.com\/es\/wp-json\/wp\/v2\/pages\/87\/revisions\/676"}],"up":[{"embeddable":true,"href":"https:\/\/www.360responsibletourism.com\/es\/wp-json\/wp\/v2\/pages\/85"}],"wp:attachment":[{"href":"https:\/\/www.360responsibletourism.com\/es\/wp-json\/wp\/v2\/media?parent=87"}],"curies":[{"name":"wp","href":"https:\/\/api.w.org\/{rel}","templated":true}]}}