{"id":89,"date":"2014-06-26T12:43:06","date_gmt":"2014-06-26T15:43:06","guid":{"rendered":"http:\/\/www.360responsibletourism.com\/es\/?page_id=89"},"modified":"2014-12-29T10:18:24","modified_gmt":"2014-12-29T13:18:24","slug":"viajes-en-patagonia","status":"publish","type":"page","link":"https:\/\/www.360responsibletourism.com\/es\/viajes\/viajes-en-patagonia\/","title":{"rendered":"Viajes en Patagonia"},"content":{"rendered":"<h3 style=\"text-align: center;\">Imperdible<\/h3>\n<p><img loading=\"lazy\" decoding=\"async\" class=\"alignleft  wp-image-500 size-medium\" src=\"http:\/\/www.360responsibletourism.com\/wp-content\/uploads\/2014\/05\/Calafate-2-300x225.jpg\" alt=\"Perito Moreno\" width=\"300\" height=\"225\" \/><br \/>\nNuestra propuesta para visitar la Patagonia Sur, combina los lugares tur\u00edsticos m\u00e1s destacados, con vivencias que har\u00e1n descubrir al viajero la impronta propia de la gente que vive en esta regi\u00f3n tan extensa y distante. Sitios impactantes, fauna en estado puro, gastronom\u00eda t\u00edpica y un largo recorrido por tierra, ofrecen la posibilidad de entender verdaderamente las dimensiones, la demograf\u00eda, la realidad social y territorial de la Patagonia.<\/p>\n<table align=\"center\" bgcolor=\"#f49535\">\n<tbody>\n<tr>\n<td width=\"20%\"><a title=\"Patagonia Sur y las Ballenas\" href=\"http:\/\/www.360responsibletourism.com\/es\/2014\/07\/13\/patagonia-sur-y-las-ballenas\/\"><strong>Las ballenas<\/strong><\/a><\/td>\n<td width=\"65%\">Ushuaia \u2013 Perito Moreno &#8211; El Chalten &#8211; Cueva de las Manos &#8211; Bosque Piertficado Sarmiento \u2013 Camarones \u2013 Peninsula Valdes.<\/td>\n<td width=\"15%\" align=\"right\"><strong>15 d\u00ecas<\/strong><\/td>\n<\/tr>\n<tr>\n<td width=\"20%\"><a title=\"Patagonia Sur y los Ping\u00fcinos\" href=\"http:\/\/www.360responsibletourism.com\/es\/2014\/07\/14\/patagonia-sur-y-los-pinguinos\/\"><strong>Los ping\u00fcinos<\/strong><\/a><\/td>\n<td width=\"65%\">Ushuaia \u2013 Perito Moreno \u2013 El Chalten &#8211; Puerto San Julian &#8211; Parque Nacional Bosque Pietrificado &#8211; Puerto Deseado.<\/td>\n<td width=\"15%\" align=\"right\"><strong>14 d\u00ecas<\/strong><\/td>\n<\/tr>\n<tr>\n<td width=\"20%\"><a title=\"Argentina y Chile\" href=\"http:\/\/www.360responsibletourism.com\/es\/2014\/07\/14\/argentina-y-chile\/\"><strong>Patagonia: Argentina y Chile<\/strong><\/a><\/td>\n<td width=\"65%\">Ushuaia \u2013 Punta Arenas \u2013 Parco Torres del Paine &#8211; Perito Moreno &#8211; El Chalten &#8211; Peninsula Valdes.<\/td>\n<td width=\"15%\" align=\"right\"><strong>17 d\u00ecas<\/strong><\/td>\n<\/tr>\n<\/tbody>\n<\/table>\n<h3 style=\"text-align: center;\">Los Rincones<\/h3>\n<p><img loading=\"lazy\" decoding=\"async\" class=\"alignleft wp-image-501 size-medium\" src=\"http:\/\/www.360responsibletourism.com\/wp-content\/uploads\/2014\/05\/Ushuaia-66-300x225.jpg\" alt=\"Ushuaia\" width=\"300\" height=\"225\" \/><br \/>\nNuestras recomendaciones para visitar la Patagonia van m\u00e1s all\u00e1 de los lugares conocidos. Empujamos al viajero a seguir los pasos de las personas que viven en esta regi\u00f3n tan grande y lejos de todo: paisajes que entregan un mensaje de paz y la naturaleza, animales salvajes, huellas de los tiempos geol\u00f3gicos, gastronom\u00eda t\u00edpica \u2026 y largos caminos de tierra sin fin que ofrecen la oportunidad de entender realmente el tama\u00f1o, la demograf\u00eda y la realidad social de la Patagonia.<br \/>\nLos lugares que proponemos est\u00e1n fuera de las principales rutas tur\u00edsticas, como aquellos rincones tan queridos de tu propio pa\u00eds.<\/p>\n<table align=\"center\" bgcolor=\"#f49535\">\n<tbody>\n<tr>\n<td width=\"20%\"><a title=\"Meseta Infinita\" href=\"http:\/\/www.360responsibletourism.com\/es\/2014\/07\/14\/meseta-infinita\/\"><strong>Altiplano Infinito<\/strong><\/a><\/td>\n<td width=\"65%\">Bariloche \u2013 Los Menucos \u2013 Meseta de Somoncur\u00e1 \u2013 Bariloche<\/td>\n<td width=\"15%\" align=\"right\"><strong>5 d\u00ecas<\/strong><\/td>\n<\/tr>\n<tr>\n<td width=\"20%\"><a title=\"Los Mapuches\" href=\"http:\/\/www.360responsibletourism.com\/es\/2014\/07\/14\/los-mapuches\/\"><strong>Acercandose a los Mapuches<\/strong><\/a><\/td>\n<td width=\"65%\">Bariloche \u2013 El Bolson y alrededores \u2013 Bariloche<\/td>\n<td width=\"15%\" align=\"right\"><strong>\u200b8 d\u00ecas<\/strong><\/td>\n<\/tr>\n<\/tbody>\n<\/table>\n","protected":false},"excerpt":{"rendered":"<p>Imperdible Nuestra propuesta para visitar la Patagonia Sur, combina los lugares tur\u00edsticos m\u00e1s destacados, con vivencias que har\u00e1n descubrir al viajero la impronta propia de la gente que vive en esta regi\u00f3n tan extensa y distante. Sitios impactantes, fauna en estado puro, gastronom\u00eda t\u00edpica y un largo recorrido por tierra,&#8230;<\/p>\n","protected":false},"author":1,"featured_media":0,"parent":85,"menu_order":0,"comment_status":"closed","ping_status":"closed","template":"page-fullwidth.php","meta":{"footnotes":""},"_links":{"self":[{"href":"https:\/\/www.360responsibletourism.com\/es\/wp-json\/wp\/v2\/pages\/89"}],"collection":[{"href":"https:\/\/www.360responsibletourism.com\/es\/wp-json\/wp\/v2\/pages"}],"about":[{"href":"https:\/\/www.360responsibletourism.com\/es\/wp-json\/wp\/v2\/types\/page"}],"author":[{"embeddable":true,"href":"https:\/\/www.360responsibletourism.com\/es\/wp-json\/wp\/v2\/users\/1"}],"replies":[{"embeddable":true,"href":"https:\/\/www.360responsibletourism.com\/es\/wp-json\/wp\/v2\/comments?post=89"}],"version-history":[{"count":13,"href":"https:\/\/www.360responsibletourism.com\/es\/wp-json\/wp\/v2\/pages\/89\/revisions"}],"predecessor-version":[{"id":677,"href":"https:\/\/www.360responsibletourism.com\/es\/wp-json\/wp\/v2\/pages\/89\/revisions\/677"}],"up":[{"embeddable":true,"href":"https:\/\/www.360responsibletourism.com\/es\/wp-json\/wp\/v2\/pages\/85"}],"wp:attachment":[{"href":"https:\/\/www.360responsibletourism.com\/es\/wp-json\/wp\/v2\/media?parent=89"}],"curies":[{"name":"wp","href":"https:\/\/api.w.org\/{rel}","templated":true}]}}