{"id":91,"date":"2014-06-26T12:43:40","date_gmt":"2014-06-26T15:43:40","guid":{"rendered":"http:\/\/www.360responsibletourism.com\/es\/?page_id=91"},"modified":"2014-12-29T10:21:47","modified_gmt":"2014-12-29T13:21:47","slug":"viajes-en-el-noreste","status":"publish","type":"page","link":"https:\/\/www.360responsibletourism.com\/es\/viajes\/viajes-en-el-noreste\/","title":{"rendered":"Viajes en el Noreste"},"content":{"rendered":"<h3 style=\"text-align: center;\">Imperdible<\/h3>\n<p><img loading=\"lazy\" decoding=\"async\" class=\"alignleft wp-image-505 size-medium\" src=\"http:\/\/www.360responsibletourism.com\/wp-content\/uploads\/2014\/05\/misiones20040019-300x225.jpg\" alt=\"Cataratas de Iguaz\u00f9\" width=\"300\" height=\"225\" \/><br \/>\nEl NorEste es un mundo de agua, que fluye incesante, y se trasforma en r\u00edos, arroyos, gotas, neblina y vapor, para volver a ser agua una y otra vez. El NorEste es un mundo de luz que juega con los colores de la selva exuberante, que se confunde con el agua para hacer brillar el verde y azul con la tierra roja, punteada de mariposas y flores. El NorEste es la tierra de los Guaranies y de sus historias. El Noroeste es un mundo pr\u00edstino y refinado, donde prevalece la fuerza de la naturaleza y de sus guardianes ancestrales.<\/p>\n<table align=\"center\" bgcolor=\"#f49535\">\n<tbody>\n<tr>\n<td width=\"20%\"><a title=\"Maravillas de Misiones\" href=\"http:\/\/www.360responsibletourism.com\/es\/2014\/07\/16\/maravillas-de-misiones\/\"><strong>Todas las maravillas de Misiones<\/strong><\/a><\/td>\n<td width=\"65%\">Iguazu \u2013 las comunidades Guarani \u2013 Mocon\u00e1 \u2013 las misiones jesuiticas en Argentina y Paraguay.\u200b<\/td>\n<td width=\"15%\"><strong>8 d\u00ecas<\/strong><\/td>\n<\/tr>\n<tr>\n<td width=\"20%\"><a title=\"Lo mejor de Misiones\" href=\"http:\/\/www.360responsibletourism.com\/es\/2014\/07\/16\/lo-mejor-de-misiones\/\"><strong>Lo\u00a0mejor de Misiones<\/strong><\/a><\/td>\n<td width=\"65%\">Las Misiones de San Ignacio Min\u00ed \u2013 Iguazu y las comunidades Guaran\u00ed<\/td>\n<td width=\"15%\">\u200b<strong>\u200b3 d\u00ecas<\/strong><\/td>\n<\/tr>\n<\/tbody>\n<\/table>\n<h3 style=\"text-align: center;\">Los rincones<\/h3>\n<p><img loading=\"lazy\" decoding=\"async\" class=\"alignleft wp-image-506 size-medium\" src=\"http:\/\/www.360responsibletourism.com\/wp-content\/uploads\/2014\/05\/comunidad-guarani-300x200.jpg\" alt=\"Guaran\u00ec\" width=\"300\" height=\"200\" \/><br \/>\nNuestras sugerencias en la regi\u00f3n de \u201caguas\u201d van m\u00e1s all\u00e1 de los lugares conocidos as\u00ed exploramos los Esteros del Iber\u00e1 donde las plantas se regeneran en continuaci\u00f3n, los animales son f\u00e1ciles de detectar: caimanes (yacar\u00e9), tapires, venados y aves de todo tipo. Y en fin los gauchos, el folclore\u2026 atardeceres rojos, la calma de la noche&#8230;<\/p>\n<table align=\"center\" bgcolor=\"#f49535\">\n<tbody>\n<tr>\n<td width=\"20%\"><a title=\"Los Esteros del Iber\u00e1\" href=\"http:\/\/www.360responsibletourism.com\/es\/2014\/07\/16\/los-esteros-del-ibera\/\"><strong>Estero del Iber\u00e0<\/strong><\/a><\/td>\n<td width=\"65%\">Colonia Pellegrini y la Reserva Natural del Iber\u00e1<\/td>\n<td width=\"15%\">\u200b<strong>4 d\u00ecas<\/strong><\/td>\n<\/tr>\n<tr>\n<td width=\"20%\"><a title=\"Chavarr\u00eda\" href=\"http:\/\/www.360responsibletourism.com\/es\/2014\/07\/13\/chavarria\/\"><strong>Corrientes Chavarr\u00eda<\/strong><\/a><\/td>\n<td width=\"65%\">Un t\u00edpico pueblo, entre la tradici\u00f3n y las aguas<\/td>\n<td width=\"15%\"><strong>4 d\u00ecas<\/strong><\/td>\n<\/tr>\n<tr>\n<td width=\"20%\"><a title=\"El Cachap\u00e9\" href=\"http:\/\/www.360responsibletourism.com\/es\/2014\/07\/13\/el-cachape\/\"><strong>Estancia El Cachap\u00e9<\/strong><strong>\u200b<\/strong><\/a><\/td>\n<td width=\"65%\">Resistencia \u2013 El Cachape &#8211; Resistencia<\/td>\n<td width=\"15%\"><strong>4 d\u00ecas<\/strong><\/td>\n<\/tr>\n<\/tbody>\n<\/table>\n","protected":false},"excerpt":{"rendered":"<p>Imperdible El NorEste es un mundo de agua, que fluye incesante, y se trasforma en r\u00edos, arroyos, gotas, neblina y vapor, para volver a ser agua una y otra vez. El NorEste es un mundo de luz que juega con los colores de la selva exuberante, que se confunde con&#8230;<\/p>\n","protected":false},"author":1,"featured_media":0,"parent":85,"menu_order":0,"comment_status":"closed","ping_status":"closed","template":"page-fullwidth.php","meta":{"footnotes":""},"_links":{"self":[{"href":"https:\/\/www.360responsibletourism.com\/es\/wp-json\/wp\/v2\/pages\/91"}],"collection":[{"href":"https:\/\/www.360responsibletourism.com\/es\/wp-json\/wp\/v2\/pages"}],"about":[{"href":"https:\/\/www.360responsibletourism.com\/es\/wp-json\/wp\/v2\/types\/page"}],"author":[{"embeddable":true,"href":"https:\/\/www.360responsibletourism.com\/es\/wp-json\/wp\/v2\/users\/1"}],"replies":[{"embeddable":true,"href":"https:\/\/www.360responsibletourism.com\/es\/wp-json\/wp\/v2\/comments?post=91"}],"version-history":[{"count":10,"href":"https:\/\/www.360responsibletourism.com\/es\/wp-json\/wp\/v2\/pages\/91\/revisions"}],"predecessor-version":[{"id":679,"href":"https:\/\/www.360responsibletourism.com\/es\/wp-json\/wp\/v2\/pages\/91\/revisions\/679"}],"up":[{"embeddable":true,"href":"https:\/\/www.360responsibletourism.com\/es\/wp-json\/wp\/v2\/pages\/85"}],"wp:attachment":[{"href":"https:\/\/www.360responsibletourism.com\/es\/wp-json\/wp\/v2\/media?parent=91"}],"curies":[{"name":"wp","href":"https:\/\/api.w.org\/{rel}","templated":true}]}}