{"id":93,"date":"2014-06-26T12:44:19","date_gmt":"2014-06-26T15:44:19","guid":{"rendered":"http:\/\/www.360responsibletourism.com\/es\/?page_id=93"},"modified":"2014-12-29T10:20:06","modified_gmt":"2014-12-29T13:20:06","slug":"viajes-en-el-noroeste","status":"publish","type":"page","link":"https:\/\/www.360responsibletourism.com\/es\/viajes\/viajes-en-el-noroeste\/","title":{"rendered":"Viajes en el Noroeste"},"content":{"rendered":"<h3 style=\"text-align: center;\">Imperdible<\/h3>\n<p><img loading=\"lazy\" decoding=\"async\" class=\"alignleft wp-image-513 size-medium\" src=\"http:\/\/www.360responsibletourism.com\/wp-content\/uploads\/2014\/05\/Quebrada00071-300x225.jpg\" alt=\"Quebrada de Humahuaca\" width=\"300\" height=\"225\" \/><br \/>\nEl NorOeste est\u00e1 caracterizado por los colores, los sabores fuertes y m\u00e1s aun, por las caras y las vivencias de la gente que nos reciben con su rica cultura y sabia espiritualidad. Ac\u00e1, donde el agua entalla las tierras, las monta\u00f1as tienen colores del arco iris; las rocas, erosionadas por el viento, tienen formas fantasiosas; los valles verdes y las terrazas de piedras, nos hablan de tradiciones ancestrales; y los pueblitos en estilo colonial se contraponen a paisajes lunares.<\/p>\n<table align=\"center\" bgcolor=\"#f49535\">\n<tbody>\n<tr>\n<td width=\"20%\"><a title=\"Todo NorOeste\" href=\"http:\/\/www.360responsibletourism.com\/es\/2014\/07\/17\/todo-noroeste\/\"><strong>Todos Norte y Centro Oeste<\/strong><\/a><\/td>\n<td width=\"65%\">Jujuy \u2013 Salta \u2013 Cafayate \u2013 Quilmes \u2013 Antofagasta de la Sierra \u2013 Belen \u2013 Paso San Francisco \u2013 Fiambala \u2013 Tinogasta \u2013 Chilecito \u2013 Villa Union \u2013 Valle de la Luna \u2013 Talampaya \u2013 La Rioja<\/td>\n<td width=\"15%\"><strong>16 d\u00ecas<\/strong><\/td>\n<\/tr>\n<tr>\n<td width=\"20%\"><a title=\"Salares y Desiertos\" href=\"http:\/\/www.360responsibletourism.com\/es\/2014\/07\/16\/salares-y-desiertos\/\"><strong>Salares y Desiertos<\/strong><\/a><\/td>\n<td width=\"65%\">Salta \u2013 Cafayate \u2013 Cachi \u2013 Salta \u2013 San Pedro de Atacama (Chile) \u2013 Salar de Uyuni (Bolivia) \u2013 La Quiaca \u2013 Quebrada de Humahuaca \u2013 S.S. de Jujuy<\/td>\n<td width=\"15%\"><strong>13 d\u00ecas<\/strong><\/td>\n<\/tr>\n<\/tbody>\n<\/table>\n<h3 style=\"text-align: center;\">Los rincones<\/h3>\n<p><img loading=\"lazy\" decoding=\"async\" class=\"alignleft wp-image-514 size-medium\" src=\"http:\/\/www.360responsibletourism.com\/wp-content\/uploads\/2014\/05\/25_0101-300x200.jpg\" alt=\"Machuca\" width=\"300\" height=\"200\" \/><br \/>\nEl \u201ccamino real\u201d que un\u00eda Lima a Buenos Aires en la \u00e9poca de la colonia espa\u00f1ola, ha marcado la historia de  ciudades como Tucum\u00e1n, Salta y San Salvador de Jujuy. Luego est\u00e1 La Rioja, San Juan, Mendoza y C\u00f3rdoba. Y por esta ruta pasamos volvemos sobre los restos de una arquitectura t\u00edpica colonial, entre valles f\u00e9rtiles y los Andes. La cultura pre-Inca a\u00fan vive en las monta\u00f1as, paisajes lunares y coloridos entre las hileras de vi\u00f1edos. El mito de la Pachamama se confronta con la triste realidad de los desastres ambientales de las minas; de las luchas sociales en contra de un sistema a veces casi feudal.<\/p>\n<table align=\"center\" bgcolor=\"#f49535\">\n<tbody>\n<tr>\n<td width=\"25%\"><a title=\"Turismo Campesino\" href=\"http:\/\/www.360responsibletourism.com\/es\/2014\/07\/16\/turismo-campesino\/\"><strong>Red de Turismo Campesino<\/strong><\/a><\/td>\n<td width=\"75%\">Turismo Rural en familia en Valles Calchauiqes \u2013 Cafayate \u2013 San Carlos y alrededores<\/td>\n<\/tr>\n<tr>\n<td><a title=\"Trekking Iruya\" href=\"http:\/\/www.360responsibletourism.com\/es\/2014\/07\/16\/trekking-iruya\/\"><strong>Trekking Iruya<\/strong><\/a><\/td>\n<td>Salta \u2013 Tilcara \u2013 Humahuca \u2013 Yruya \u2013 Salar Grande &#8211; Purmamarca<\/td>\n<\/tr>\n<tr>\n<td width=\"25%\"><a title=\"Caminos de Altamira\" href=\"http:\/\/www.360responsibletourism.com\/es\/2014\/07\/16\/caminos-de-altamira\/\"><strong>Caminos de Altamira<\/strong><\/a><\/td>\n<td width=\"75%\">Agriturismo en Mendoza \u2013 Valle dell&#8217;Uco \u2013 vi\u00f1edos y tradiciones<\/td>\n<\/tr>\n<\/tbody>\n<\/table>\n","protected":false},"excerpt":{"rendered":"<p>Imperdible El NorOeste est\u00e1 caracterizado por los colores, los sabores fuertes y m\u00e1s aun, por las caras y las vivencias de la gente que nos reciben con su rica cultura y sabia espiritualidad. Ac\u00e1, donde el agua entalla las tierras, las monta\u00f1as tienen colores del arco iris; las rocas, erosionadas&#8230;<\/p>\n","protected":false},"author":1,"featured_media":0,"parent":85,"menu_order":0,"comment_status":"closed","ping_status":"closed","template":"page-fullwidth.php","meta":{"footnotes":""},"_links":{"self":[{"href":"https:\/\/www.360responsibletourism.com\/es\/wp-json\/wp\/v2\/pages\/93"}],"collection":[{"href":"https:\/\/www.360responsibletourism.com\/es\/wp-json\/wp\/v2\/pages"}],"about":[{"href":"https:\/\/www.360responsibletourism.com\/es\/wp-json\/wp\/v2\/types\/page"}],"author":[{"embeddable":true,"href":"https:\/\/www.360responsibletourism.com\/es\/wp-json\/wp\/v2\/users\/1"}],"replies":[{"embeddable":true,"href":"https:\/\/www.360responsibletourism.com\/es\/wp-json\/wp\/v2\/comments?post=93"}],"version-history":[{"count":9,"href":"https:\/\/www.360responsibletourism.com\/es\/wp-json\/wp\/v2\/pages\/93\/revisions"}],"predecessor-version":[{"id":678,"href":"https:\/\/www.360responsibletourism.com\/es\/wp-json\/wp\/v2\/pages\/93\/revisions\/678"}],"up":[{"embeddable":true,"href":"https:\/\/www.360responsibletourism.com\/es\/wp-json\/wp\/v2\/pages\/85"}],"wp:attachment":[{"href":"https:\/\/www.360responsibletourism.com\/es\/wp-json\/wp\/v2\/media?parent=93"}],"curies":[{"name":"wp","href":"https:\/\/api.w.org\/{rel}","templated":true}]}}