{"id":15,"date":"2014-07-12T19:49:20","date_gmt":"2014-07-12T17:49:20","guid":{"rendered":"http:\/\/www.360responsibletourism.com\/fr\/?page_id=15"},"modified":"2017-12-13T09:18:44","modified_gmt":"2017-12-13T08:18:44","slug":"a-propos-de-nous","status":"publish","type":"page","link":"https:\/\/www.360responsibletourism.com\/fr\/a-propos-de-nous\/","title":{"rendered":"\u00c0 propos de nous"},"content":{"rendered":"<p><img loading=\"lazy\" decoding=\"async\" class=\"alignleft wp-image-209 size-full\" src=\"http:\/\/www.360responsibletourism.com\/wp-content\/uploads\/2014\/05\/logo-t3601.jpg\" alt=\"Logo 360\u00b0\" width=\"245\" height=\"213\" \/><\/p>\n<h2>360\u00b0\u00a0Responsible Tourism<\/h2>\n<p>est <strong>un r\u00e9seau de professionnels sp\u00e9cialis\u00e9s<\/strong> ans le tourisme responsable en Argentine. Ils organisent des voyages fond\u00e9es sur le respect et la participation des communaut\u00e9s locales et autochtones, la conservation de la nature et du d\u00e9veloppement durable. Nous encourageons la responsabilit\u00e9 et voyageur de conscience. Notre devise est: Dans le monde, il n&rsquo;est ni au-dessus ni au-dessous, ni le premier ni le second, tout est 360 \u00b0. Nos propositions se concentrent sur la population locale, des endroits sauvages et des guides passionn\u00e9s.<br \/>\n<a title=\"Contactez-nous\" href=\"http:\/\/www.360responsibletourism.com\/fr\/a-propos-de-nous\/contactez-nous\/\">Contactez-nous<\/a> si vous souhaitez cr\u00e9er votre propre itin\u00e9raire personnalis\u00e9 ou si vous avez besoin de plus amples renseignements au sujet de nos propositions.<\/p>\n","protected":false},"excerpt":{"rendered":"<p>360\u00b0\u00a0Responsible Tourism est un r\u00e9seau de professionnels sp\u00e9cialis\u00e9s ans le tourisme responsable en Argentine. Ils organisent des voyages fond\u00e9es sur le respect et la participation des communaut\u00e9s locales et autochtones, la conservation de la nature et du d\u00e9veloppement durable. Nous encourageons la responsabilit\u00e9 et voyageur de conscience. Notre devise est:&#8230;<\/p>\n","protected":false},"author":1,"featured_media":0,"parent":0,"menu_order":0,"comment_status":"closed","ping_status":"closed","template":"","meta":{"footnotes":""},"_links":{"self":[{"href":"https:\/\/www.360responsibletourism.com\/fr\/wp-json\/wp\/v2\/pages\/15"}],"collection":[{"href":"https:\/\/www.360responsibletourism.com\/fr\/wp-json\/wp\/v2\/pages"}],"about":[{"href":"https:\/\/www.360responsibletourism.com\/fr\/wp-json\/wp\/v2\/types\/page"}],"author":[{"embeddable":true,"href":"https:\/\/www.360responsibletourism.com\/fr\/wp-json\/wp\/v2\/users\/1"}],"replies":[{"embeddable":true,"href":"https:\/\/www.360responsibletourism.com\/fr\/wp-json\/wp\/v2\/comments?post=15"}],"version-history":[{"count":11,"href":"https:\/\/www.360responsibletourism.com\/fr\/wp-json\/wp\/v2\/pages\/15\/revisions"}],"predecessor-version":[{"id":454,"href":"https:\/\/www.360responsibletourism.com\/fr\/wp-json\/wp\/v2\/pages\/15\/revisions\/454"}],"wp:attachment":[{"href":"https:\/\/www.360responsibletourism.com\/fr\/wp-json\/wp\/v2\/media?parent=15"}],"curies":[{"name":"wp","href":"https:\/\/api.w.org\/{rel}","templated":true}]}}