{"id":20,"date":"2014-07-12T20:03:18","date_gmt":"2014-07-12T18:03:18","guid":{"rendered":"http:\/\/www.360responsibletourism.com\/fr\/?page_id=20"},"modified":"2014-12-29T15:35:00","modified_gmt":"2014-12-29T14:35:00","slug":"argentine","status":"publish","type":"page","link":"https:\/\/www.360responsibletourism.com\/fr\/argentine\/","title":{"rendered":"Argentine"},"content":{"rendered":"<p>L&rsquo;Argentine est un pays immense avec des domaines tr\u00e8s diff\u00e9rents entre eux. Pour plus de commodit\u00e9, nous allons diviser en quatre zones pour les d\u00e9crire plus en d\u00e9tail:<\/p>\n<table align=\"center\">\n<tbody>\n<tr>\n<td style=\"text-align: center;\" width=\"30%\"><strong><a title=\"Buenos Aires\" href=\"http:\/\/www.360responsibletourism.com\/fr\/argentine\/buenos-aires\/\">Buenos Aires<\/a><\/strong><a title=\"Buenos Aires\" href=\"http:\/\/www.360responsibletourism.com\/fr\/argentine\/buenos-aires\/\"><img loading=\"lazy\" decoding=\"async\" class=\"aligncenter size-medium wp-image-1667\" src=\"http:\/\/www.360responsibletourism.com\/wp-content\/uploads\/2014\/05\/Mappe-regione-pampas-300x275.jpg\" alt=\"Regione Pampa\" width=\"300\" height=\"275\" \/><\/a><\/td>\n<td style=\"text-align: center;\" width=\"30%\"><strong><a title=\"Patagonie\" href=\"http:\/\/www.360responsibletourism.com\/fr\/argentine\/patagonie\/\">Patagonie<\/a><\/strong><a title=\"La Patagonia\" href=\"http:\/\/www.360responsibletourism.com\/fr\/argentine\/patagonie\/\"><img loading=\"lazy\" decoding=\"async\" class=\"aligncenter size-medium wp-image-1668\" src=\"http:\/\/www.360responsibletourism.com\/wp-content\/uploads\/2014\/05\/Mappe-regione-patagonia-171x300.jpg\" alt=\"Regione Patagonia\" width=\"171\" height=\"300\" \/><\/a><\/td>\n<\/tr>\n<tr>\n<td style=\"text-align: center;\" width=\"30%\"><strong><a title=\"Nord-Ouest et Cuyo\" href=\"http:\/\/www.360responsibletourism.com\/fr\/argentine\/nord-ouest-et-cuyo\/\">Nord-ouest<\/a><\/strong><a title=\"Il nord ovest\" href=\"http:\/\/www.360responsibletourism.com\/fr\/argentine\/nord-ouest-et-cuyo\/\"><img loading=\"lazy\" decoding=\"async\" class=\"aligncenter size-medium wp-image-1669\" src=\"http:\/\/www.360responsibletourism.com\/wp-content\/uploads\/2014\/05\/Mappa-nord-ovest-278x300.jpg\" alt=\"Regione Nord-Ovest\" width=\"278\" height=\"300\" \/><\/a><\/td>\n<td style=\"text-align: center;\" width=\"30%\"><strong><a title=\"Nord-Est\" href=\"http:\/\/www.360responsibletourism.com\/fr\/argentine\/nord-est\/\">Nord-est<\/a><\/strong><a title=\"Il nord est\" href=\"http:\/\/www.360responsibletourism.com\/fr\/argentine\/nord-est\/\"><img loading=\"lazy\" decoding=\"async\" class=\"aligncenter size-full wp-image-1670\" src=\"http:\/\/www.360responsibletourism.com\/wp-content\/uploads\/2014\/05\/Mesopotamia_argentina.png\" alt=\"Regione Nord-Est\" width=\"244\" height=\"299\" \/><\/a><\/td>\n<\/tr>\n<\/tbody>\n<\/table>\n<p>En plus de connaissances sur les r\u00e9gions peuvent alors trouver d&rsquo;autres id\u00e9es relatives \u00e0 <a title=\"Renseignements utiles\" href=\"http:\/\/www.360responsibletourism.com\/fr\/argentine\/renseignements-utiles\/\">l&rsquo;information g\u00e9n\u00e9rale utile<\/a> pour voyager avec nous.<\/p>\n","protected":false},"excerpt":{"rendered":"<p>L&rsquo;Argentine est un pays immense avec des domaines tr\u00e8s diff\u00e9rents entre eux. Pour plus de commodit\u00e9, nous allons diviser en quatre zones pour les d\u00e9crire plus en d\u00e9tail: Buenos Aires Patagonie Nord-ouest Nord-est En plus de connaissances sur les r\u00e9gions peuvent alors trouver d&rsquo;autres id\u00e9es relatives \u00e0 l&rsquo;information g\u00e9n\u00e9rale utile&#8230;<\/p>\n","protected":false},"author":1,"featured_media":0,"parent":0,"menu_order":0,"comment_status":"closed","ping_status":"closed","template":"","meta":{"footnotes":""},"_links":{"self":[{"href":"https:\/\/www.360responsibletourism.com\/fr\/wp-json\/wp\/v2\/pages\/20"}],"collection":[{"href":"https:\/\/www.360responsibletourism.com\/fr\/wp-json\/wp\/v2\/pages"}],"about":[{"href":"https:\/\/www.360responsibletourism.com\/fr\/wp-json\/wp\/v2\/types\/page"}],"author":[{"embeddable":true,"href":"https:\/\/www.360responsibletourism.com\/fr\/wp-json\/wp\/v2\/users\/1"}],"replies":[{"embeddable":true,"href":"https:\/\/www.360responsibletourism.com\/fr\/wp-json\/wp\/v2\/comments?post=20"}],"version-history":[{"count":6,"href":"https:\/\/www.360responsibletourism.com\/fr\/wp-json\/wp\/v2\/pages\/20\/revisions"}],"predecessor-version":[{"id":373,"href":"https:\/\/www.360responsibletourism.com\/fr\/wp-json\/wp\/v2\/pages\/20\/revisions\/373"}],"wp:attachment":[{"href":"https:\/\/www.360responsibletourism.com\/fr\/wp-json\/wp\/v2\/media?parent=20"}],"curies":[{"name":"wp","href":"https:\/\/api.w.org\/{rel}","templated":true}]}}