{"id":22,"date":"2014-07-12T20:06:17","date_gmt":"2014-07-12T18:06:17","guid":{"rendered":"http:\/\/www.360responsibletourism.com\/fr\/?page_id=22"},"modified":"2014-12-29T13:48:09","modified_gmt":"2014-12-29T12:48:09","slug":"buenos-aires","status":"publish","type":"page","link":"https:\/\/www.360responsibletourism.com\/fr\/argentine\/buenos-aires\/","title":{"rendered":"Buenos Aires"},"content":{"rendered":"<h2 style=\"text-align: center;\">La Ville Autonome de Buenos Aires<\/h2>\n<p><a title=\"La Ville Autonome de Buenos Aires\" href=\"http:\/\/www.360responsibletourism.com\/fr\/argentine\/buenos-aires\/la-ville-autonome-de-buenos-aires\/\"><img loading=\"lazy\" decoding=\"async\" class=\"alignleft wp-image-216 size-medium\" src=\"http:\/\/www.360responsibletourism.com\/wp-content\/uploads\/2014\/05\/bsas-background_2-300x198.jpg\" alt=\"Buenos Aires Citt\u00e0\" width=\"300\" height=\"225\" \/><\/a><br \/>\nLes visiteurs en provenance de 360 \u200b\u200b\u00b0 \u00e0 travers la ville comme un Porte\u00f1o (comme on les appelle en Argentine, les habitants de Buenos Aires) dans une bonne humeur ce jour-l\u00e0 roule des yeux et tourne sa ville. Donc d\u00e9couvrir divers styles de b\u00e2timents, des \u00e9clairs de lumi\u00e8re entre les toits, les visages des gens, les bouderies et les sourires, les \u00e9tals de marchandises ou les magasins de luxe. Ne pas s&rsquo;asseoir sur une aseptique bus priv\u00e9 et isolante.<br \/>\n<\/br><br \/>\n<\/br><br \/>\n<\/br><br \/>\n<\/br><\/p>\n<h2 style=\"text-align: center;\">Province de Buenos Aires<\/h2>\n<p><a title=\"Province de Buenos Aires\" href=\"http:\/\/www.360responsibletourism.com\/fr\/argentine\/buenos-aires\/province-de-buenos-aires\/\"><img loading=\"lazy\" decoding=\"async\" class=\"alignleft  wp-image-217 size-medium\" src=\"http:\/\/www.360responsibletourism.com\/wp-content\/uploads\/2014\/05\/8f87df_185acb91b71327d200387fb337f688da.jpg_srz_p_410_285_75_22_0.50_1.20_0.00-300x208.jpg\" alt=\"Carlos Keen\" width=\"300\" height=\"208\" \/><\/a><br \/>\nJuste \u00e0 l&rsquo;ext\u00e9rieur de l&rsquo;extension urbaine du Grand Buenos Aires de pr\u00e8s de 100 km de rayon \u00e0 partir du centre de la ville elle-m\u00eame, le paysage est monopolis\u00e9 par la plaine verdoyante qui relie le ciel \u00e0 l&rsquo;horizon. Bovins paissent en libert\u00e9 et les champs environnants sont entrecoup\u00e9es de rares maisons isol\u00e9es et entour\u00e9es d&rsquo;arbres. Tout au long de cette province, il n&rsquo;y a que deux zones de collines, caract\u00e9ris\u00e9 par des for\u00eats et des cours d&rsquo;eau: La Sierra de Tandil et Ventana les Sierras.<\/p>\n<table>\n<tbody>\n<tr>\n<td bgcolor=\"#f49535\"><strong>Li\u00e8ns:<\/strong><\/td>\n<\/tr>\n<\/tbody>\n<\/table>\n<table>\n<tbody>\n<tr>\n<td width=\"50%\" bgcolor=\"#f49535\">\n<ul>\n<li><a title=\"Abasto\" href=\"http:\/\/carloscantini.com\/tag\/abasto\/\" target=\"_blank\">Abasto, patrimonio e identit\u00e0<\/a><\/li>\n<li><a title=\"Arte y Esperanza\" href=\"http:\/\/www.arteyesperanza.com.ar\/\" target=\"_blank\">Arte y Esperanza<\/a><\/li>\n<li><a title=\"Memoria Abierta\" href=\"http:\/\/www.memoriaabierta.org.ar\/camino_al_museo3.php\" target=\"_blank\">Escuela Superior de Mec\u00e1nica de la Armada (ESMA)<\/a><\/li>\n<li><a title=\"La Nina\" href=\"http:\/\/www.xn--lania100aos-4dbf.com\/pagina-principal\/conoce-la-nina\/\" target=\"_blank\">La Ni\u00f1a<\/a><\/li>\n<li><a title=\"ONPIA\" href=\"http:\/\/rie.cl\/?a=93735\" target=\"_blank\">ONPIA<\/a><\/li>\n<li><a title=\"Buenos Aires\" href=\"http:\/\/www.buenosaires.gob.ar\/\" target=\"_blank\">Ciudad de Buenos Aires<\/a><\/li>\n<\/ul>\n<\/td>\n<td width=\"50%\" bgcolor=\"#f49535\">\n<ul>\n<li><a title=\"Abuelas de Plaza de Mayo\" href=\"http:\/\/www.abuelas.org.ar\/\" target=\"_blank\">Abuelas de Plaza de Mayo<\/a><\/li>\n<li><a title=\"Bonanza Deltaventura\" href=\"http:\/\/www.deltaventura.com\/home.html\" target=\"_blank\">Bonanza Deltaventura<\/a><\/li>\n<li><a title=\"Grissinopoli\" href=\"http:\/\/www.primordiales.com.ar\/estrenos\/grissinipoli.htm\" target=\"_blank\">Grissinopoli<\/a><\/li>\n<li><a title=\"Madres de plaza de mayo\" href=\"http:\/\/www.madres.org\/\" target=\"_blank\">Madres de Plaza de Mayo<\/a><\/li>\n<li><a title=\"Provincia de Buenos Aires\" href=\"http:\/\/www.gba.gob.ar\/\" target=\"_blank\">Provincia de Buenos Aires<\/a><\/li>\n<\/ul>\n<\/td>\n<\/tr>\n<\/tbody>\n<\/table>\n","protected":false},"excerpt":{"rendered":"<p>La Ville Autonome de Buenos Aires Les visiteurs en provenance de 360 \u200b\u200b\u00b0 \u00e0 travers la ville comme un Porte\u00f1o (comme on les appelle en Argentine, les habitants de Buenos Aires) dans une bonne humeur ce jour-l\u00e0 roule des yeux et tourne sa ville. Donc d\u00e9couvrir divers styles de b\u00e2timents,&#8230;<\/p>\n","protected":false},"author":1,"featured_media":0,"parent":20,"menu_order":0,"comment_status":"closed","ping_status":"closed","template":"","meta":{"footnotes":""},"_links":{"self":[{"href":"https:\/\/www.360responsibletourism.com\/fr\/wp-json\/wp\/v2\/pages\/22"}],"collection":[{"href":"https:\/\/www.360responsibletourism.com\/fr\/wp-json\/wp\/v2\/pages"}],"about":[{"href":"https:\/\/www.360responsibletourism.com\/fr\/wp-json\/wp\/v2\/types\/page"}],"author":[{"embeddable":true,"href":"https:\/\/www.360responsibletourism.com\/fr\/wp-json\/wp\/v2\/users\/1"}],"replies":[{"embeddable":true,"href":"https:\/\/www.360responsibletourism.com\/fr\/wp-json\/wp\/v2\/comments?post=22"}],"version-history":[{"count":8,"href":"https:\/\/www.360responsibletourism.com\/fr\/wp-json\/wp\/v2\/pages\/22\/revisions"}],"predecessor-version":[{"id":355,"href":"https:\/\/www.360responsibletourism.com\/fr\/wp-json\/wp\/v2\/pages\/22\/revisions\/355"}],"up":[{"embeddable":true,"href":"https:\/\/www.360responsibletourism.com\/fr\/wp-json\/wp\/v2\/pages\/20"}],"wp:attachment":[{"href":"https:\/\/www.360responsibletourism.com\/fr\/wp-json\/wp\/v2\/media?parent=22"}],"curies":[{"name":"wp","href":"https:\/\/api.w.org\/{rel}","templated":true}]}}