{"id":24,"date":"2014-07-13T14:45:22","date_gmt":"2014-07-13T12:45:22","guid":{"rendered":"http:\/\/www.360responsibletourism.com\/fr\/?page_id=24"},"modified":"2014-12-29T13:58:54","modified_gmt":"2014-12-29T12:58:54","slug":"la-ville-autonome-de-buenos-aires","status":"publish","type":"page","link":"https:\/\/www.360responsibletourism.com\/fr\/argentine\/buenos-aires\/la-ville-autonome-de-buenos-aires\/","title":{"rendered":"La Ville Autonome de Buenos Aires"},"content":{"rendered":"<p>Fond\u00e9 \u00e0 deux reprises (par Mendoza en 1536 et par Juan de Garay en 1580), le fort s\u2019est d\u00e9velopp\u00e9 donnant lieu \u00e0 la colonie puis \u00e0 la ville qui r\u00e9ussit \u00e0 \u00eatre consid\u00e9r\u00e9 comme le \u00ab Paris d\u2019Am\u00e9rique du Sud \u00bb. Le nombre important d\u2019immigrants \u2013 accueillis jusqu\u2019\u00e0 la fin du 19\u00e8me si\u00e8cle \u2013 donna \u00e0 la ville une identit\u00e9 particuli\u00e8re, caract\u00e9ris\u00e9e par sa richesse et sa diversit\u00e9, qui exerce encore une influence aujourd\u2019hui. Buenos Aires poss\u00e8de de nombreuses attractivit\u00e9s, aussi bien culturelles, sociales, artistiques, historiques, architecturales, gastronomiques que religieuses. Le tango \u2013 son expression par excellence \u2013 comme danse, po\u00e9sie, musique et sentiment se retrouve dans plusieurs quartiers de la ville, \u00e0 chaque coin de rue.<\/p>\n<h2><img loading=\"lazy\" decoding=\"async\" class=\" wp-image-224 size-medium alignleft\" src=\"http:\/\/www.360responsibletourism.com\/wp-content\/uploads\/2014\/05\/BUENOS21-300x225.jpg\" alt=\"Casa Rosada\" width=\"300\" height=\"225\" \/>Le Centre Historique<\/h2>\n<p>Suivant le sch\u00e9ma de fondation des villes des Espagnols, le si\u00e8ge de l\u2019organisation gouvernementale et administrative de Buenos Aires se situe au c\u0153ur du centre historique.<\/p>\n<p><strong>Place de Mai<\/strong> C\u2019est le centre historique de la ville et le lieu de sc\u00e8ne de tous les \u00e9v\u00e8nements politiques du pays. Autour de la traditionnelle Pyramide, situ\u00e9e dans le centre, \u00ab les M\u00e8res de la Place de Mai \u00bb r\u00e9alisent chaque jeudi leur traditionnelle marche, \u00e0 15 heures. Cette fameuse place est entour\u00e9e de b\u00e2timents, qui t\u00e9moignent de diff\u00e9rentes \u00e9poques mais aussi de diff\u00e9rentes histoires, tout comme la Maison du Gouvernement, la Cath\u00e9drale et le Conseil Municipal.<\/p>\n<p><strong>Casa Rosada<\/strong> En son lieu actuel, la \u201cMaison Rose\u201d fut, depuis sa fondation, le si\u00e8ge de diff\u00e9rentes organisations gouvernementales qui se succ\u00e9d\u00e8rent.<\/p>\n<p><strong>Cabildo<\/strong> Typique construction de style colonial, l\u2019ancien b\u00e2timent du Conseil Municipal h\u00e9berge aujourd\u2019hui un Mus\u00e9e qui expose les faits de la R\u00e9volution de Mai 1810.<\/p>\n<p><strong>Cath\u00e9drale M\u00e9tropolitaine<\/strong> En ce lieu repose les vestiges du G\u00e9n\u00e9ral San Mart\u00edn, un homme important de la guerre de l\u2019ind\u00e9pendance.<\/p>\n<p><strong>Eglise San Ignacio<\/strong> Il s\u2019agit de la plus ancienne des \u00e9glises de Buenos Aires, construite en 1710. Elle fut la victime de faits violents \u00e0 d\u2019autres \u00e9poques.<\/p>\n<p><strong>Place Col\u00f3n \/ Aduana Taylor<\/strong>.\u00a0Sur cette place, qui relie la rivi\u00e8re avec la Casa Rosada, se situe la sculpture donn\u00e9e par le gouvernement italien \u00e0 la Nation Argentine, pour le 100\u00e8me anniversaire de sa naissance.<\/p>\n<p><strong>Avenue De Mai<\/strong> Cette avenue relie la Place de Mai et la Place des Deux Congr\u00e8s. Tout au long de celle-ci, il est possible d\u2019y admirer des \u00e9difices avec des coupoles qui rappellent une \u00e9poque de splendeur.<\/p>\n<p><strong>Le Congr\u00e8s<\/strong> Ce Palais fut construit pour occuper le si\u00e8ge du Pouvoir L\u00e9gislatif National. C\u2019est une \u0153uvre architecturale d\u2019une grande beaut\u00e9, entour\u00e9 d\u2019une grande place h\u00e9bergeant des sculptures de grande envergure.<\/p>\n<p><strong>L\u2019Ob\u00e9lisque<\/strong> En tant que symbole de la ville, il se situe \u00e0 quelques rues du centre historique. C\u2019est aujourd\u2019hui un des lieux o\u00f9 les citadins viennent y exprimer leurs joies et festivit\u00e9s, que ce soit pour des \u00e9v\u00e8nements sportifs ou politiques.<\/p>\n<h2><img loading=\"lazy\" decoding=\"async\" class=\" wp-image-225 size-medium alignright\" src=\"http:\/\/www.360responsibletourism.com\/wp-content\/uploads\/2014\/05\/IMG_7914_b-e1400932913937-200x300.jpg\" alt=\"San Telmo\" width=\"200\" height=\"300\" \/><\/h2>\n<h2>San Telmo<\/h2>\n<p>Quartier poss\u00e9dant une forte identit\u00e9. Ce lieu h\u00e9bergea tout d\u2019abord des familles aristocrates \u00e0 l\u2019\u00e9poque coloniale. Ses constructions furent ensuite habit\u00e9es par les immigrants, convertissant ces lieux en \u00ab conventillos \u00bb. Dans cette zone v\u00e9curent \u00e9galement les noirs libertains, ce qui transforma le quartier en un lieu important o\u00f9 l\u2019\u00e9pid\u00e9mie de fi\u00e8vre jaune de 1871 fut un ravage. Aujourd\u2019hui sur la rue Defensa, de nombreux antiquaires se sont install\u00e9s. Chaque dimanche a lieu la \u00ab F\u00eate de San Telmo \u00bb, internationalement reconnue pour la valeur de ses objets anciens et leurs originalit\u00e9s. La place est entour\u00e9e de caf\u00e9s, o\u00f9 il est possible de profiter de l\u2019ombre des arbres, et de quelques pas de tango.<\/p>\n<p><strong>Mus\u00e9e P\u00e9nitentiaire<\/strong> Ancienne prison du 19\u00e8me si\u00e8cle qui retrace la vie des emprisonn\u00e9s de l\u2019\u00e9poque.<\/p>\n<p><strong>March\u00e9 de San Telmo<\/strong> Inaugur\u00e9 en 1897, il recr\u00e9e une forme de commerce pour l\u2019alimentation. Sa structure en fer poss\u00e8de un toit fait de plaques et de verre.<\/p>\n<p><strong>Parc Lezama<\/strong> C\u2019est un des parcs les plus beaux de Buenos Aires, mais aussi une source d\u2019inspiration pour de nombreux artistes. A l\u2019int\u00e9rieur se trouve le Mus\u00e9e Historique National, dans une ancienne propri\u00e9t\u00e9 entour\u00e9e de fontaines et sculptures. Le parc poss\u00e8de une flore tr\u00e8s importante, avec notamment des arbres centenaires et des fleurs de saison.<\/p>\n<p><strong>Eglise Ortodoxe Russe<\/strong> C\u2019est une construction moscovite du 17\u00e8me si\u00e8cle, o\u00f9 se r\u00e9alisaient les services religieux de cette communaut\u00e9.<\/p>\n<p><strong>Eglise Danoise<\/strong> Construite en 1931, c\u2019est un autre temple o\u00f9 les religieux protestants luth\u00e9riens r\u00e9alisaient leurs c\u00e9r\u00e9monies. D\u00e9sormais, l\u2019\u00e9glise ouvre ses portes \u00e0 la communaut\u00e9 lors des festivit\u00e9s populaires Danoises.<\/p>\n<p><img loading=\"lazy\" decoding=\"async\" class=\" wp-image-226 size-medium alignleft\" src=\"http:\/\/www.360responsibletourism.com\/wp-content\/uploads\/2014\/05\/IMG_7870_b-300x200.jpg\" alt=\"Hotel Imigrantes\" width=\"300\" height=\"200\" \/><\/p>\n<h2>Retiro \/ Place San Mart\u00edn<\/h2>\n<p>Ce quartier concentre divers lieux riches en d\u00e9veloppement, qui marqu\u00e8rent la vie du pays.<\/p>\n<p><strong>Place San Mart\u00edn<\/strong>.\u00a0Cette imposante place-parc, r\u00e9unit une flore tr\u00e8s vari\u00e9e. Nous pouvons notamment y admirer les arbres \u00ab Palos borrachos \u00bb, qui ont une forme tr\u00e8s particuli\u00e8re quand ils sont en fleurs. Se trouvent \u00e9galement des sculptures fondamentales du G\u00e9n\u00e9ral San Martin, ainsi que le monument aux morts de la Guerre des Malouines en 1982. De chaque cot\u00e9 de la place, nous pouvons contempler plusieurs palais de diff\u00e9rents styles : C\u00edrculo de Oficiales, Palais Anchorena (Canciller\u00eda), Parcs Nationaux, Palais Tornquist (Aujourd\u2019hui H\u00f4tel Plaza), Monument Kavanagh, Complexe Catalinas Norte.<br \/>\n<strong>Tour Monumentale<\/strong>. Ce fut un cadeau des r\u00e9sidents Anglais pour le centenaire de l\u2019ind\u00e9pendance de l\u2019Argentine. Elle poss\u00e8de une horloge qui caract\u00e9rise la zone du Retiro. Depuis le haut de la tour, il est possible d\u2019observer le mus\u00e9e des immigrants et la grande Place San Martin.<br \/>\n<strong>Retiro<\/strong>. C\u2019est le point de rencontre de divers chemins de fer, qui partent en direction de divers points cardinaux. En ce lieu se trouve \u00e9galement l\u2019H\u00f4tel des Immigrants et le terminal de bus, la zone de bureaux de Catalinas Norte et un autre secteur du Pouvoir Judiciaire de la Nation.<\/p>\n<p><img loading=\"lazy\" decoding=\"async\" class=\" wp-image-227 size-medium alignright\" src=\"http:\/\/www.360responsibletourism.com\/wp-content\/uploads\/2014\/05\/IBA-2-300x225.jpg\" alt=\"Puerto Madero\" width=\"300\" height=\"225\" \/><\/p>\n<h2>Le port Madero<\/h2>\n<p>Reconnu en 1998 comme la derni\u00e8re construction de la ville, il poss\u00e8de une histoire en \u00e9troite relation avec le port de Buenos Aires. Des bureaux et habitations furent construits dans les anciens docks r\u00e9utilis\u00e9s. Ils offrent notamment la meilleure vue de la ville. Se trouvent \u00e9galement de nombreux pubs, restaurants, discoth\u00e8ques, et cin\u00e9mas. Ces enseignes b\u00e9n\u00e9ficient donc d\u2019une architecture particuli\u00e8re, rendant le lieu unique<\/p>\n<p>&nbsp;<\/p>\n<p>&nbsp;<\/p>\n<p>&nbsp;<\/p>\n<p><img loading=\"lazy\" decoding=\"async\" class=\" wp-image-228 size-medium alignleft\" src=\"http:\/\/www.360responsibletourism.com\/wp-content\/uploads\/2014\/05\/BARRIOR5-300x225.jpg\" alt=\"La Boca\" width=\"300\" height=\"225\" \/><\/p>\n<h2>La Boca<\/h2>\n<p>Il s\u2019agit du premier quartier o\u00f9 les immigrants, dans leur majorit\u00e9 italiens, acqui\u00e8rent des propri\u00e9t\u00e9s. Ses fameuses maisons faites de bois et de zinc, peintes de couleurs vari\u00e9es, en font un lieu pittoresque. L\u2019artiste Benito Quiquela Mar\u00edn, reprit ces couleurs dans son \u0153uvre, qui relate la vie et les couleurs portuaires. Les rues Caminito et Vuelta de Rocha, sont un parcours classique touristique, o\u00f9 il est possible de profiter de nombreuses \u0153uvres d\u2019artistes, dans un environnement color\u00e9 et ouvert. La rue Magallanes, restaur\u00e9e r\u00e9cemment pour la mettre en valeur, offre des lieux int\u00e9ressants \u00e0 d\u00e9couvrir.<\/p>\n<p><strong>Mus\u00e9e Quinquela Mart\u00edn<\/strong> Il poss\u00e8de des \u0153uvres de la p\u00e9riode d\u2019art argentine allant de 1900 \u00e0 1950. Est conserv\u00e9 en ce lieu la maison\/l\u2019atelier de l\u2019artiste au 3\u00e8me \u00e9tage.<\/p>\n<p><strong>Centre Culturel Catalinas Sur \/ Mural<\/strong> Centre Culturel n\u00e9 suite \u00e0 l\u2019initiative des habitants de la Boca et de Catalinas Sur, dans le but de sauver des \u0153uvres de cr\u00e9ation collective de l\u2019histoire du pays et de ses anc\u00eatres. Aujourd\u2019hui il exerce une fonction int\u00e9grale : le Centre Culturel se sp\u00e9cialisa en sc\u00e9nographie, percussion, et jeux de r\u00f4le.<\/p>\n<p><strong>Cancha del Boca Juniors<\/strong> La fameuse \u00ab Bombonera \u00bb a vu jouer Diego Armando Maradona. Tr\u00e8s attach\u00e9 au quartier depuis son origine, le terrain de foot poss\u00e8de de hauts murs donnant sur la rue Brandsen, r\u00e9alis\u00e9s par le Groupe \u00ab Muralistas Sur \u00bb et l\u2019artiste Perez Celis. Il existe \u00e9galement le Mus\u00e9e de la Passion de la Boca, o\u00f9 se trouvent les buts, maillots, fondateurs, championnats, protagonistes, le quartier\u2026 etc. Une passion qui envahie cette \u00e9quipe, celle qui se dit \u00eatre \u00ab la moiti\u00e9, plus un du pays \u00bb.<\/p>\n<p><strong>Pont transbordador<\/strong> Construit en 1908, il permet la travers\u00e9e du Riachuelo jusqu\u2019\u00e0 l\u2019\u00eele Maciel.<\/p>\n<p><img loading=\"lazy\" decoding=\"async\" class=\" wp-image-229 size-medium alignright\" src=\"http:\/\/www.360responsibletourism.com\/wp-content\/uploads\/2014\/05\/BARRIOS4-300x225.jpg\" alt=\"Recoleta\" width=\"300\" height=\"225\" \/><\/p>\n<h2>Recoleta<\/h2>\n<p>Quartier o\u00f9 les moines R\u00e9collets s\u2019install\u00e8rent au d\u00e9but du 18\u00e8me si\u00e8cle. Il se caract\u00e9rise par son architecture fran\u00e7aise et un ensemble d\u2019espaces de commerces, de promenades et de gastronomie. D\u2019importants mus\u00e9es et centres culturels y offrent des \u00e9v\u00e8nements artistiques vari\u00e9s et int\u00e9ressants. Le cimeti\u00e8re de la Recoleta renferme \u00e9galement de belles \u0153uvres sculpturales dans chacune de ses vo\u00fbtes. De nombreuses personnes importantes du pays y reposent : anciens pr\u00e9sidents, \u00e9crivains, hommes de la science, sportifs c\u00e9l\u00e8bres\u2026 etc. Tout comme le corps d\u2019Eva Duarte de Per\u00f3n, connue mondialement sous le nom d\u2019 \u00ab Evita \u00bb.<\/p>\n<p><strong>Place Francia<\/strong> Sur cette place se d\u00e9roule quotidiennement une foire artisanale. Dans ses alentours, se trouvent des lieux gastronomiques classiques et traditionnels du quartier, tel \u00ab La Biela \u00bb.<\/p>\n<p><strong>Eglise del Pilar<\/strong> Une \u00e9glise coloniale du 18\u00e8me si\u00e8cle, o\u00f9 les fr\u00e8res R\u00e9collets s\u2019install\u00e8rent. Il est possible de se promener \u00e0 travers les anciens clo\u00eetres, et d\u2019y appr\u00e9cier le travail \u00e0 la feuille d\u2019or dans les autels de l\u2019\u00e9glise.<\/p>\n<p><strong>Centre Culturel Recoleta<\/strong> Appartenant \u00e0 l\u2019ancien clo\u00eetre des fr\u00e8res Recollets, il fut r\u00e9habilit\u00e9 pour abriter le centre culturel. Ce qui lui donna une physionomie particuli\u00e8re. On peut y admirer une multitude d\u2019expositions permanentes.<\/p>\n<p><img loading=\"lazy\" decoding=\"async\" class=\"size-medium wp-image-230 alignleft\" src=\"http:\/\/www.360responsibletourism.com\/wp-content\/uploads\/2014\/05\/IBA-3-300x225.jpg\" alt=\"Palermo\" width=\"300\" height=\"225\" \/><\/p>\n<h2>Palermo<\/h2>\n<p>C\u2019est un des quartiers les plus traditionnels de Buenos Aires, o\u00f9 il est possible d\u2019y appr\u00e9cier de nombreuses promenades \u00e0 travers des parcs et lacs artificiels dessin\u00e9s au 19\u00e8me si\u00e8cle.<\/p>\n<p><strong>le Parc 3 de F\u00e9vrier, le jardin Japonais, le Rosedal, Le Plan\u00e9tarium, l\u2019Hippodrome, le terrain de Polo et le Mus\u00e9e Malba<\/strong>. Autour de la Place Serrano, on y trouve un lieu de rencontre de nombreux designers de v\u00eatements, des discoth\u00e8ques, des restaurants et des bars. Les habitants de Buenos Aires ont l\u2019habitude de s\u2019y retrouver, pour profiter d\u2019une classique tourn\u00e9e des bars, dans des endroits aux styles diff\u00e9rents. Palermo fut \u00e9galement un lieu o\u00f9 le tango prit ses origines : le berceau des l\u00e9gendaires des \u00ab compadritos \u00bb.<\/p>\n<p><strong>Jardin Botanique<\/strong> Architecture du 19\u00e8me si\u00e8cle o\u00f9 se trouvent des sculptures, des \u00e9coles et des promenades dans un magnifique cadre paysager.<\/p>\n<p><strong>Jardin Zoologique<\/strong> Jardin fond\u00e9 en 1874, o\u00f9 sont pr\u00e9sentes de nombreuses sculptures d\u2019architectes. Depuis cet endroit, les traditionnels \u00ab mateos \u00bb sortaient en promenade dans les bois.<\/p>\n","protected":false},"excerpt":{"rendered":"<p>Fond\u00e9 \u00e0 deux reprises (par Mendoza en 1536 et par Juan de Garay en 1580), le fort s\u2019est d\u00e9velopp\u00e9 donnant lieu \u00e0 la colonie puis \u00e0 la ville qui r\u00e9ussit \u00e0 \u00eatre consid\u00e9r\u00e9 comme le \u00ab Paris d\u2019Am\u00e9rique du Sud \u00bb. Le nombre important d\u2019immigrants \u2013 accueillis jusqu\u2019\u00e0 la fin&#8230;<\/p>\n","protected":false},"author":1,"featured_media":0,"parent":22,"menu_order":0,"comment_status":"closed","ping_status":"closed","template":"","meta":{"footnotes":""},"_links":{"self":[{"href":"https:\/\/www.360responsibletourism.com\/fr\/wp-json\/wp\/v2\/pages\/24"}],"collection":[{"href":"https:\/\/www.360responsibletourism.com\/fr\/wp-json\/wp\/v2\/pages"}],"about":[{"href":"https:\/\/www.360responsibletourism.com\/fr\/wp-json\/wp\/v2\/types\/page"}],"author":[{"embeddable":true,"href":"https:\/\/www.360responsibletourism.com\/fr\/wp-json\/wp\/v2\/users\/1"}],"replies":[{"embeddable":true,"href":"https:\/\/www.360responsibletourism.com\/fr\/wp-json\/wp\/v2\/comments?post=24"}],"version-history":[{"count":3,"href":"https:\/\/www.360responsibletourism.com\/fr\/wp-json\/wp\/v2\/pages\/24\/revisions"}],"predecessor-version":[{"id":357,"href":"https:\/\/www.360responsibletourism.com\/fr\/wp-json\/wp\/v2\/pages\/24\/revisions\/357"}],"up":[{"embeddable":true,"href":"https:\/\/www.360responsibletourism.com\/fr\/wp-json\/wp\/v2\/pages\/22"}],"wp:attachment":[{"href":"https:\/\/www.360responsibletourism.com\/fr\/wp-json\/wp\/v2\/media?parent=24"}],"curies":[{"name":"wp","href":"https:\/\/api.w.org\/{rel}","templated":true}]}}