{"id":28,"date":"2014-07-13T14:57:24","date_gmt":"2014-07-13T12:57:24","guid":{"rendered":"http:\/\/www.360responsibletourism.com\/fr\/?page_id=28"},"modified":"2015-02-05T15:40:34","modified_gmt":"2015-02-05T14:40:34","slug":"nord-est","status":"publish","type":"page","link":"https:\/\/www.360responsibletourism.com\/fr\/argentine\/nord-est\/","title":{"rendered":"Nord-Est"},"content":{"rendered":"<p><a name=\"misiones\"><\/a><\/p>\n<h1>Misiones<\/h1>\n<p>Misiones est la province entour\u00e9e du Paraguay et du Br\u00e9sil dans la partie nord-est d\u2019Argentine. Elle est connue pour ses fameuses chutes d\u2019Iguaz\u00fa \u00e0 son extr\u00eame nord, les plus majestueuses de l\u2019Am\u00e9rique du sud, ainsi que pour la pr\u00e9sence des misions J\u00e9suites, qui sont \u00e0 l\u2019origine de son nom.<br \/>\n<img loading=\"lazy\" decoding=\"async\" class=\"aligncenter wp-image-267 size-large\" src=\"http:\/\/www.360responsibletourism.com\/wp-content\/uploads\/2014\/05\/31_0067-e1421858644209-1024x320.jpg\" alt=\"Cataratas de Iguaz\u00f9\" width=\"1024\" height=\"320\" \/><br \/>\nL\u2019\u00e9cosyst\u00e8me naturel d\u2019origine se compose de la jungle subtropicale, qui demeure toujours intacte dans les zones telles que le parc national d\u2019Iguaz\u00fa et le parc provincial Mocon\u00e1. Les peuples originaires de la zone sont les indig\u00e8nes guaranis. Ils furent les protagonistes aux c\u00f4t\u00e9s des j\u00e9suites d\u2019une exp\u00e9rience d\u2019\u00e9vang\u00e9lisation unique en son genre. Dans cette province il est possible de visiter les ruines, qui sont le t\u00e9moignage de ces missions j\u00e9suites. Aujourd\u2019hui, les communaut\u00e9s guaranis continuent de vivre de mani\u00e8re marginale. Il existe certains groupes au sein de ces communaut\u00e9s qui vivent aux abords des villes, mais cela entraine de nombreuses cons\u00e9quences sur leur culture et leur \u00e9conomie. Cette zone de l\u2019Argentine fut peupl\u00e9e par vagues successives de colons d\u2019origines diverses, qui conservent encore leur entit\u00e9 d\u00fb \u00e0 l\u2019isolement dans lequel ils vivent. L\u2019\u00e9conomie de cette province se base sur la production de th\u00e9 et de l\u2019herbe mate, ainsi que sur l\u2019exploitation du bois. Le tourisme est une ressource tr\u00e8s importante ; les chutes d\u2019Iguaz\u00fa est l\u2019endroit le plus visit\u00e9 d\u2019Argentine, apr\u00e8s la ville de Buenos Aires.<br \/>\n<img loading=\"lazy\" decoding=\"async\" class=\"aligncenter wp-image-269 size-large\" src=\"http:\/\/www.360responsibletourism.com\/wp-content\/uploads\/2014\/05\/P1020500-e1423146725495-1024x321.jpg\" alt=\"Misiones\" width=\"1024\" height=\"321\" \/><br \/>\n<a name=\"gesuiti\"><\/a><\/p>\n<h1>Les missions j\u00e9suites<\/h1>\n<p>Les missions j\u00e9suites apparurent d\u2019une campagne pros\u00e9lytique des p\u00e8res missionnaires, appartenant \u00e0 la \u00ab compagnie \u00bb de J\u00e9sus. Ils arriv\u00e8rent apr\u00e8s les conquistadors et d\u00e9velopp\u00e8rent leur propre m\u00e9thode pour entrer en contact avec la population indig\u00e8ne. Les territoires principalement affect\u00e9s par ce ph\u00e9nom\u00e8ne furent les actuelles provinces de C\u00f3rdoba et Misiones (le nom de cette derni\u00e8re province provient de ce fait historique). Ce ph\u00e9nom\u00e8ne prit forme dans l\u2019actuel territoire du Br\u00e9sil et du Paraguay, depuis lesquels les j\u00e9suites et des tribus enti\u00e8res de guaranis, pers\u00e9cut\u00e9s par des chasseurs d\u2019esclaves (les \u00ab paulistas \u00bb), durent fuir pour entreprendre le fameux voyage, tout le long de la rivi\u00e8re Paran\u00e1, en passant par les chutes d\u2019Iguaz\u00fa pour s\u2019arr\u00eater dans l\u2019actuelle province de Misiones.<br \/>\n<img loading=\"lazy\" decoding=\"async\" class=\"aligncenter wp-image-297 size-large\" src=\"http:\/\/www.360responsibletourism.com\/wp-content\/uploads\/2014\/05\/6_0006-e1421858290941-1024x320.jpg\" alt=\"Missioni gesuitiche\" width=\"1024\" height=\"320\" \/><br \/>\nLes j\u00e9suites organis\u00e8rent des communaut\u00e9s d\u2019indig\u00e8nes guaranis, qui au moment de leur apog\u00e9e parvinrent \u00e0 h\u00e9berger aux alentours de 3000 \u00e0 4000 personnes. Ils construisirent de v\u00e9ritables villages \u2013 aujourd\u2019hui des ruines -, autour d\u2019une \u00e9glise et d\u2019une place centrale, avec des habitations pour chaque famille, et des constructions s\u00e9par\u00e9es dans lesquelles se trouvaient les chefs guaranis dont leur r\u00f4le consistait \u00e0 faire r\u00e9gner l\u2019ordre et \u00e0 veiller \u00e0 la r\u00e9alisation des travaux.<br \/>\nLa musique et les rituels avaient une importance strat\u00e9gique, ils permettaient d\u2019organiser la vie quotidienne, sur des rythmes qui canalisaient la sensibilit\u00e9 guarani. Les missions arriv\u00e8rent \u00e0 obtenir un niveau si important d\u2019organisation \u00e9conomique et de prosp\u00e9rit\u00e9, qu\u2019ils g\u00e9n\u00e9r\u00e8rent envie, et constitu\u00e8rent une menace pour les conquistadors espagnols install\u00e9s sur le territoire. Ces derniers durent alors recourir \u00e0 la force pour s\u2019assurer du travail des indiens. Au sein des missions, des instruments de musique se fabriquaient en grande quantit\u00e9, ce qui permit d\u2019\u00e9tablir un commerce int\u00e9rieur et exterieur. Ce fut s\u00fbrement une des raisons pour laquelle les j\u00e9suites furent expuls\u00e9s des colonies, premi\u00e8rement par l\u2019Espagne, puis par le Portugal, d\u00e9clarant ill\u00e9gales leur pr\u00e9sence et une grande partie de leurs activit\u00e9s. En 1767 les j\u00e9suites furent expuls\u00e9s, les missions furent d\u00e9truites et les indiens rest\u00e8rent livr\u00e9s \u00e0 eux-m\u00eames.<br \/>\nAu d\u00e9but du 20\u00e8me si\u00e8cle, les ruines de ces missions furent red\u00e9couvertes puis partiellement revaloris\u00e9es dans la for\u00eat tropicale. Aujourd\u2019hui elles \u00e9voquent le sentiment d\u2019\u00eatre face \u00e0 des vestiges d\u2019une exp\u00e9rience absolument unique dans l\u2019histoire de l\u2019\u00e9vang\u00e9lisation.<br \/>\n<img loading=\"lazy\" decoding=\"async\" class=\"aligncenter wp-image-300 size-full\" src=\"http:\/\/www.360responsibletourism.com\/wp-content\/uploads\/2014\/05\/8f87df_324e4732fe8eca60c4cb3c44e6117c1b.jpg_srz_p_415_139_75_22_0.50_1.20_0.00.jpg\" alt=\"Missioni gesuitiche\" width=\"415\" height=\"139\" \/><br \/>\n<a name=\"guarani\"><\/a><\/p>\n<h1>La communaut\u00e9 Guaran\u00ed<\/h1>\n<h2>La communaut\u00e9 Guaran\u00ed Mborore, Puerto Iguaz\u00fa<\/h2>\n<p><img loading=\"lazy\" decoding=\"async\" class=\"aligncenter wp-image-288 size-large\" src=\"http:\/\/www.360responsibletourism.com\/wp-content\/uploads\/2014\/05\/8f87df_0b82d5367b15de669aa63f8b8ab24158-e1423146798281-1024x321.jpg\" alt=\"Guaran\u00ec\" width=\"1024\" height=\"321\" \/><br \/>\nBeaucoup de personnes qui voyagent pour d\u00e9couvrir la beaut\u00e9 des chutes d\u2019Iguaz\u00fa, m\u00e9connaissent la richesse de la culture guarani. Les guaranis sont les habitants originaires, qui vivaient depuis toujours dans la for\u00eat et le bosquet tropicaux d\u2019Am\u00e9rique Latine, dans un immense territoire qui s\u2019\u00e9tend du nord de l\u2019Argentine jusqu\u2019en Colombie.<br \/>\nIl existe diff\u00e9rents groupes de guaranis, mais dans la r\u00e9gion de Misiones vivent la communaut\u00e9 Mbia Guarani, qui se diss\u00e9mine entre l\u2019Argentine et le Br\u00e9sil dans la for\u00eat tropicale. Cette partie de la for\u00eat ne contient pas une v\u00e9g\u00e9tation aussi dense que celle d\u2019Amazonie, cependant elle n\u2019en demeure pas moins aussi riche en plantes, animaux et esp\u00e8ces d\u2019oiseaux. Ces communaut\u00e9s s\u2019organisaient en communaut\u00e9s semi-nomades, elles cr\u00e9aient des petits villages temporaires dans une zone pour quelques ann\u00e9es, pour ensuite se d\u00e9placer dans une autre zone, au fur et \u00e0 mesure que les ressources naturelles s\u2019\u00e9puisaient. Sa principale activit\u00e9 \u00e9tait la chasse et la collecte de fruits sauvages du bois. L\u2019agriculture et l\u2019\u00e9levage d\u2019animaux constituaient des activit\u00e9s mineures.<br \/>\nL\u2019histoire de la colonisation de la province de Misiones est tr\u00e8s complexe et fut ponctu\u00e9e de nombreuses \u00e9tapes. Avec la conqu\u00eate des terres, arriv\u00e8rent les espagnols et les portugais, suivirent les missionnaires j\u00e9suites puis enfin l\u2019immigration Europ\u00e9enne au si\u00e8cle pass\u00e9. Les premiers conquistadors r\u00e9duisirent en esclavage la population locale, en provoquant de nombreux morts. Les missionnaires j\u00e9suites organis\u00e8rent les fameuses \u00ab r\u00e9ductions \u00bb, en perturbant leur forme de vie et leur croyance. Finalement les colons usurp\u00e8rent leurs terres, les r\u00e9duisant en des zones minimes, les obligeant encore une fois de plus \u00e0 modifier leurs coutumes nomades et leur survie.<br \/>\nAujourd\u2019hui, la majorit\u00e9 des groupes guaranis de la province de Misiones vivent en communaut\u00e9s fixes en p\u00e9riph\u00e9rie des villes et villages. Tr\u00e8s peu de communaut\u00e9s continuent \u00e0 vivre en plein for\u00eat.<br \/>\nDe cette mani\u00e8re, elles se retrouvent dans l\u2019obligation de travailler comme main d\u2019\u0153uvre bon march\u00e9 ou de vivre de l\u2019artisanat typique de leur culture, \u00e9tant toujours conditionn\u00e9s par les politiques d\u2019assistance.<br \/>\nLes deux communaut\u00e9s qui vivent dans la zone de Puerto Iguaz\u00fa, Fort\u00edn Mboror\u00e9 et Yryapu, sont depuis quelques ann\u00e9es int\u00e9gr\u00e9es dans l\u2019activit\u00e9 touristique croissante de la zone. Il s\u2019agit de deux cas embl\u00e9matiques : la premi\u00e8re communaut\u00e9 naquit de l\u2019initiative d\u2019une agence de tourisme locale, qui d\u00e9veloppa une proposition dans les ann\u00e9es 2000 ; quant \u00e0 la seconde communaut\u00e9, celle d\u2019Yryapu, elle commen\u00e7a avec le projet de formation de guides locaux de tourisme.<br \/>\nL\u2019offre touristique des deux communaut\u00e9s apparait aux yeux des touristes quasi \u00e9gale : les sentiers sont similaires, les contenus des narrations se ressemblent\u2026 etc. Les communaut\u00e9s sont effectivement s\u00e9par\u00e9es seulement par une route, et leur organisation interne d\u00e9pend de l\u2019assembl\u00e9e communautaire. Les d\u00e9cisions se prennent principalement d\u2019une mani\u00e8re consensuelle et la personne qui dirige, accomplit le r\u00f4le ex\u00e9cutif et administre les entr\u00e9es \u00e9conomiques. De ce fait, il est \u00e9vident que nous ne sommes pas indiff\u00e9rents \u00e0 la mani\u00e8re dont pris forme l\u2019initiative et l\u2019organisation de l\u2019activit\u00e9 touristique. Il n\u2019est pas facile d\u2019arriver \u00e0 conna\u00eetre les d\u00e9tails et les conditionnements internes des communaut\u00e9s, c\u2019est pourquoi nous proposons \u00e0 nos touristes de visiter les deux et d\u2019en tirer des conclusions personnelles.<br \/>\n<img loading=\"lazy\" decoding=\"async\" class=\"aligncenter wp-image-290 size-large\" src=\"http:\/\/www.360responsibletourism.com\/wp-content\/uploads\/2014\/05\/8f87df_a2bf9790118a63274bf474dfb809a184-e1423146822611-1024x320.jpg\" alt=\"Guaran\u00ec\" width=\"1024\" height=\"320\" \/><br \/>\n<a name=\"parana\"><\/a><\/p>\n<h1>La Coop\u00e9rative R\u00edo Paran\u00e1<\/h1>\n<p>La coop\u00e9rative Rio Paran\u00e1 a choisi pour si\u00e8ge la ville d\u2019Ober\u00e1 et regroupe un ensemble d\u2019activit\u00e9s agricoles qui permettent \u00e0 des petits producteurs d\u2019utiliser des outils et espaces en commun, ainsi que d\u2019acc\u00e9der \u00e0 la formation professionnelle, dans l\u2019objectif de traiter leurs produits. Dans certains cas, elle regroupe les activit\u00e9s de toute une chaine productive jusqu\u2019\u00e0 la mise en march\u00e9 des produits, un processus d\u00e9velopp\u00e9 pour ne pas avoir \u00e0 collaborer avec des interm\u00e9diaires. Dans ce cas, la pr\u00e9sence des interm\u00e9diaires peut faire augmenter le prix de vente final des produits de 50%.<br \/>\n<img loading=\"lazy\" decoding=\"async\" class=\"aligncenter wp-image-255 size-full\" src=\"http:\/\/www.360responsibletourism.com\/wp-content\/uploads\/2014\/05\/8f87df_e01b7e1f4da580a33c291c9582e0caaf-e1423146845207.jpg\" alt=\"Rio Paran\u00e0\" width=\"319\" height=\"184\" \/><br \/>\nUn des succ\u00e8s issu du travail de la Coop\u00e9rative est celui de la Yerba Mat\u00e9 Titrayju. L\u2019herbe mat\u00e9 est historiquement la principale culture de la province de Misiones, elle occupe 80% de la population rurale d\u00e9di\u00e9e \u00e0 la production agricole, au sein de laquelle 65% sont des petits producteurs qui vivent de cette culture avec leurs familles dans des fermes de 25 hectares. L\u2019\u00e9laboration de l\u2019herbe mate suppose en premier lieu un processus de s\u00e9chage, pour ensuite la mouliner, puis la laisser de c\u00f4t\u00e9 pour enfin la broyer plus fine et l\u2019envelopper. Ce long processus ne peut \u00eatre obtenu par de petits producteurs. Les grandes entreprises poss\u00e8dent ainsi un oligopole de la production et de la distribution, payant une infime partie aux producteurs agricoles. Il existe une s\u00e9rie de lois qui prot\u00e8gent les petits producteurs mais elles ne s\u2019appliquent pas par manque de moyens de la part de l\u2019Etat.<br \/>\nLe projet Tritayju permet \u00e0 de nombreux petits producteurs locaux de traiter l\u2019herbe puis de les proposer directement au consommateur, \u00e0 travers le centre de commercialisation rural et indig\u00e8ne, \u00ab encourageant des m\u00e9canismes plus justes et responsables de commerce et de consommation entre les familles de la campagne et celles des villes \u00bb. A travers cette Coop\u00e9rative, nous sommes donc en train de cr\u00e9er un parcours touristique dans cette zone, afin d\u2019en faire b\u00e9n\u00e9ficier les familles qui nous offrent leur hospitalit\u00e9.<br \/>\n<img loading=\"lazy\" decoding=\"async\" class=\"aligncenter wp-image-256 size-full\" src=\"http:\/\/www.360responsibletourism.com\/wp-content\/uploads\/2014\/05\/8f87df_c36aba486a3cfa04e9ecfb00d07f598e-e1423146865979.jpg\" alt=\"Rio Paran\u00e0\" width=\"566\" height=\"335\" \/><br \/>\n<a name=\"corrientes\"><\/a><\/p>\n<h1>Corrientes<\/h1>\n<p><img loading=\"lazy\" decoding=\"async\" class=\"aligncenter wp-image-306 size-large\" src=\"http:\/\/www.360responsibletourism.com\/wp-content\/uploads\/2014\/05\/P10909591-e1421859624561-1024x320.jpg\" alt=\"Corrientes\" width=\"1024\" height=\"320\" \/><br \/>\nCette province se situe au sud de Misiones et est d\u00e9limit\u00e9e au nord par la rivi\u00e8re Paran\u00e1, \u00e0 l\u2019ouest par la rivi\u00e8re Paraguay et \u00e0 l\u2019est par la rivi\u00e8re Uruguay. Terre de fortes traditions \u00ab gauchos \u00bb et de rythmes de la \u00ab chacarera \u00bb, elle poss\u00e8de un des \u00e9cosyst\u00e8mes les plus sp\u00e9cifiques et riches de tout le pays : les estuaires et les lagunes del Iber\u00e1.<br \/>\nLes estuaires del Iber\u00e1 (en guarani : \u00fd \u2013 ber\u00e1, \u201ceau \u2013 brillante\u201d) sont un large r\u00e9seau de ruisseaux, marais et lagunes qui s\u2019\u00e9tend sur 15&rsquo;000 \u00e0 25&rsquo;000 km\u00b2 dans la province de Corrientes. L\u2019\u00e9tendue de ce r\u00e9seau est devanc\u00e9e par celle du marais br\u00e9silien qui repr\u00e9sente le second terrain humide le plus grand du monde, faisant parti d\u2019un syst\u00e8me hydrographique beaucoup plus grand \u2013 le macro syst\u00e8me del Iber\u00e1 est proche de 1300000 ha \u2013 dans lequel se d\u00e9veloppe un \u00e9co syst\u00e8me subtropicale d\u2019une grande diversit\u00e9.<br \/>\nGr\u00e2ce \u00e0 sa g\u00e9ographie particuli\u00e8re, et \u00e0 son acc\u00e8s difficile, la zone poss\u00e8de une population animale riche et vari\u00e9e. La faune autochtone inclut de nombreuses esp\u00e8ces menac\u00e9es pour lequel cet espace repr\u00e9sente un des derniers habitats naturels : le cerf des pampas, le \u00ab carpincho \u00bb, la louve de crin ou \u00ab aguar\u00e1 guaz\u00fa \u00bb, le \u00ab yacar\u00e9 overo y negro \u00bb, le boa \u00ab curiy\u00fa \u00bb et le \u00ab lobito \u00bb de rivi\u00e8re, les singes \u00ab aulladores \u00bb (ou \u00ab caray\u00e1s \u00bb), et une \u00e9norme vari\u00e9t\u00e9 d\u2019oiseaux. \u00ab L\u2019icitiofauna \u00bb est aussi tr\u00e8s vari\u00e9e et abondante, elle compte parmi elle les esp\u00e8ces de dorados, armados, surub\u00eds, pac\u00fas, mojarras, tarariras et palometas. Les yaguaret\u00e9s semblent avoir disparus dans cette zone durant la premi\u00e8re moiti\u00e9 du 20\u00e8me si\u00e8cle. L\u2019exub\u00e9rante flore locale inclut de nombreuses esp\u00e8ces aquatiques comme le camalote et l\u2019irup\u00e9 \u2013 qui font na\u00eetre d\u2019authentiques \u00eeles flottantes \u2013 ainsi que de nombreux \u00ab pirizales \u00bb.<br \/>\nLe 15 avril 1983, par la loi 3771, une zone de 12000km2 \u2013 divis\u00e9e entre les d\u00e9partements de San Miguel, Concepci\u00f3n, Santo Tom\u00e9, San Mart\u00edn y Mercedes \u2013 fut d\u00e9clar\u00e9e r\u00e9serve naturelle provinciale par le Gouvernement de la Province de Corrientes.<br \/>\n<img loading=\"lazy\" decoding=\"async\" class=\"aligncenter wp-image-307 size-full\" src=\"http:\/\/www.360responsibletourism.com\/wp-content\/uploads\/2014\/05\/EsterosIbera0044-e1423146902817.jpg\" alt=\"Corrientes\" width=\"1024\" height=\"332\" \/><\/p>\n<table>\n<tbody>\n<tr>\n<td bgcolor=\"#f49535\"><strong>Li\u00e8ns:<\/strong><\/td>\n<\/tr>\n<\/tbody>\n<\/table>\n<table>\n<tbody>\n<tr>\n<td bgcolor=\"#f49535\" width=\"50%\">\n<ul>\n<li><a title=\"Fundaci\u00f2n Ecourbano\" href=\"http:\/\/www.ecourbano.org.ar\/\" target=\"_blank\">Fundaci\u00f2n Ecourbano<\/a><\/li>\n<li><a title=\"Yryap\u00f9\" href=\"yryapu.org.ar\" target=\"_blank\">Yryap\u00f9 &#8211; Turismo Guaran\u00ec<\/a><\/li>\n<li><a title=\"Ruta de la yerba mate\" href=\"http:\/\/www.rutadelayerbamate.org.ar\/\" target=\"_blank\">Ruta de la yerba mate<\/a><\/li>\n<li><a title=\"Yerba mate Titrayju\" href=\"http:\/\/yerbamatetitrayju.com.ar\/\" target=\"_blank\">Yerba mate Titrayju<\/a><\/li>\n<li><a title=\"Provincia del Chaco\" href=\"http:\/\/portal1.chaco.gov.ar\/\" target=\"_blank\">Provincia del Chaco<\/a><\/li>\n<li><a title=\"Provincia de Entre Rios\" href=\"http:\/\/www.entrerios.gov.ar\/\" target=\"_blank\">Provincia de Entre Rios<\/a><\/li>\n<li><a title=\"Provincia de Misiones\" href=\"http:\/\/www.misiones.gov.ar\/\" target=\"_blank\">Provincia de Misiones<\/a><\/li>\n<\/ul>\n<\/td>\n<td bgcolor=\"#f49535\" width=\"50%\">\n<ul>\n<li><a title=\"Proyecto MATE\" href=\"http:\/\/www.proyectomate.org\/\" target=\"_blank\">Proyecto MATE<\/a><\/li>\n<li><a title=\"Refugio Mocon\u00e0\" href=\"http:\/\/www.refugiomocona.com.ar\/\" target=\"_blank\">Refugio Mocon\u00e0<\/a><\/li>\n<li><a title=\"La yerba mate\" href=\"http:\/\/www.yerbamateargentina.org.ar\/\" target=\"_blank\">La yerba mate<\/a><\/li>\n<li><a title=\"Misione vive\" href=\"http:\/\/www.misionesvive.com.ar\/\" target=\"_blank\">Misione Vive<\/a><\/li>\n<li><a title=\"Provincia de Corrientes\" href=\"http:\/\/www.corrientes.gov.ar\/\" target=\"_blank\">Provincia de Corrientes<\/a><\/li>\n<li><a title=\"Provincia de Formosa\" href=\"http:\/\/www.formosa.gov.ar\/\" target=\"_blank\">Provincia de Formosa<\/a><\/li>\n<li><a title=\"Provincia de Santiago del Estero\" href=\"http:\/\/www.sde.gov.ar\/\" target=\"_blank\">Provincia de Santiago del Estero<\/a><\/li>\n<\/ul>\n<\/td>\n<\/tr>\n<\/tbody>\n<\/table>\n","protected":false},"excerpt":{"rendered":"<p>Misiones Misiones est la province entour\u00e9e du Paraguay et du Br\u00e9sil dans la partie nord-est d\u2019Argentine. Elle est connue pour ses fameuses chutes d\u2019Iguaz\u00fa \u00e0 son extr\u00eame nord, les plus majestueuses de l\u2019Am\u00e9rique du sud, ainsi que pour la pr\u00e9sence des misions J\u00e9suites, qui sont \u00e0 l\u2019origine de son nom&#8230;.<\/p>\n","protected":false},"author":1,"featured_media":0,"parent":20,"menu_order":0,"comment_status":"closed","ping_status":"closed","template":"","meta":{"footnotes":""},"_links":{"self":[{"href":"https:\/\/www.360responsibletourism.com\/fr\/wp-json\/wp\/v2\/pages\/28"}],"collection":[{"href":"https:\/\/www.360responsibletourism.com\/fr\/wp-json\/wp\/v2\/pages"}],"about":[{"href":"https:\/\/www.360responsibletourism.com\/fr\/wp-json\/wp\/v2\/types\/page"}],"author":[{"embeddable":true,"href":"https:\/\/www.360responsibletourism.com\/fr\/wp-json\/wp\/v2\/users\/1"}],"replies":[{"embeddable":true,"href":"https:\/\/www.360responsibletourism.com\/fr\/wp-json\/wp\/v2\/comments?post=28"}],"version-history":[{"count":9,"href":"https:\/\/www.360responsibletourism.com\/fr\/wp-json\/wp\/v2\/pages\/28\/revisions"}],"predecessor-version":[{"id":430,"href":"https:\/\/www.360responsibletourism.com\/fr\/wp-json\/wp\/v2\/pages\/28\/revisions\/430"}],"up":[{"embeddable":true,"href":"https:\/\/www.360responsibletourism.com\/fr\/wp-json\/wp\/v2\/pages\/20"}],"wp:attachment":[{"href":"https:\/\/www.360responsibletourism.com\/fr\/wp-json\/wp\/v2\/media?parent=28"}],"curies":[{"name":"wp","href":"https:\/\/api.w.org\/{rel}","templated":true}]}}