{"id":365,"date":"2014-12-29T14:38:17","date_gmt":"2014-12-29T13:38:17","guid":{"rendered":"http:\/\/www.360responsibletourism.com\/fr\/?page_id=365"},"modified":"2020-03-29T16:34:59","modified_gmt":"2020-03-29T14:34:59","slug":"itineraires-en-argentine","status":"publish","type":"page","link":"https:\/\/www.360responsibletourism.com\/fr\/itineraires-en-argentine\/","title":{"rendered":"Itin\u00e9raires en Argentine"},"content":{"rendered":"<h2 style=\"text-align: center;\">Itin\u00e9raires Patagonie<\/h2>\n<h3 style=\"text-align: center;\">Ne manquez pas!<\/h3>\n<p><img loading=\"lazy\" decoding=\"async\" class=\"alignleft wp-image-500 size-medium\" src=\"http:\/\/www.360responsibletourism.com\/wp-content\/uploads\/2014\/05\/Calafate-2-300x225.jpg\" alt=\"Perito Moreno\" width=\"300\" height=\"225\"><br \/>\nNotre proposition pour visiter le Sud de la Patagonie, combine les sites touristiques les plus remarquables, avec des s\u00e9jours qui feront d\u00e9couvrir au voyageur la culture locale, dans cette r\u00e9gion dense et lointaine. Des sites surprenants, une faune en \u00e9tat pure, une gastronomie locale, ainsi qu&rsquo;un long parcours sur les terres du sud, vous offrent la possibilit\u00e9 de se rendre compte des dimensions, de l&rsquo;immensit\u00e9, de la d\u00e9mographie et de la r\u00e9alit\u00e9 sociale et territoriale de la Patagonie.<\/p>\n<table align=\"center\" bgcolor=\"#f49535\">\n<tbody>\n<tr>\n<td width=\"20%\"><a title=\"Le Sud de la Patagonie et les Baleines\" href=\"http:\/\/www.360responsibletourism.com\/fr\/2014\/07\/13\/le-sud-de-la-patagonie-et-les-baleines\/\"><strong>Les Baleines<\/strong><\/a><\/td>\n<td width=\"65%\">Ushuaia \u2013 Perito Moreno &#8211; El Chalten &#8211; Cueva de las Manos &#8211; Petrified Forest Sarmiento \u2013 Camarones \u2013 Peninsula Valdes.<\/td>\n<td width=\"15%\"><strong>15 journ\u00e9es<\/strong><\/td>\n<\/tr>\n<tr>\n<td width=\"20%\"><a title=\"Le Sud de la Patagonie et les Pingouins\" href=\"http:\/\/www.360responsibletourism.com\/fr\/2014\/07\/14\/le-sud-de-la-patagonie-et-les-pingouins\/\"><strong>Les Pingouins<\/strong><\/a><\/td>\n<td width=\"65%\">Ushuaia \u2013 Perito Moreno \u2013 El Chalten &#8211; Puerto San Julian &#8211; Petrified Forest National Park &#8211; Puerto Deseado.<\/td>\n<td width=\"15%\"><strong>14 journ\u00e9es<\/strong><\/td>\n<\/tr>\n<tr>\n<td width=\"20%\"><a title=\"Le Sud de la Patagonie Argentine et Chili\" href=\"http:\/\/www.360responsibletourism.com\/fr\/2014\/07\/14\/le-sud-de-la-patagonie-argentine-et-chili\/\"><strong>Argentine et Chili<\/strong><\/a><\/td>\n<td width=\"65%\">Ushuaia \u2013 Punta Arenas \u2013 Park Torres del Paine &#8211; Perito Moreno &#8211; El Chalten &#8211; Peninsula Valdes.<\/td>\n<td width=\"15%\"><strong>17 journ\u00e9es<\/strong><\/td>\n<\/tr>\n<\/tbody>\n<\/table>\n<h3 style=\"text-align: center;\">Les coins<\/h3>\n<p><img loading=\"lazy\" decoding=\"async\" class=\"alignleft wp-image-501 size-medium\" src=\"http:\/\/www.360responsibletourism.com\/wp-content\/uploads\/2014\/05\/Ushuaia-66-300x225.jpg\" alt=\"Ushuaia\" width=\"300\" height=\"225\"><br \/>\nNos recommandations pour visiter la Patagonie vont au-del\u00e0 des lieux les plus connus. Nous poussons le voyageur \u00e0 suivre les traces des personnes vivant dans cette r\u00e9gion si grand et loin de tout: des paysages qui ont livr\u00e9 un message de paix et de nature, animaux sauvages, les signes des temps g\u00e9ologiques, la gastronomie typique &#8230; et un long chemin de ces chemins de terre sans fin qui offrent la possibilit\u00e9 de vraiment comprendre la taille, la d\u00e9mographie et la r\u00e9alit\u00e9 sociale de la Patagonie.<br \/>\nLes lieux que nous vous proposons sont en dehors des routes touristiques, comme les mille \u00abcoins et recoins\u00bb de notre propre pays si cher \u00e0 nous.<\/p>\n<table align=\"center\" bgcolor=\"#f49535\">\n<tbody>\n<tr>\n<td width=\"20%\"><a title=\"Meseta Infinita\" href=\"http:\/\/www.360responsibletourism.com\/fr\/2014\/07\/14\/meseta-infinita\/\"><strong>Meseta Infinita<\/strong><\/a><\/td>\n<td width=\"65%\">Bariloche \u2013 Los Menucos \u2013 Meseta di Somoncur\u00e1 \u2013 Bariloche<\/td>\n<td width=\"15%\"><strong>5 journ\u00e9es<\/strong><\/td>\n<\/tr>\n<tr>\n<td width=\"20%\"><a title=\"Les Mapuches\" href=\"http:\/\/www.360responsibletourism.com\/fr\/2014\/07\/14\/les-mapuches\/\"><strong>Les Mapuches<\/strong><\/a><\/td>\n<td width=\"65%\">Bariloche \u2013 El Bolson \u2013 Bariloche<\/td>\n<td width=\"15%\"><strong>8 journ\u00e9es<\/strong><\/td>\n<\/tr>\n<\/tbody>\n<\/table>\n<h2 style=\"text-align: center;\">Itin\u00e9raires Nord-Ouest<\/h2>\n<h3 style=\"text-align: center;\">Ne manquez pas<\/h3>\n<p><img loading=\"lazy\" decoding=\"async\" class=\"alignleft wp-image-513 size-medium\" src=\"http:\/\/www.360responsibletourism.com\/wp-content\/uploads\/2014\/05\/Quebrada00071-300x225.jpg\" alt=\"Quebrada de Humahuaca\" width=\"300\" height=\"225\"><br \/>\nLe nord-ouest est caract\u00e9ris\u00e9 par de nombreuses couleurs, par de douces saveurs mais aussi par les visages et les habitations des peuples qui nous re\u00e7oivent pour nous faire partager leur culture et leur spiritualit\u00e9, riches en histoire. Dans cette r\u00e9gion, o\u00f9 l\u2019eau coule en permanence le long des terres, les montagnes poss\u00e8dent les couleurs de l\u2019arc en ciel ; les formes des roches \u00e9rod\u00e9es par le vent nous laissent r\u00eaveurs ; les vall\u00e9es verdoyantes et les terrasses de pierres nous \u00e9voquent des traditions ancestrales ; et les petits villages de style colonial s\u2019opposent aux paysages lunaires.<\/p>\n<table align=\"center\" bgcolor=\"#f49535\">\n<tbody>\n<tr>\n<td width=\"20%\"><a title=\"Tout le Nord-Ouest\" href=\"http:\/\/www.360responsibletourism.com\/fr\/2014\/07\/17\/tout-le-nord-ouest\/\"><strong>Toutes Nord et de l&rsquo;Ouest<\/strong><\/a><\/td>\n<td width=\"65%\">Jujuy \u2013 Salta \u2013 Cafayate \u2013 Quilmes \u2013 Antofagasta de la Sierra \u2013 Belen \u2013 Paso San Francisco \u2013 Fiambala \u2013 Tinogasta \u2013 Chilecito \u2013 Villa Union \u2013 Valle de la Luna \u2013 Talampaya \u2013 La Rioja<\/td>\n<td width=\"15%\"><strong>16 journ\u00e9es<\/strong><\/td>\n<\/tr>\n<tr>\n<td width=\"20%\"><a title=\"Salines et D\u00e9serts\" href=\"http:\/\/www.360responsibletourism.com\/fr\/2014\/07\/16\/salines-et-deserts\/\"><strong>Salar et D\u00e9serts<\/strong><\/a><\/td>\n<td width=\"65%\">Salta \u2013 Cafayate \u2013 Cachi \u2013 Salta \u2013 San Pedro de Atacama (Chili) \u2013 Salar de Uyuni (Bolivia) \u2013 La Quiaca \u2013 Quebrada de Humahuaca \u2013 S.S. de Jujuy<\/td>\n<td width=\"15%\"><strong>13 journ\u00e9es<\/strong><\/td>\n<\/tr>\n<\/tbody>\n<\/table>\n<h3 style=\"text-align: center;\">Les coins<\/h3>\n<p><img loading=\"lazy\" decoding=\"async\" class=\"alignleft wp-image-514 size-medium\" src=\"http:\/\/www.360responsibletourism.com\/wp-content\/uploads\/2014\/05\/25_0101-300x200.jpg\" alt=\"Machuca\" width=\"300\" height=\"200\"><br \/>\nLa \u00ab\u00a0voie royale\u00a0\u00bb qui unissait Lima \u00e0 Buenos Aires, \u00e0 l&rsquo;\u00e9poque de la colonie espagnole, a marqu\u00e9 l&rsquo;histoire d&rsquo;un certain nombre de villes, dont Tucum\u00e1n, Salta et San Salvador de Jujuy. Ensuite, il ya San Juan La Rioja, Mendoza et Cordoba. Et \u00abcette fa\u00e7on que nous retra\u00e7ons parmi les vestiges d&rsquo;une architecture typique, appel\u00e9 coloniale et villages dans les vall\u00e9es fertiles au pied de la Cordill\u00e8re des Andes. La culture pr\u00e9-Inca vit toujours avec nous dans les montagnes, des paysages lunaires et color\u00e9, le long des rang\u00e9es de vignes. Laissez le mythe de la Pachamama \u00e0 la triste r\u00e9alit\u00e9 des catastrophes environnementales des mines d&rsquo;or; de l&rsquo;am\u00e9lioration des cultures ancestrales dans les luttes sociales, contre un syst\u00e8me parfois presque f\u00e9odal.<\/p>\n<table align=\"center\" bgcolor=\"#f49535\">\n<tbody>\n<tr>\n<td width=\"25%\"><a title=\"Tourisme en campagne\" href=\"http:\/\/www.360responsibletourism.com\/fr\/2014\/07\/16\/tourisme-en-campagne\/\"><strong>Red de Turismo Campesino<\/strong><\/a><\/td>\n<td width=\"75%\">Tourisme rural dans la famille \u201cValles Calchauiqes\u201d \u2013 Cafayate \u2013 San Carlos<\/td>\n<\/tr>\n<tr>\n<td width=\"25%\"><a title=\"Trekking Iruya\" href=\"http:\/\/www.360responsibletourism.com\/fr\/2014\/07\/16\/trekking-iruya\/\"><strong>Trekking Iruya<\/strong><\/a><\/td>\n<td width=\"75%\">Salta \u2013 Tilcara \u2013 Humahuca \u2013 Yruya \u2013 Salar Grande &#8211; Purmamarca<\/td>\n<\/tr>\n<tr>\n<td width=\"25%\"><a title=\"Caminos de Altamira\" href=\"http:\/\/www.360responsibletourism.com\/fr\/2014\/07\/16\/caminos-de-altamira\/\"><strong>Caminos de Altamira<\/strong><\/a><\/td>\n<td width=\"75%\">Cottage \u00e0 Mendoza \u2013 Valle dell&rsquo;Uco \u2013 vignes et traditions<\/td>\n<\/tr>\n<\/tbody>\n<\/table>\n<h2 style=\"text-align: center;\">Itin\u00e9raires Nord-Est<\/h2>\n<h3 style=\"text-align: center;\">Ne manquez pas<\/h3>\n<p><img loading=\"lazy\" decoding=\"async\" class=\"alignleft wp-image-505 size-medium\" src=\"http:\/\/www.360responsibletourism.com\/wp-content\/uploads\/2014\/05\/misiones20040019-300x225.jpg\" alt=\"Cataratas de Iguaz\u00f9\" width=\"300\" height=\"225\"><br \/>\nLe nord-est constitue un monde d\u2019eau qui coule sans cesse, pour se transformer par la suite en rivi\u00e8res, ruisseaux, gouttes d\u2019eau, brouillard mais aussi en vapeur, afin de redevenir de l\u2019eau pure une autre fois. Le nord-est est un monde de lumi\u00e8re qui joue avec les couleurs de la for\u00eat, qui se confond avec l\u2019eau pour faire briller les couleurs verdoyantes et bleut\u00e9es avec la couleur rouge\u00e2tre de la terre, c\u2019est un monde survol\u00e9 de papillons et rempli de fleurs. Le nord-est est la terre des Guaranis et de leurs histoires. Le nord-est est un monde primitif et raffin\u00e9, dans lequel la force de la nature et de ses gardiens ancestraux perdurent avant tout.<\/p>\n<table align=\"center\" bgcolor=\"#f49535\">\n<tbody>\n<tr>\n<td width=\"15%\"><a title=\"Toutes les merveilles de Misiones\" href=\"http:\/\/www.360responsibletourism.com\/fr\/2014\/07\/16\/toutes-les-merveilles-de-misiones\/\"><strong>Merveilles de Misiones<\/strong><\/a><\/td>\n<td width=\"20%\">Iguazu \u2013 la communaut\u00e9 Guarani \u2013 Mocon\u00e1 \u2013 Missions j\u00e9suites en Argentine et au Paraguay.\u200b<\/td>\n<td width=\"65%\"><strong>8 journ\u00e9es<\/strong><\/td>\n<\/tr>\n<tr>\n<td width=\"20%\"><a title=\"Le meilleur de Misiones\" href=\"http:\/\/www.360responsibletourism.com\/fr\/2014\/07\/16\/le-meilleur-de-misiones\/\"><strong>Meilleur de Misiones<\/strong><\/a><\/td>\n<td width=\"65%\">La mission de San Ignacio de Mini \u2013 Iguazu et la communaut\u00e9 guarani<\/td>\n<td width=\"15%\">\u200b<strong>3 journ\u00e9es<\/strong><\/td>\n<\/tr>\n<\/tbody>\n<\/table>\n<h3 style=\"text-align: center;\">Les coins<\/h3>\n<p><img loading=\"lazy\" decoding=\"async\" class=\"alignleft wp-image-506 size-medium\" src=\"http:\/\/www.360responsibletourism.com\/wp-content\/uploads\/2014\/05\/comunidad-guarani-300x200.jpg\" alt=\"Guaran\u00ec\" width=\"300\" height=\"200\"><br \/>\nNos suggestions pour visiter la r\u00e9gion \u00ab\u00a0eau\u00a0\u00bb vont au-del\u00e0 des endroits les plus connus o\u00f9 les eaux \u00e9tincelle de vie (REE signifie eau claire dans la langue guarani). Plantes entre l&rsquo;abondance de l&rsquo;eau et le climat chaud de r\u00e9g\u00e9n\u00e9ration dans continuation, les animaux sont faciles \u00e0 rep\u00e9rer, alligators (Jacare), des tapirs, des cerfs et des oiseaux \u00e0 n&rsquo;en plus finir Une \u00e9tendue de la vie humide, puis les gauchos, folklore&#8230; couchers de soleil rouges, le calme de la soir\u00e9e&#8230;<\/p>\n<table align=\"center\" bgcolor=\"#f49535\">\n<tbody>\n<tr>\n<td width=\"20%\"><a title=\"Les estuaires de l\u2019Iber\u00e1\" href=\"http:\/\/www.360responsibletourism.com\/fr\/2014\/07\/16\/les-estuaires-de-libera\/\"><strong>L&rsquo;Estero del Iber\u00e0<\/strong><\/a><\/td>\n<td width=\"65%\">Colonia Pellegrini et la R\u00e9serve Naturelle de Ibera.<\/td>\n<td width=\"15%\">\u200b<strong>4 journ\u00e9es<\/strong><\/td>\n<\/tr>\n<tr>\n<td width=\"20%\"><a title=\"Chavarr\u00eda\" href=\"http:\/\/www.360responsibletourism.com\/fr\/2014\/07\/13\/chavarria\/\"><strong>Corrientes et Chavarr\u00eda<\/strong><\/a><\/td>\n<td width=\"65%\">Un t\u00edpico du village, entre la tradition et les eaux<\/td>\n<td width=\"15%\"><strong>4 journ\u00e9es<\/strong><\/td>\n<\/tr>\n<tr>\n<td width=\"20%\"><a title=\"Le Cachap\u00e9\" href=\"http:\/\/www.360responsibletourism.com\/fr\/2014\/07\/13\/le-cachape\/\"><strong>Estancia El Cachap\u00e9<\/strong><strong>\u200b<\/strong><\/a><\/td>\n<td width=\"65%\">Resistencia \u2013 El Cachape &#8211; Resistencia<\/td>\n<td width=\"15%\"><strong>4 journ\u00e9es<\/strong><\/td>\n<\/tr>\n<\/tbody>\n<\/table>\n<h2 style=\"text-align: center;\">Itin\u00e9raires Buenos Aires<\/h2>\n<h3 style=\"text-align: center;\">La Ville Autonome de Buenos Aires<\/h3>\n<p><a href=\"http:\/\/www.360responsibletourism.com\/wp-content\/uploads\/2014\/05\/P1020273_b.jpg\"><img loading=\"lazy\" decoding=\"async\" class=\"alignleft wp-image-216 size-medium\" src=\"http:\/\/www.360responsibletourism.com\/wp-content\/uploads\/2014\/05\/P1020273_b-300x225.jpg\" alt=\"Buenos Aires Citt\u00e0\" width=\"300\" height=\"225\"><\/a><br \/>\nLes touristes de 360\u00b0 parcourent la ville comme un \u00abporte\u00f1o\u00bb (habitant de la ville de Buenos Aires) de bonne humeur, qui un jour l\u00e8ve les yeux pour admirer enfin sa ville. Ainsi ils d\u00e9couvrent des styles de constructions h\u00e9t\u00e9rog\u00e8nes, des \u00e9clairs de lumi\u00e8res entre les toits, l\u2019embarras ou le sourire qui se dessine sur les visages des gens, la marchandise sur le trottoir ou encore les boutiques de luxe. Ils s\u2019\u00e9loignent, marchent dans les rues\u2026 Leurs attentes sont sur le point d\u2019\u00eatre combl\u00e9es.<\/p>\n<table align=\"center\" bgcolor=\"#f49535\">\n<tbody>\n<tr>\n<td><a title=\"La Ville Autonome de Buenos Aires\" href=\"http:\/\/www.360responsibletourism.com\/fr\/2014\/07\/17\/la-ville-autonome-de-buenos-aires\/\"><strong>Itin\u00e9raire de base<\/strong><\/a>: \u00e0 savoir la ville de Buenos Aires<\/td>\n<\/tr>\n<tr>\n<td><a title=\"Les M\u00e8res\" href=\"http:\/\/www.360responsibletourism.com\/fr\/2014\/07\/17\/les-meres\/\">Les <strong>M\u00e8res de la Plaza de Mayo<\/strong><\/a><\/td>\n<\/tr>\n<tr>\n<td><a title=\"Mus\u00e9e ESMA\" href=\"http:\/\/www.360responsibletourism.com\/fr\/2014\/07\/17\/musee-esma\/\"><strong>Centres de d\u00e9tention clandestins<\/strong><\/a><\/td>\n<\/tr>\n<\/tbody>\n<\/table>\n<h3 style=\"text-align: center;\">Province de Buenos Aires<\/h3>\n<p><a href=\"http:\/\/www.360responsibletourism.com\/wp-content\/uploads\/2014\/05\/8f87df_185acb91b71327d200387fb337f688da.jpg_srz_p_410_285_75_22_0.50_1.20_0.00.jpg\"><img loading=\"lazy\" decoding=\"async\" class=\"alignleft wp-image-217 size-medium\" src=\"http:\/\/www.360responsibletourism.com\/wp-content\/uploads\/2014\/05\/8f87df_185acb91b71327d200387fb337f688da.jpg_srz_p_410_285_75_22_0.50_1.20_0.00-300x208.jpg\" alt=\"Carlos Keen\" width=\"300\" height=\"208\"><\/a><br \/>\nJuste \u00e0 l&rsquo;ext\u00e9rieur de l&rsquo;extension urbaine du Grand Buenos Aires de pr\u00e8s de 100 km de rayon \u00e0 partir du noyau de la ville proprement dite, le paysage est monopolis\u00e9 par la plaine verdoyante qui relie le ciel \u00e0 l&rsquo;horizon. Bovins paissent en libert\u00e9 et les champs environnants sont entrecoup\u00e9es de rares maisons isol\u00e9es et entour\u00e9es d&rsquo;arbres. Tout au long de cette province, il n&rsquo;y a que deux zones de collines, caract\u00e9ris\u00e9 par des for\u00eats et des cours d&rsquo;eau: La Sierra de Tandil et Ventana les Sierras.<br \/>\nLes lieux que nous vous proposons sont en dehors des routes touristiques, comme les mille \u00abcoins et recoins\u00bb de notre propre pays si cher \u00e0 nous. Chacun de ces itin\u00e9raires peuvent \u00eatre facilement accessible en bus depuis Buenos Aires, le temps n\u00e9cessaire est compris entre 1-4 jours chacune.<br \/>\nPossibilit\u00e9 de combinaison entre les diff\u00e9rentes routes, d&rsquo;extension \/ r\u00e9duction du temps, le choix des moyens de transport, avec ou sans escorte, vous d\u00e9cidez&#8230;<\/p>\n<table align=\"center\" bgcolor=\"#f49535\">\n<tbody>\n<tr>\n<td><strong><a title=\"Deltaventura\" href=\"http:\/\/www.360responsibletourism.com\/fr\/2014\/07\/17\/deltaventura\/\">Le delta du Rio Parana<\/a>:<\/strong>&nbsp;Bonanza Deltaventura, Tigre<\/td>\n<\/tr>\n<tr>\n<td><strong><a title=\"Le Mus\u00e9e historique Provincial et  R\u00e9serve naturelle \u00e0 usage multiple. Guillermo E.Hudson\" href=\"http:\/\/www.360responsibletourism.com\/fr\/2014\/07\/17\/hudson\/\">Le Mus\u00e9e Parc Hudson<\/a>:<\/strong>&nbsp;Municipalit\u00e0 di Florencio Varela.<\/td>\n<\/tr>\n<tr>\n<td><strong><a title=\"La Ni\u00f1a Pueblo Rural\" href=\"http:\/\/www.360responsibletourism.com\/fr\/2014\/07\/17\/la-nina-pueblo-rural\/\">La \u00d1i\u00f1a Pueblo Rural<\/a>:<\/strong>&nbsp;Partido 9 de Julio.<\/td>\n<\/tr>\n<\/tbody>\n<\/table>\n","protected":false},"excerpt":{"rendered":"<p>Itin\u00e9raires Patagonie Ne manquez pas! Notre proposition pour visiter le Sud de la Patagonie, combine les sites touristiques les plus remarquables, avec des s\u00e9jours qui feront d\u00e9couvrir au voyageur la culture locale, dans cette r\u00e9gion dense et lointaine. Des sites surprenants, une faune en \u00e9tat pure, une gastronomie locale, ainsi&#8230;<\/p>\n","protected":false},"author":1,"featured_media":0,"parent":0,"menu_order":0,"comment_status":"closed","ping_status":"closed","template":"page-fullwidth.php","meta":{"footnotes":""},"_links":{"self":[{"href":"https:\/\/www.360responsibletourism.com\/fr\/wp-json\/wp\/v2\/pages\/365"}],"collection":[{"href":"https:\/\/www.360responsibletourism.com\/fr\/wp-json\/wp\/v2\/pages"}],"about":[{"href":"https:\/\/www.360responsibletourism.com\/fr\/wp-json\/wp\/v2\/types\/page"}],"author":[{"embeddable":true,"href":"https:\/\/www.360responsibletourism.com\/fr\/wp-json\/wp\/v2\/users\/1"}],"replies":[{"embeddable":true,"href":"https:\/\/www.360responsibletourism.com\/fr\/wp-json\/wp\/v2\/comments?post=365"}],"version-history":[{"count":3,"href":"https:\/\/www.360responsibletourism.com\/fr\/wp-json\/wp\/v2\/pages\/365\/revisions"}],"predecessor-version":[{"id":456,"href":"https:\/\/www.360responsibletourism.com\/fr\/wp-json\/wp\/v2\/pages\/365\/revisions\/456"}],"wp:attachment":[{"href":"https:\/\/www.360responsibletourism.com\/fr\/wp-json\/wp\/v2\/media?parent=365"}],"curies":[{"name":"wp","href":"https:\/\/api.w.org\/{rel}","templated":true}]}}