{"id":375,"date":"2014-12-29T19:43:21","date_gmt":"2014-12-29T18:43:21","guid":{"rendered":"http:\/\/www.360responsibletourism.com\/fr\/?page_id=375"},"modified":"2014-12-30T13:26:41","modified_gmt":"2014-12-30T12:26:41","slug":"les-pays-dans-lesquels-nous-travaillons","status":"publish","type":"page","link":"https:\/\/www.360responsibletourism.com\/fr\/les-pays-dans-lesquels-nous-travaillons\/","title":{"rendered":"Les pays dans lesquels nous travaillons"},"content":{"rendered":"<p>360\u00b0 ResponsbileTourism traite projets et collabore en Am\u00e9rique latine. Nous travaillons principalement en Argentine, au Chili et en Uruguay, o\u00f9 nous utilisons notre connaissance sp\u00e9ciale pour les meilleurs itin\u00e9raires de voyage.<\/p>\n<table align=\"center\" bgcolor=\"#f49535\">\n<tbody>\n<tr>\n<td style=\"text-align: center;\" width=\"30%\"><strong><a title=\"Argentine\" href=\"http:\/\/www.360responsibletourism.com\/fr\/argentine\/\">Argentine<\/a><\/strong><a title=\"Argentine\" href=\"http:\/\/www.360responsibletourism.com\/fr\/argentine\/\"><img loading=\"lazy\" decoding=\"async\" class=\"aligncenter size-medium wp-image-1663\" src=\"http:\/\/www.360responsibletourism.com\/wp-content\/uploads\/2014\/09\/Flag_of_Argentina.svg_-300x188.png\" alt=\"Bandiera Argentina\" width=\"300\" height=\"188\" \/><\/a><\/td>\n<td style=\"text-align: center;\" width=\"30%\"><strong>Chili<\/strong><img loading=\"lazy\" decoding=\"async\" class=\"aligncenter size-medium wp-image-1664\" src=\"http:\/\/www.360responsibletourism.com\/wp-content\/uploads\/2014\/09\/Flag_of_Chile.svg_-300x200.png\" alt=\"Bandiera Cile\" width=\"300\" height=\"200\" \/><\/td>\n<\/tr>\n<\/tbody>\n<\/table>\n<p>Bolivie et le P\u00e9rou sont \u00e9galement des destinations qui peuvent \u00eatre inclus dans les itin\u00e9raires. Nous attendons <a title=\"Contactez-nous\" href=\"http:\/\/www.360responsibletourism.com\/fr\/a-propos-de-nous\/contactez-nous\/\">votre communication<\/a>.<\/p>\n","protected":false},"excerpt":{"rendered":"<p>360\u00b0 ResponsbileTourism traite projets et collabore en Am\u00e9rique latine. Nous travaillons principalement en Argentine, au Chili et en Uruguay, o\u00f9 nous utilisons notre connaissance sp\u00e9ciale pour les meilleurs itin\u00e9raires de voyage. Argentine Chili Bolivie et le P\u00e9rou sont \u00e9galement des destinations qui peuvent \u00eatre inclus dans les itin\u00e9raires. Nous attendons&#8230;<\/p>\n","protected":false},"author":1,"featured_media":0,"parent":0,"menu_order":0,"comment_status":"closed","ping_status":"closed","template":"","meta":{"footnotes":""},"_links":{"self":[{"href":"https:\/\/www.360responsibletourism.com\/fr\/wp-json\/wp\/v2\/pages\/375"}],"collection":[{"href":"https:\/\/www.360responsibletourism.com\/fr\/wp-json\/wp\/v2\/pages"}],"about":[{"href":"https:\/\/www.360responsibletourism.com\/fr\/wp-json\/wp\/v2\/types\/page"}],"author":[{"embeddable":true,"href":"https:\/\/www.360responsibletourism.com\/fr\/wp-json\/wp\/v2\/users\/1"}],"replies":[{"embeddable":true,"href":"https:\/\/www.360responsibletourism.com\/fr\/wp-json\/wp\/v2\/comments?post=375"}],"version-history":[{"count":3,"href":"https:\/\/www.360responsibletourism.com\/fr\/wp-json\/wp\/v2\/pages\/375\/revisions"}],"predecessor-version":[{"id":380,"href":"https:\/\/www.360responsibletourism.com\/fr\/wp-json\/wp\/v2\/pages\/375\/revisions\/380"}],"wp:attachment":[{"href":"https:\/\/www.360responsibletourism.com\/fr\/wp-json\/wp\/v2\/media?parent=375"}],"curies":[{"name":"wp","href":"https:\/\/api.w.org\/{rel}","templated":true}]}}