{"id":56,"date":"2014-07-13T15:38:24","date_gmt":"2014-07-13T13:38:24","guid":{"rendered":"http:\/\/www.360responsibletourism.com\/fr\/?page_id=56"},"modified":"2014-07-13T15:38:24","modified_gmt":"2014-07-13T13:38:24","slug":"les-transports","status":"publish","type":"page","link":"https:\/\/www.360responsibletourism.com\/fr\/argentine\/renseignements-utiles\/les-transports\/","title":{"rendered":"Les transports"},"content":{"rendered":"<table align=\"center\">\n<tbody>\n<tr>\n<td><img loading=\"lazy\" decoding=\"async\" class=\"aligncenter wp-image-382 size-medium\" src=\"http:\/\/www.360responsibletourism.com\/wp-content\/uploads\/2014\/05\/2004_0627Image0117-300x225.jpg\" alt=\"Transporte\" width=\"300\" height=\"225\" \/><\/td>\n<td><img loading=\"lazy\" decoding=\"async\" class=\"aligncenter wp-image-383 size-medium\" src=\"http:\/\/www.360responsibletourism.com\/wp-content\/uploads\/2014\/05\/P10401511-300x225.jpg\" alt=\"Transporte\" width=\"300\" height=\"225\" \/><\/td>\n<\/tr>\n<\/tbody>\n<\/table>\n<p>Les d\u00e9placements internes se r\u00e9alisent par voie a\u00e9rienne, ou par voie routi\u00e8re, avec les lignes r\u00e9guli\u00e8res de bus. Les trajets en avion sont d\u2019une dur\u00e9e de deux heures en moyenne, tandis que les trajets en bus peuvent durer environ 12 heures. Ces bus poss\u00e8dent des si\u00e8ges inclinables entre 160\u00b0 et 180\u00b0, ils sont \u00e9quip\u00e9s de sanitaires, de t\u00e9l\u00e9visions et offrent g\u00e9n\u00e9ralement un service de d\u00eener et de petit d\u00e9jeuner.<br \/>\nPour pouvoir atteindre les zones plus isol\u00e9es, nous utilisons des 4X4, en raison des terrains difficiles. Pour les visites de Buenos Aires et de ses alentours nous utilisons une fourgonnette. Lors des sorties nocturnes \u00e0 Buenos Aires, nous sugg\u00e9rons l\u2019utilisation du taxi.<\/p>\n<table align=\"center\">\n<tbody>\n<tr>\n<td><img loading=\"lazy\" decoding=\"async\" class=\"aligncenter wp-image-384 size-medium\" src=\"http:\/\/www.360responsibletourism.com\/wp-content\/uploads\/2014\/05\/P1040882-300x225.jpg\" alt=\"Transporte\" width=\"300\" height=\"225\" \/><\/td>\n<td><img loading=\"lazy\" decoding=\"async\" class=\"aligncenter wp-image-385 size-medium\" src=\"http:\/\/www.360responsibletourism.com\/wp-content\/uploads\/2014\/05\/P1040938-300x225.jpg\" alt=\"Transporte\" width=\"300\" height=\"225\" \/><\/td>\n<\/tr>\n<\/tbody>\n<\/table>\n","protected":false},"excerpt":{"rendered":"<p>Les d\u00e9placements internes se r\u00e9alisent par voie a\u00e9rienne, ou par voie routi\u00e8re, avec les lignes r\u00e9guli\u00e8res de bus. Les trajets en avion sont d\u2019une dur\u00e9e de deux heures en moyenne, tandis que les trajets en bus peuvent durer environ 12 heures. Ces bus poss\u00e8dent des si\u00e8ges inclinables entre 160\u00b0 et&#8230;<\/p>\n","protected":false},"author":1,"featured_media":0,"parent":52,"menu_order":0,"comment_status":"closed","ping_status":"closed","template":"","meta":{"footnotes":""},"_links":{"self":[{"href":"https:\/\/www.360responsibletourism.com\/fr\/wp-json\/wp\/v2\/pages\/56"}],"collection":[{"href":"https:\/\/www.360responsibletourism.com\/fr\/wp-json\/wp\/v2\/pages"}],"about":[{"href":"https:\/\/www.360responsibletourism.com\/fr\/wp-json\/wp\/v2\/types\/page"}],"author":[{"embeddable":true,"href":"https:\/\/www.360responsibletourism.com\/fr\/wp-json\/wp\/v2\/users\/1"}],"replies":[{"embeddable":true,"href":"https:\/\/www.360responsibletourism.com\/fr\/wp-json\/wp\/v2\/comments?post=56"}],"version-history":[{"count":1,"href":"https:\/\/www.360responsibletourism.com\/fr\/wp-json\/wp\/v2\/pages\/56\/revisions"}],"predecessor-version":[{"id":57,"href":"https:\/\/www.360responsibletourism.com\/fr\/wp-json\/wp\/v2\/pages\/56\/revisions\/57"}],"up":[{"embeddable":true,"href":"https:\/\/www.360responsibletourism.com\/fr\/wp-json\/wp\/v2\/pages\/52"}],"wp:attachment":[{"href":"https:\/\/www.360responsibletourism.com\/fr\/wp-json\/wp\/v2\/media?parent=56"}],"curies":[{"name":"wp","href":"https:\/\/api.w.org\/{rel}","templated":true}]}}