{"id":58,"date":"2014-07-13T15:44:08","date_gmt":"2014-07-13T13:44:08","guid":{"rendered":"http:\/\/www.360responsibletourism.com\/fr\/?page_id=58"},"modified":"2014-09-05T09:48:02","modified_gmt":"2014-09-05T07:48:02","slug":"les-repas","status":"publish","type":"page","link":"https:\/\/www.360responsibletourism.com\/fr\/argentine\/renseignements-utiles\/les-repas\/","title":{"rendered":"Les repas"},"content":{"rendered":"<table align=\"center\">\n<tbody>\n<tr>\n<td><img loading=\"lazy\" decoding=\"async\" class=\"aligncenter wp-image-1505 size-medium\" src=\"http:\/\/www.360responsibletourism.com\/wp-content\/uploads\/2014\/05\/PA080281-300x225.jpg\" alt=\"Asado argentino\" width=\"300\" height=\"225\" \/><\/td>\n<td><img loading=\"lazy\" decoding=\"async\" class=\"aligncenter wp-image-388 size-medium\" src=\"http:\/\/www.360responsibletourism.com\/wp-content\/uploads\/2014\/05\/P1040644-300x225.jpg\" alt=\"Comidas\" width=\"300\" height=\"225\" \/><\/td>\n<\/tr>\n<\/tbody>\n<\/table>\n<p>Durant notre voyage, nos repas sont compos\u00e9s de nourriture typique d\u2019argentine: Pot-au-feux, asados (\u00ab cuisson de la viande sur les braises \u00bb), empanadas, ainsi que des tartes (de l\u00e9gumes et d\u2019\u0153uf). Dans la province de Misiones on mange le \u00ab dorado \u00bb et le \u00ab surubi \u00bb, des poissons typiques de la zone. Dans la r\u00e9gion du nord est, particuli\u00e8rement les villes de Salta et Jujuy, la cuisine r\u00e9gionale est mise en avant et se compose de d\u00e9licieux plats typiques \u00e0 base de ma\u00efs. Tandis que dans la p\u00e9ninsule Vald\u00e9s, nous pouvons d\u00e9guster des fruits de mer et du poisson frais. En Patagonie, \u00ab l\u2019agneau de Patagonie \u00bb est tr\u00e8s c\u00e9l\u00e8bre pour sa cuisson sur les braises. Buenos Aires nous offre quant \u00e0 elle une cuisine internationale, de haute gamme. Le plat omnipr\u00e9sent reste la viande de g\u00e9nisse, cuite sur les braises, d\u2019une excellente qualit\u00e9.<\/p>\n<table align=\"center\">\n<tbody>\n<tr>\n<td><img loading=\"lazy\" decoding=\"async\" class=\"aligncenter wp-image-390 size-medium\" src=\"http:\/\/www.360responsibletourism.com\/wp-content\/uploads\/2014\/05\/grupo04-300x225.jpg\" alt=\"Comidas\" width=\"300\" height=\"225\" \/><\/td>\n<td><img loading=\"lazy\" decoding=\"async\" class=\"aligncenter wp-image-391 size-medium\" src=\"http:\/\/www.360responsibletourism.com\/wp-content\/uploads\/2014\/05\/P1050549-300x225.jpg\" alt=\"Comidas\" width=\"300\" height=\"225\" \/><\/td>\n<\/tr>\n<\/tbody>\n<\/table>\n","protected":false},"excerpt":{"rendered":"<p>Durant notre voyage, nos repas sont compos\u00e9s de nourriture typique d\u2019argentine: Pot-au-feux, asados (\u00ab cuisson de la viande sur les braises \u00bb), empanadas, ainsi que des tartes (de l\u00e9gumes et d\u2019\u0153uf). Dans la province de Misiones on mange le \u00ab dorado \u00bb et le \u00ab surubi \u00bb, des poissons typiques&#8230;<\/p>\n","protected":false},"author":1,"featured_media":0,"parent":52,"menu_order":0,"comment_status":"closed","ping_status":"closed","template":"","meta":{"footnotes":""},"_links":{"self":[{"href":"https:\/\/www.360responsibletourism.com\/fr\/wp-json\/wp\/v2\/pages\/58"}],"collection":[{"href":"https:\/\/www.360responsibletourism.com\/fr\/wp-json\/wp\/v2\/pages"}],"about":[{"href":"https:\/\/www.360responsibletourism.com\/fr\/wp-json\/wp\/v2\/types\/page"}],"author":[{"embeddable":true,"href":"https:\/\/www.360responsibletourism.com\/fr\/wp-json\/wp\/v2\/users\/1"}],"replies":[{"embeddable":true,"href":"https:\/\/www.360responsibletourism.com\/fr\/wp-json\/wp\/v2\/comments?post=58"}],"version-history":[{"count":2,"href":"https:\/\/www.360responsibletourism.com\/fr\/wp-json\/wp\/v2\/pages\/58\/revisions"}],"predecessor-version":[{"id":303,"href":"https:\/\/www.360responsibletourism.com\/fr\/wp-json\/wp\/v2\/pages\/58\/revisions\/303"}],"up":[{"embeddable":true,"href":"https:\/\/www.360responsibletourism.com\/fr\/wp-json\/wp\/v2\/pages\/52"}],"wp:attachment":[{"href":"https:\/\/www.360responsibletourism.com\/fr\/wp-json\/wp\/v2\/media?parent=58"}],"curies":[{"name":"wp","href":"https:\/\/api.w.org\/{rel}","templated":true}]}}