{"id":60,"date":"2014-07-13T15:44:48","date_gmt":"2014-07-13T13:44:48","guid":{"rendered":"http:\/\/www.360responsibletourism.com\/fr\/?page_id=60"},"modified":"2014-07-13T15:45:20","modified_gmt":"2014-07-13T13:45:20","slug":"lieux-dhebergement","status":"publish","type":"page","link":"https:\/\/www.360responsibletourism.com\/fr\/argentine\/renseignements-utiles\/lieux-dhebergement\/","title":{"rendered":"Lieux d\u2019h\u00e9bergement"},"content":{"rendered":"<table align=\"center\">\n<tbody>\n<tr>\n<td><img loading=\"lazy\" decoding=\"async\" class=\"aligncenter wp-image-394 size-medium\" src=\"http:\/\/www.360responsibletourism.com\/wp-content\/uploads\/2014\/05\/DSCN7982-300x225.jpg\" alt=\"Alojamientos\" width=\"300\" height=\"225\" \/><\/td>\n<td><img loading=\"lazy\" decoding=\"async\" class=\"aligncenter wp-image-372 size-medium\" src=\"http:\/\/www.360responsibletourism.com\/wp-content\/uploads\/2014\/05\/P1040700-300x225.jpg\" alt=\"Alloggi\" width=\"300\" height=\"225\" \/><\/td>\n<\/tr>\n<\/tbody>\n<\/table>\n<p>Le type d\u2019h\u00e9bergement varie selon la destination : nous favorisons l\u2019h\u00e9bergement dans les maisons familiales, les auberges, les propri\u00e9t\u00e9s fermi\u00e8res de campagne, les refuges de montagne et parfois m\u00eame les campings. Les h\u00f4tels sont g\u00e9n\u00e9ralement de seconde ou troisi\u00e8me cat\u00e9gorie, et ne garantissent pas toujours une salle de bain dans la chambre. Il est parfois obligatoire de partager la chambre avec quatre autres personnes.<\/p>\n<table align=\"center\">\n<tbody>\n<tr>\n<td><img loading=\"lazy\" decoding=\"async\" class=\"aligncenter wp-image-395 size-medium\" src=\"http:\/\/www.360responsibletourism.com\/wp-content\/uploads\/2014\/05\/P1020686_b-300x225.jpg\" alt=\"Alojamientos\" width=\"300\" height=\"225\" \/><\/td>\n<td><img loading=\"lazy\" decoding=\"async\" class=\"aligncenter wp-image-396 size-medium\" src=\"http:\/\/www.360responsibletourism.com\/wp-content\/uploads\/2014\/05\/DSCN7985-300x225.jpg\" alt=\"Alojamientos\" width=\"300\" height=\"225\" \/><\/td>\n<\/tr>\n<\/tbody>\n<\/table>\n","protected":false},"excerpt":{"rendered":"<p>Le type d\u2019h\u00e9bergement varie selon la destination : nous favorisons l\u2019h\u00e9bergement dans les maisons familiales, les auberges, les propri\u00e9t\u00e9s fermi\u00e8res de campagne, les refuges de montagne et parfois m\u00eame les campings. Les h\u00f4tels sont g\u00e9n\u00e9ralement de seconde ou troisi\u00e8me cat\u00e9gorie, et ne garantissent pas toujours une salle de bain dans&#8230;<\/p>\n","protected":false},"author":1,"featured_media":0,"parent":52,"menu_order":0,"comment_status":"closed","ping_status":"closed","template":"","meta":{"footnotes":""},"_links":{"self":[{"href":"https:\/\/www.360responsibletourism.com\/fr\/wp-json\/wp\/v2\/pages\/60"}],"collection":[{"href":"https:\/\/www.360responsibletourism.com\/fr\/wp-json\/wp\/v2\/pages"}],"about":[{"href":"https:\/\/www.360responsibletourism.com\/fr\/wp-json\/wp\/v2\/types\/page"}],"author":[{"embeddable":true,"href":"https:\/\/www.360responsibletourism.com\/fr\/wp-json\/wp\/v2\/users\/1"}],"replies":[{"embeddable":true,"href":"https:\/\/www.360responsibletourism.com\/fr\/wp-json\/wp\/v2\/comments?post=60"}],"version-history":[{"count":2,"href":"https:\/\/www.360responsibletourism.com\/fr\/wp-json\/wp\/v2\/pages\/60\/revisions"}],"predecessor-version":[{"id":62,"href":"https:\/\/www.360responsibletourism.com\/fr\/wp-json\/wp\/v2\/pages\/60\/revisions\/62"}],"up":[{"embeddable":true,"href":"https:\/\/www.360responsibletourism.com\/fr\/wp-json\/wp\/v2\/pages\/52"}],"wp:attachment":[{"href":"https:\/\/www.360responsibletourism.com\/fr\/wp-json\/wp\/v2\/media?parent=60"}],"curies":[{"name":"wp","href":"https:\/\/api.w.org\/{rel}","templated":true}]}}