{"id":63,"date":"2014-07-13T15:48:02","date_gmt":"2014-07-13T13:48:02","guid":{"rendered":"http:\/\/www.360responsibletourism.com\/fr\/?page_id=63"},"modified":"2014-07-13T15:48:02","modified_gmt":"2014-07-13T13:48:02","slug":"sante-climat-et-tenue-vestimentaire","status":"publish","type":"page","link":"https:\/\/www.360responsibletourism.com\/fr\/argentine\/renseignements-utiles\/sante-climat-et-tenue-vestimentaire\/","title":{"rendered":"Sant\u00e9, Climat et Tenue vestimentaire"},"content":{"rendered":"<p>En Argentine, et en particulier dans les zones dans lesquelles nous nous dirigeons, il n\u2019existe aucune maladie end\u00e9mique qui requi\u00e8re une pr\u00e9vention sp\u00e9cifique ou une vaccination. L\u2019eau du robinet est potable \u00e0 Buenos Aires, et g\u00e9n\u00e9ralement dans toute l\u2019Argentine \u00e9galement ; pour les cas sp\u00e9cifiques, les voyageurs seront avis\u00e9s et pourvus en eau potable.<\/p>\n<table align=\"center\">\n<tbody>\n<tr>\n<td><img loading=\"lazy\" decoding=\"async\" class=\"aligncenter wp-image-399 size-medium\" src=\"http:\/\/www.360responsibletourism.com\/wp-content\/uploads\/2014\/05\/Bariloche19-300x225.jpg\" alt=\"Vestiario\" width=\"300\" height=\"225\" \/><\/td>\n<td><img loading=\"lazy\" decoding=\"async\" class=\"aligncenter wp-image-400 size-medium\" src=\"http:\/\/www.360responsibletourism.com\/wp-content\/uploads\/2014\/05\/grupo031-300x225.jpg\" alt=\"Vestiario\" width=\"300\" height=\"225\" \/><\/td>\n<td><img loading=\"lazy\" decoding=\"async\" class=\"aligncenter wp-image-401 size-medium\" src=\"http:\/\/www.360responsibletourism.com\/wp-content\/uploads\/2014\/05\/P1040204-300x225.jpg\" alt=\"Vestiario\" width=\"300\" height=\"225\" \/><\/td>\n<td><img loading=\"lazy\" decoding=\"async\" class=\"aligncenter wp-image-402 size-medium\" src=\"http:\/\/www.360responsibletourism.com\/wp-content\/uploads\/2014\/05\/P1040087_b-300x225.jpg\" alt=\"Vestiario\" width=\"300\" height=\"225\" \/><\/td>\n<\/tr>\n<\/tbody>\n<\/table>\n<p>L\u2019Argentine se situe dans l\u2019h\u00e9misph\u00e8re sud, les saisons sont donc \u00e0 l\u2019inverse de l\u2019h\u00e9misph\u00e8re nord : quand c\u2019est la saison estivale dans un des pays, dans l\u2019autre c\u2019est l\u2019hiver et vice versa. Le climat de la ville de Buenos Aires est g\u00e9n\u00e9ralement doux en hiver et tr\u00e8s chaud et humide en \u00e9t\u00e9. La province de Misiones se situe dans une zone proche de l\u2019aire subtropicale, c\u2019est pourquoi le climat est tr\u00e8s chaud et humide entre d\u00e9cembre et mars. L\u2019altitude influence \u00e9norm\u00e9ment le type de climat : dans la zone de Salta, Jujuy et Tucuman, la chaleur des vall\u00e9es s\u2019att\u00e9nue dans l\u2019altiplano et dans la montagne \u00e0 une altitude de 3000\/4000 m\u00e8tres. En descendant vers le sud, le climat commence \u00e0 se rafraichir, jusqu\u2019\u00e0 la zone des glaciers, et le climat austral antarctique commence \u00e0 se ressentir dans la Terre de Feu. Sur la c\u00f4te Atlantique, notamment sur la P\u00e9ninsule Vald\u00e9s, le climat est frais avec de fortes rafales de vent, souvent att\u00e9nu\u00e9es entre novembre et mars.<br \/>\nIl est conseill\u00e9 de porter des v\u00eatements de mi-saison, sportive et l\u00e9g\u00e8res pour la zone du nord et des v\u00eatements plus chauds pour le sud. Il est important d\u2019avoir sur soi : un cir\u00e9 l\u00e9ger, des chaussures de marche, un manteau ou ne veste polaire, un chapeau et une \u00e9charpe, des v\u00eatements sportifs, un habit de ville de mi-saison et une tenue adapt\u00e9e pour les sorties de nuit \u00e0 Buenos Aires. Il est conseill\u00e9 \u00e9galement d\u2019avoir des lunettes de soleil.<\/p>\n<table align=\"center\">\n<tbody>\n<tr>\n<td><img loading=\"lazy\" decoding=\"async\" class=\"aligncenter wp-image-403 size-medium\" src=\"http:\/\/www.360responsibletourism.com\/wp-content\/uploads\/2014\/05\/P1040112_b-300x225.jpg\" alt=\"Vestiario\" width=\"300\" height=\"225\" \/><\/td>\n<td><img loading=\"lazy\" decoding=\"async\" class=\"aligncenter wp-image-404 size-medium\" src=\"http:\/\/www.360responsibletourism.com\/wp-content\/uploads\/2014\/05\/P2190121_b-300x225.jpg\" alt=\"Vestiario\" width=\"300\" height=\"225\" \/><\/td>\n<\/tr>\n<\/tbody>\n<\/table>\n","protected":false},"excerpt":{"rendered":"<p>En Argentine, et en particulier dans les zones dans lesquelles nous nous dirigeons, il n\u2019existe aucune maladie end\u00e9mique qui requi\u00e8re une pr\u00e9vention sp\u00e9cifique ou une vaccination. L\u2019eau du robinet est potable \u00e0 Buenos Aires, et g\u00e9n\u00e9ralement dans toute l\u2019Argentine \u00e9galement ; pour les cas sp\u00e9cifiques, les voyageurs seront avis\u00e9s et&#8230;<\/p>\n","protected":false},"author":1,"featured_media":0,"parent":52,"menu_order":0,"comment_status":"closed","ping_status":"closed","template":"","meta":{"footnotes":""},"_links":{"self":[{"href":"https:\/\/www.360responsibletourism.com\/fr\/wp-json\/wp\/v2\/pages\/63"}],"collection":[{"href":"https:\/\/www.360responsibletourism.com\/fr\/wp-json\/wp\/v2\/pages"}],"about":[{"href":"https:\/\/www.360responsibletourism.com\/fr\/wp-json\/wp\/v2\/types\/page"}],"author":[{"embeddable":true,"href":"https:\/\/www.360responsibletourism.com\/fr\/wp-json\/wp\/v2\/users\/1"}],"replies":[{"embeddable":true,"href":"https:\/\/www.360responsibletourism.com\/fr\/wp-json\/wp\/v2\/comments?post=63"}],"version-history":[{"count":1,"href":"https:\/\/www.360responsibletourism.com\/fr\/wp-json\/wp\/v2\/pages\/63\/revisions"}],"predecessor-version":[{"id":64,"href":"https:\/\/www.360responsibletourism.com\/fr\/wp-json\/wp\/v2\/pages\/63\/revisions\/64"}],"up":[{"embeddable":true,"href":"https:\/\/www.360responsibletourism.com\/fr\/wp-json\/wp\/v2\/pages\/52"}],"wp:attachment":[{"href":"https:\/\/www.360responsibletourism.com\/fr\/wp-json\/wp\/v2\/media?parent=63"}],"curies":[{"name":"wp","href":"https:\/\/api.w.org\/{rel}","templated":true}]}}