{"id":65,"date":"2014-07-13T15:49:41","date_gmt":"2014-07-13T13:49:41","guid":{"rendered":"http:\/\/www.360responsibletourism.com\/fr\/?page_id=65"},"modified":"2014-07-13T15:49:41","modified_gmt":"2014-07-13T13:49:41","slug":"securite","status":"publish","type":"page","link":"https:\/\/www.360responsibletourism.com\/fr\/argentine\/renseignements-utiles\/securite\/","title":{"rendered":"S\u00e9curit\u00e9"},"content":{"rendered":"<table align=\"center\">\n<tbody>\n<tr>\n<td><img loading=\"lazy\" decoding=\"async\" class=\"aligncenter wp-image-407 size-medium\" src=\"http:\/\/www.360responsibletourism.com\/wp-content\/uploads\/2014\/05\/BARRIOS_1-300x225.jpg\" alt=\"Sicurezza\" width=\"300\" height=\"225\" \/><\/td>\n<td><img loading=\"lazy\" decoding=\"async\" class=\"aligncenter wp-image-408 size-medium\" src=\"http:\/\/www.360responsibletourism.com\/wp-content\/uploads\/2014\/05\/P1020679_b-300x225.jpg\" alt=\"Sicurezza\" width=\"300\" height=\"225\" \/><\/td>\n<\/tr>\n<\/tbody>\n<\/table>\n<p>Il est conseill\u00e9 de prendre toutes les pr\u00e9cautions n\u00e9cessaires, tout comme dans chaque grande ville, lorsqu\u2019il s\u2019agit de se promener avec ses effets personnels, tels que les appareils photos, vid\u00e9o ou argent liquide.<br \/>\nSurtout dans la ville de Buenos Aires, il est recommand\u00e9 de se d\u00e9placer en taxis durant la nuit ainsi que de marcher dans les rues ou les zones non d\u00e9sertiques. Les quartiers p\u00e9riph\u00e9riques ne sont pas conseill\u00e9s, il est pr\u00e9f\u00e9rable de demander conseil \u00e0 l\u2019accompagnateur local ou \u00e0 l\u2019administration de l\u2019h\u00f4tel avant de se diriger vers un endroit particulier.<\/p>\n<table align=\"center\">\n<tbody>\n<tr>\n<td><img loading=\"lazy\" decoding=\"async\" class=\"aligncenter wp-image-409 size-medium\" src=\"http:\/\/www.360responsibletourism.com\/wp-content\/uploads\/2014\/05\/P1020692_b-300x225.jpg\" alt=\"Sicurezza\" width=\"300\" height=\"225\" \/><\/td>\n<td><img loading=\"lazy\" decoding=\"async\" class=\"aligncenter wp-image-410 size-medium\" src=\"http:\/\/www.360responsibletourism.com\/wp-content\/uploads\/2014\/05\/P1020941_b-300x225.jpg\" alt=\"Sicurezza\" width=\"300\" height=\"225\" \/><\/td>\n<\/tr>\n<\/tbody>\n<\/table>\n","protected":false},"excerpt":{"rendered":"<p>Il est conseill\u00e9 de prendre toutes les pr\u00e9cautions n\u00e9cessaires, tout comme dans chaque grande ville, lorsqu\u2019il s\u2019agit de se promener avec ses effets personnels, tels que les appareils photos, vid\u00e9o ou argent liquide. Surtout dans la ville de Buenos Aires, il est recommand\u00e9 de se d\u00e9placer en taxis durant la&#8230;<\/p>\n","protected":false},"author":1,"featured_media":0,"parent":52,"menu_order":0,"comment_status":"closed","ping_status":"closed","template":"","meta":{"footnotes":""},"_links":{"self":[{"href":"https:\/\/www.360responsibletourism.com\/fr\/wp-json\/wp\/v2\/pages\/65"}],"collection":[{"href":"https:\/\/www.360responsibletourism.com\/fr\/wp-json\/wp\/v2\/pages"}],"about":[{"href":"https:\/\/www.360responsibletourism.com\/fr\/wp-json\/wp\/v2\/types\/page"}],"author":[{"embeddable":true,"href":"https:\/\/www.360responsibletourism.com\/fr\/wp-json\/wp\/v2\/users\/1"}],"replies":[{"embeddable":true,"href":"https:\/\/www.360responsibletourism.com\/fr\/wp-json\/wp\/v2\/comments?post=65"}],"version-history":[{"count":1,"href":"https:\/\/www.360responsibletourism.com\/fr\/wp-json\/wp\/v2\/pages\/65\/revisions"}],"predecessor-version":[{"id":66,"href":"https:\/\/www.360responsibletourism.com\/fr\/wp-json\/wp\/v2\/pages\/65\/revisions\/66"}],"up":[{"embeddable":true,"href":"https:\/\/www.360responsibletourism.com\/fr\/wp-json\/wp\/v2\/pages\/52"}],"wp:attachment":[{"href":"https:\/\/www.360responsibletourism.com\/fr\/wp-json\/wp\/v2\/media?parent=65"}],"curies":[{"name":"wp","href":"https:\/\/api.w.org\/{rel}","templated":true}]}}