{"id":67,"date":"2014-07-13T15:53:49","date_gmt":"2014-07-13T13:53:49","guid":{"rendered":"http:\/\/www.360responsibletourism.com\/fr\/?page_id=67"},"modified":"2014-07-13T15:53:49","modified_gmt":"2014-07-13T13:53:49","slug":"us-et-coutumes","status":"publish","type":"page","link":"https:\/\/www.360responsibletourism.com\/fr\/argentine\/renseignements-utiles\/us-et-coutumes\/","title":{"rendered":"Us et coutumes"},"content":{"rendered":"<p>L\u2019Argentine est un des pays les plus Europ\u00e9ens de l\u2019Am\u00e9rique Latine, en raison de l\u2019histoire \u00e0 la fois r\u00e9cente et complexe de la Nation, qui s\u2019est form\u00e9e gr\u00e2ce \u00e0 une immigration massive europ\u00e9enne depuis 1880.<\/p>\n<table align=\"center\">\n<tbody>\n<tr>\n<td><img loading=\"lazy\" decoding=\"async\" class=\"aligncenter wp-image-413 size-medium\" src=\"http:\/\/www.360responsibletourism.com\/wp-content\/uploads\/2014\/05\/P10108091-300x225.jpg\" alt=\"Usi e costumi\" width=\"300\" height=\"225\" \/><\/td>\n<td><img loading=\"lazy\" decoding=\"async\" class=\"aligncenter wp-image-414 size-medium\" src=\"http:\/\/www.360responsibletourism.com\/wp-content\/uploads\/2014\/05\/P1020358-300x225.jpg\" alt=\"Usi e costumi\" width=\"300\" height=\"225\" \/><\/td>\n<\/tr>\n<\/tbody>\n<\/table>\n<p>La population d\u2019Argentine se concentre dans la ville de Buenos Aires, avec plus de 12 millions de personnes. Sur le reste du territoire, 24 millions de personnes r\u00e9sident sur une \u00e9tendue de 2 766 889 km\u00b2. On remarque une grande diff\u00e9rence entre les habitants de Buenos Aires, les \u00ab porte\u00f1os \u00bb (appel\u00e9s ainsi car Buenos Aires naquit telle une ville portuaire), et le reste de la population appel\u00e9e \u00ab de l\u2019int\u00e9rieur \u00bb.<br \/>\nBuenos Aires poss\u00e8de une large offre de loisirs, compos\u00e9 du tango en premier lieu, mais \u00e9galement de th\u00e9\u00e2tres \u00e0 renomm\u00e9e locale et internationale, d\u2019\u00e9v\u00e8nements et de f\u00eates typiques locales dans chaque province.<\/p>\n<table align=\"center\">\n<tbody>\n<tr>\n<td><img loading=\"lazy\" decoding=\"async\" class=\"aligncenter wp-image-415 size-medium\" src=\"http:\/\/www.360responsibletourism.com\/wp-content\/uploads\/2014\/05\/usos-2-300x225.jpg\" alt=\"Usi e costumi\" width=\"300\" height=\"225\" \/><\/td>\n<td><img loading=\"lazy\" decoding=\"async\" class=\"aligncenter wp-image-416 size-medium\" src=\"http:\/\/www.360responsibletourism.com\/wp-content\/uploads\/2014\/05\/usos_b-300x199.jpg\" alt=\"Usi e costumi\" width=\"300\" height=\"199\" \/><\/td>\n<\/tr>\n<\/tbody>\n<\/table>\n<p>En Argentine, il est  coutume de se saluer avec un bisou sur la joue, y compris avec des personnes m\u00e9connues. En g\u00e9n\u00e9ral, les hommes aussi pratiquent cette coutume, bien que parfois lorsqu\u2019il s\u2019agit d\u2019une premi\u00e8re rencontre, ils se serrent la main, puis les rencontres suivantes ils s\u2019embrassent. Quand se termine une rencontre, les personnes se saluent de nouveau avec un bisou sur la joue et un \u00ab chau \u00bb (\u00ab au revoir ! \u00bb).<br \/>\nLa boisson nationale est le mat\u00e9. Il s\u2019agit d\u2019une infusion qui n\u00e9cessite plusieurs instruments sp\u00e9cifiques pour sa consommation. Le mat\u00e9, \u00e0 proprement parl\u00e9 est un r\u00e9cipient accompagn\u00e9 d\u2019une \u00ab bombilla \u00bb, une sorte de paille avec laquelle on inspire l\u2019infusion. La Yerba mat\u00e9, est l\u2019herbe utilis\u00e9e pour faire le mat\u00e9, elle se cultive dans la r\u00e9gion nord-ouest du pays, dans les provinces de Missiones et Corrientes.<\/p>\n<table align=\"center\">\n<tbody>\n<tr>\n<td><img loading=\"lazy\" decoding=\"async\" class=\"aligncenter wp-image-417 size-medium\" src=\"http:\/\/www.360responsibletourism.com\/wp-content\/uploads\/2014\/05\/P1000556-300x225.jpg\" alt=\"Usi e costumi\" width=\"300\" height=\"225\" \/><\/td>\n<td><img loading=\"lazy\" decoding=\"async\" class=\"aligncenter wp-image-418 size-medium\" src=\"http:\/\/www.360responsibletourism.com\/wp-content\/uploads\/2014\/05\/Laboca_b-300x225.jpg\" alt=\"Usi e costumi\" width=\"300\" height=\"225\" \/><\/td>\n<\/tr>\n<\/tbody>\n<\/table>\n<p>En Argentine, se parle le castillan, avec quelques diff\u00e9rences \u00e0 celui pratiqu\u00e9 en Espagne : un exemple typique, est le remplacement du \u00ab tu \u00bb par le \u00ab vos \u00bb. Il existe un vocabulaire typique de la ville de Buenos Aires appel\u00e9e le \u00ab lunfardo \u00bb, qui naquit sur le rythme du tango et dans le quotidien des banlieues. L\u2019espagnol commun se comprend \u00e0 100%. Il est courant de rencontrer des personnes comprenant l\u2019italien et parfois m\u00eame le parlant un petit peu.<br \/>\nIl n\u2019existe aucun probl\u00e8me particulier pour prendre des photos, toujours dans les r\u00e8gles de respect et de bonne \u00e9ducation. Durant la visite au sein des communaut\u00e9s indig\u00e8nes, il est important de toujours se renseigner aupr\u00e8s du guide. Les paysages environnants des chutes d\u2019Iguazu et de la P\u00e9ninsule Vald\u00e9s, ainsi que les paysages andins d\u2019Ouest en Est de la Patagonie, nous offrent un spectacle unique attirant des photographes du monde entier.<\/p>\n<table align=\"center\">\n<tbody>\n<tr>\n<td><img loading=\"lazy\" decoding=\"async\" class=\"aligncenter wp-image-419 size-medium\" src=\"http:\/\/www.360responsibletourism.com\/wp-content\/uploads\/2014\/05\/P1030180-300x225.jpg\" alt=\"Usi e costumi\" width=\"300\" height=\"225\" \/><\/td>\n<td><img loading=\"lazy\" decoding=\"async\" class=\"aligncenter wp-image-420 size-medium\" src=\"http:\/\/www.360responsibletourism.com\/wp-content\/uploads\/2014\/05\/P1090797-300x225.jpg\" alt=\"Usi e costumi\" width=\"300\" height=\"225\" \/><\/td>\n<\/tr>\n<\/tbody>\n<\/table>\n","protected":false},"excerpt":{"rendered":"<p>L\u2019Argentine est un des pays les plus Europ\u00e9ens de l\u2019Am\u00e9rique Latine, en raison de l\u2019histoire \u00e0 la fois r\u00e9cente et complexe de la Nation, qui s\u2019est form\u00e9e gr\u00e2ce \u00e0 une immigration massive europ\u00e9enne depuis 1880. La population d\u2019Argentine se concentre dans la ville de Buenos Aires, avec plus de 12&#8230;<\/p>\n","protected":false},"author":1,"featured_media":0,"parent":52,"menu_order":0,"comment_status":"closed","ping_status":"closed","template":"","meta":{"footnotes":""},"_links":{"self":[{"href":"https:\/\/www.360responsibletourism.com\/fr\/wp-json\/wp\/v2\/pages\/67"}],"collection":[{"href":"https:\/\/www.360responsibletourism.com\/fr\/wp-json\/wp\/v2\/pages"}],"about":[{"href":"https:\/\/www.360responsibletourism.com\/fr\/wp-json\/wp\/v2\/types\/page"}],"author":[{"embeddable":true,"href":"https:\/\/www.360responsibletourism.com\/fr\/wp-json\/wp\/v2\/users\/1"}],"replies":[{"embeddable":true,"href":"https:\/\/www.360responsibletourism.com\/fr\/wp-json\/wp\/v2\/comments?post=67"}],"version-history":[{"count":1,"href":"https:\/\/www.360responsibletourism.com\/fr\/wp-json\/wp\/v2\/pages\/67\/revisions"}],"predecessor-version":[{"id":68,"href":"https:\/\/www.360responsibletourism.com\/fr\/wp-json\/wp\/v2\/pages\/67\/revisions\/68"}],"up":[{"embeddable":true,"href":"https:\/\/www.360responsibletourism.com\/fr\/wp-json\/wp\/v2\/pages\/52"}],"wp:attachment":[{"href":"https:\/\/www.360responsibletourism.com\/fr\/wp-json\/wp\/v2\/media?parent=67"}],"curies":[{"name":"wp","href":"https:\/\/api.w.org\/{rel}","templated":true}]}}