{"id":73,"date":"2014-07-13T16:03:42","date_gmt":"2014-07-13T14:03:42","guid":{"rendered":"http:\/\/www.360responsibletourism.com\/fr\/?page_id=73"},"modified":"2015-02-05T14:51:53","modified_gmt":"2015-02-05T13:51:53","slug":"la-patagonie-centrale","status":"publish","type":"page","link":"https:\/\/www.360responsibletourism.com\/fr\/argentine\/patagonie\/la-patagonie-centrale\/","title":{"rendered":"La Patagonie Centrale"},"content":{"rendered":"<p>La Patagonie Centrale est la plus m\u00e9connue et par cons\u00e9quent la moins visit\u00e9e. Cependant, voyager \u00e0 travers celle-ci constitue une merveilleuse exp\u00e9rience.<br \/>\n<img loading=\"lazy\" decoding=\"async\" class=\"aligncenter wp-image-443 size-full\" src=\"http:\/\/www.360responsibletourism.com\/wp-content\/uploads\/2014\/05\/ruta-a-gaiman-1-1-e1423144205986.jpg\" alt=\"Tren patagonico\" width=\"1024\" height=\"320\" \/><\/p>\n<h2>La Steppe de Patagonie<\/h2>\n<p>La steppe de Patagonie est une \u00e9norme extension de terre qui s\u00e9pare la Cordill\u00e8re des Andes de l\u2019oc\u00e9an Atlantique. En se dirigeant vers l\u2019est, la v\u00e9g\u00e9tation se fait rare, la pr\u00e9sence de l\u2019eau diminue et la terre devient semi-aride : il s\u2019agit de zones de semi d\u00e9serts agr\u00e9ment\u00e9es de plateaux. Ces derniers sont des zones de relief plus important mais avec une \u00e9l\u00e9vation moindre et aplatie. Cette g\u00e9ographie n\u2019est pr\u00e9sente en aucune autre r\u00e9gion du pays. Elle marque la limite entre ce qu\u2019est la Patagonie et la Pampa humide.<br \/>\nLa v\u00e9g\u00e9tation qui pr\u00e9domine est compos\u00e9e d\u2019arbustes en touffes r\u00e9duites et \u00e9pineuses. L\u2019esp\u00e8ce la plus typique de la zone est le Coir\u00f3n, mais il est possible d\u2019observer \u00e9galement des cha\u00f1ares ainsi que des espinillos. Les arbres ne poussent pas, puisque ceux qui sont plant\u00e9s grandissent inclin\u00e9s dans le sens du vent.<br \/>\nDans cette r\u00e9gion peuvent aussi s\u2019apercevoir des guanacos, choiques, maras, martinetas, et des renards. Le puma est aussi pr\u00e9sent, mais il est difficile de l\u2019apercevoir. Dans le ciel le condor nous observe : l\u2019oiseau symbolique de l\u2019Am\u00e9rique latine. A partir du moment o\u00f9 les immigrants Europ\u00e9ens arriv\u00e8rent dans cette partie de l\u2019Argentine, cette zone fut utilis\u00e9e pour l\u2019\u00e9levage des animaux et surtout celui des moutons et des vaches. Cela engendra un probl\u00e8me assez grave, \u00e0 savoir celui de la d\u00e9sertification : certaines zones de terre sont rest\u00e9es \u00e9puis\u00e9es, ne produisant ainsi plus de p\u00e2turage. Ce qui porta pr\u00e9judice \u00e0 toute la faune et la flore de la zone.<br \/>\nLe paysage est inhospitalier, de faible densit\u00e9 de population mais avec une forte pr\u00e9sence de peuples originaires. L\u2019aridit\u00e9 et la d\u00e9vastation du plateau g\u00e9ographique, sont seulement coup\u00e9es par les oasis qui sont pr\u00e9sents sur les rives des quelques ruisseaux, comme celui du r\u00edo Negro, du Chubut et del Deseado. Ceux-ci forment des vall\u00e9es tr\u00e8s attractives. Le Rio Negro est le plus important de tous en raison du fort d\u00e9bit de son bassin. De plus, dans sa partie sup\u00e9rieure se trouve la zone la plus peupl\u00e9e de la Patagonie.<\/p>\n<h2>Meseta Infinita<\/h2>\n<p>La localit\u00e9 de Los Menucos se trouve \u00e0 1200 kilom\u00e8tres de la ville de Buenos Aires, dans la r\u00e9gion Centre Sud de la province du Rio Negro. Ce village se situe \u00e0 l\u2019intersection de la Route Nationale 23, qui unit San Carlos de Bariloche avec Viedma et la Route Provinciale 8 qui rejoint General Roca et la Vall\u00e9e del Rio Negro.<br \/>\nLa Meseta de Somuncura renferme l\u2019esprit de la Patagonie. C\u2019est une zone naturelle prot\u00e9g\u00e9e de 25 000 km\u00b2, sans route ni population. De superbes lagunes nous attendent dans ce lieu. Une importante faune locale y est pr\u00e9sente, compos\u00e9e de choiques et guanacos. Ces animaux repr\u00e9sentent un aspect important dans l\u2019histoire et la culture des peuples originaires.<br \/>\nL\u2019identit\u00e9 de la zone se manifeste dans l\u2019artisanat local,  t\u00e9moignage des ressources de la vie rurale et se sus et coutumes. L\u2019important patrimoine arch\u00e9ologique nous permet de relater l\u2019histoire ainsi que les traces des cultures qui v\u00e9curent en ce lieu.<br \/>\nDans le village de Los Menucos, vivaient de petits producteurs locaux propri\u00e9taires de parcelles de terrains, alors que dans les alentours vivaient de grands propri\u00e9taires terriens.<br \/>\nDepuis ces derni\u00e8res ann\u00e9es, l\u2019\u00e9conomie de cette petite localit\u00e9 fut affect\u00e9e par des situations dont lesquelles elles n\u2019avaient pas le contr\u00f4le : telles les prix de la laine sur le march\u00e9 international. C\u2019est pourquoi, quelques producteurs de la zone d\u00e9cid\u00e8rent de d\u00e9velopper comme activit\u00e9 compl\u00e9mentaire, le tourisme rural.<br \/>\nDe cette motivation, est n\u00e9e l\u2019Association Meseta Infinita, qui unit les producteurs locaux pour la cr\u00e9ation et la promotion d\u2019activit\u00e9s touristiques bas\u00e9es sur le d\u00e9veloppement durable de la culture et la nature dans la Meseta de Somuncura et la steppe de Patagonie.<br \/>\nLorsque se cr\u00e9a cette identit\u00e9, l\u2019int\u00e9r\u00eat \u00e9tait de profiter des attractivit\u00e9s naturelles et culturelles locales, mais aussi de cr\u00e9er de nouvelles opportunit\u00e9s pour la population et de freiner les processus d\u2019expulsion des populations de la zone, par manque d\u2019opportunit\u00e9s de travail. C\u2019est pourquoi ils d\u00e9cid\u00e8rent de cr\u00e9er une forme de tourisme de faible intensit\u00e9 bas\u00e9 sur le d\u00e9veloppement durable.<br \/>\n<img loading=\"lazy\" decoding=\"async\" class=\"aligncenter wp-image-445 size-large\" src=\"http:\/\/www.360responsibletourism.com\/wp-content\/uploads\/2014\/05\/P1000212_b-e1423144230959-1024x320.jpg\" alt=\"Sarmiento\" width=\"1024\" height=\"320\" \/><\/p>\n","protected":false},"excerpt":{"rendered":"<p>La Patagonie Centrale est la plus m\u00e9connue et par cons\u00e9quent la moins visit\u00e9e. Cependant, voyager \u00e0 travers celle-ci constitue une merveilleuse exp\u00e9rience. La Steppe de Patagonie La steppe de Patagonie est une \u00e9norme extension de terre qui s\u00e9pare la Cordill\u00e8re des Andes de l\u2019oc\u00e9an Atlantique. En se dirigeant vers l\u2019est,&#8230;<\/p>\n","protected":false},"author":1,"featured_media":0,"parent":69,"menu_order":0,"comment_status":"closed","ping_status":"closed","template":"","meta":{"footnotes":""},"_links":{"self":[{"href":"https:\/\/www.360responsibletourism.com\/fr\/wp-json\/wp\/v2\/pages\/73"}],"collection":[{"href":"https:\/\/www.360responsibletourism.com\/fr\/wp-json\/wp\/v2\/pages"}],"about":[{"href":"https:\/\/www.360responsibletourism.com\/fr\/wp-json\/wp\/v2\/types\/page"}],"author":[{"embeddable":true,"href":"https:\/\/www.360responsibletourism.com\/fr\/wp-json\/wp\/v2\/users\/1"}],"replies":[{"embeddable":true,"href":"https:\/\/www.360responsibletourism.com\/fr\/wp-json\/wp\/v2\/comments?post=73"}],"version-history":[{"count":2,"href":"https:\/\/www.360responsibletourism.com\/fr\/wp-json\/wp\/v2\/pages\/73\/revisions"}],"predecessor-version":[{"id":424,"href":"https:\/\/www.360responsibletourism.com\/fr\/wp-json\/wp\/v2\/pages\/73\/revisions\/424"}],"up":[{"embeddable":true,"href":"https:\/\/www.360responsibletourism.com\/fr\/wp-json\/wp\/v2\/pages\/69"}],"wp:attachment":[{"href":"https:\/\/www.360responsibletourism.com\/fr\/wp-json\/wp\/v2\/media?parent=73"}],"curies":[{"name":"wp","href":"https:\/\/api.w.org\/{rel}","templated":true}]}}