{"id":75,"date":"2014-07-13T16:09:10","date_gmt":"2014-07-13T14:09:10","guid":{"rendered":"http:\/\/www.360responsibletourism.com\/fr\/?page_id=75"},"modified":"2015-02-05T14:47:49","modified_gmt":"2015-02-05T13:47:49","slug":"la-patagonie-maritime","status":"publish","type":"page","link":"https:\/\/www.360responsibletourism.com\/fr\/argentine\/patagonie\/la-patagonie-maritime\/","title":{"rendered":"La Patagonie Maritime"},"content":{"rendered":"<p>Les provinces de R\u00edo Negro, Chubut et Santa Cruz s\u2019\u00e9tendent depuis les Andes, jusqu\u2019\u00e0 la c\u00f4te Atlantique, offrant des paysages et climats vari\u00e9s sur une zone de 400 \u00e0 600 kilom\u00e8tres entre l\u2019Ouest et l\u2019Est. Chacune de ces provinces prirent le nom du ruisseau qui les traverse, naissant dans les Andes ou la r\u00e9gion des lacs et se jetant dans l\u2019Oc\u00e9an Atlantique.<br \/>\n<img loading=\"lazy\" decoding=\"async\" class=\"aligncenter wp-image-449 size-large\" src=\"http:\/\/www.360responsibletourism.com\/wp-content\/uploads\/2014\/05\/Peninsula-Valdes-31-e1423143523229-1024x320.jpg\" alt=\"Balena franca austral\" width=\"1024\" height=\"320\" \/><\/p>\n<h2>Le Chemin de la c\u00f4te<\/h2>\n<p>Le R\u00edo Negro naquit de l\u2019union des ruisseaux Limas et Neuqu\u00e9n, traversa ensuite tout le plateau patagonne d\u2019Ouest en Est pour se jeter dans l\u2019Oc\u00e9an Atlantique. Au niveau de la ville de Viedma et de Carmen de Patagones, il continue la limite naturelle entre les provinces de R\u00edo Negro y Buenos Aires. Durant la saison estivale, il est possible de se baigner dans les eaux du R\u00edo Negro et de pratiquer diff\u00e9rents sports nautiques (de d\u00e9cembre \u00e0 mars). Depuis plus de trente ans se d\u00e9roule \u00ab La r\u00e9gate Internationale du R\u00edo Negro \u00bb consid\u00e9r\u00e9e comme la plus grande au monde. Cette comp\u00e9tition a lieu en janvier et y participent des rameurs du monde entier. Le ruisseau se jette dans un vaste estuaire, entour\u00e9 de bancs et de dunes de sable sur les c\u00f4tes, qui changent continuellement d\u2019aspect avec le vent. Proche de l\u2019embouchure se trouve la station baln\u00e9aire El C\u00f3ndor, anciennement la station baln\u00e9aire Mazini, aujourd\u2019hui plus connue sous le nom de La Boca, un petit village de vacances des habitants de la zone.<br \/>\nSuivant le chemin de la c\u00f4te jusqu\u2019\u00e0 l\u2019Ouest, bord\u00e9s par le Golfe de San Mat\u00edas, le paysage change, alternant de longues plages de sable avec des plages bord\u00e9es de falaises. Cela marque la fin de la longue plaine Patagonne qui prend fin de mani\u00e8re tr\u00e8s abrupte dans la mer, avec une altitude proche des 50 m\u00e8tres. Sur la Lober\u00eda ou Pointe Bermeja, il y a une r\u00e9serve faunique qui renferme une importante colonie de loups de mer. Ce paysage sec et entour\u00e9 de buissons est typique du plateau Patagonne. Sur le chemin il est possible d\u2019y observer des autruches, des li\u00e8vres, des guanacos mais aussi une importante vari\u00e9t\u00e9 d\u2019oiseaux. Sur la c\u00f4te \u00e9galement, sont pr\u00e9sentes de nombreuses esp\u00e8ces d\u2019oiseaux marins. A l\u2019occasion, il est possible d\u2019y voir des baleines et des dauphins. La p\u00eache est g\u00e9n\u00e9ralement tr\u00e8s bonne durant les mois d\u2019\u00e9t\u00e9. Le long de toute la c\u00f4te, les esp\u00e8ces que l\u2019on retrouve le plus souvent sont : les sardines, les crevettes, les requins et les soles. Les terrains qui longent le chemin de la c\u00f4te sont des espaces priv\u00e9s, g\u00e9n\u00e9ralement utilis\u00e9s pour l\u2019\u00e9levage de moutons. Le climat est tr\u00e8s froid en hiver, tr\u00e8s chaud en \u00e9t\u00e9, et sec avec tr\u00e8s peu de pr\u00e9cipitations et beaucoup de vent au printemps. Le chemin se termine dans les alentours de San Antonio, une ville portuaire depuis laquelle s\u2019exporte une bonne partie de la production d\u2019arbres fruitiers de la province. Proche de San Antonio il y a la station baln\u00e9aire de Las Grutas, qui re\u00e7oit de nombreux vacanciers de la province et du reste du pays.<br \/>\n<img loading=\"lazy\" decoding=\"async\" class=\"aligncenter wp-image-450 size-large\" src=\"http:\/\/www.360responsibletourism.com\/wp-content\/uploads\/2014\/05\/P1030302-e1423143558558-1024x320.jpg\" alt=\"Cabo dos bahia\" width=\"1024\" height=\"320\" \/><\/p>\n<h2>\u200bLa P\u00e9ninsule Vald\u00e9s<\/h2>\n<p>La P\u00e9ninsule Vald\u00e9s est une r\u00e9serve faunique int\u00e9grale, d\u00e9clar\u00e9e en 1994 sanctuaire baleinier par la Commission Baln\u00e9aire Internationale et le Patrimoine Mondial de l\u2019Humanit\u00e9 de l\u2019UNESCO. La p\u00e9ninsule est reli\u00e9e au continent par un \u00e9troit bras de terre, qui divise la mer sur ses deux c\u00f4t\u00e9s. La paysage de la p\u00e9ninsule est tr\u00e8s aride et y pr\u00e9dominent les couleurs jaunes et ocres, qui contrastent avec le bleu de la mer. La c\u00f4te est form\u00e9e de petites collines et criques o\u00f9 se trouvent, \u00e0 chaque p\u00e9riode de chaleur et de naissance, diff\u00e9rentes esp\u00e8ces de faune comme les loups marins (Otaria Flavescens); l\u2019\u00e9l\u00e9phant Marin du Sud (Mirounga Leonina), la baleine Franca Austral et le Pingouin Magall\u00e1nico ainsi que diff\u00e9rents esp\u00e8ces d\u2019oiseaux.<br \/>\nPuerto Pir\u00e1mides est le centre urbain le plus important de la P\u00e9ninsule Vald\u00e9s. Situ\u00e9 du c\u00f4t\u00e9 Nord du Golfe Nouveau, c\u2019est un lieu strat\u00e9gique prot\u00e9g\u00e9 par de grandes roches, qui le convertit en un refuge pr\u00e9f\u00e9r\u00e9 de la faune maritime. Cela permet de distinguer diff\u00e9rentes esp\u00e8ces depuis la plage. De nombreuses activit\u00e9s se d\u00e9veloppent autour de l\u2019observation de mammif\u00e8res marins et de la vue de baleines. Tout au long de la c\u00f4te de la p\u00e9ninsule, il existe des zones g\u00e9r\u00e9es par la province pour l\u2019observation de la faune prot\u00e9g\u00e9e ; tandis que la majorit\u00e9 de la c\u00f4te, qui par la l\u00e9gislation est le patrimoine de tous, se trouve \u00e0 l\u2019int\u00e9rieur d\u2019une propri\u00e9t\u00e9 priv\u00e9e. De fait le territoire de la P\u00e9ninsule est divis\u00e9 en plusieurs propri\u00e9t\u00e9s. Avec l\u2019augmentation du tourisme, de nombreuses propri\u00e9t\u00e9s se d\u00e9dient de plus en plus \u00e0 cette activit\u00e9. Ils font ainsi payer l\u2019entr\u00e9e aux touristes pour traverser leur terrain, et leur permettre d\u2019\u00eatre en contact avec la faune locale de la c\u00f4te.<\/p>\n<h4>La protection de l\u2019environnement<\/h4>\n<p>Consid\u00e9rant la faible extension du village de Puerto Pir\u00e1mides, d\u00e9limit\u00e9 naturellement par la mer, les falaises et les dunes, l\u2019\u00e9dification de grandes infrastructures touristiques aurait un impact d\u00e9vastateur pour l\u2019\u00e9cosyst\u00e8me. La participation de la soci\u00e9t\u00e9 civile a \u00e9t\u00e9 un pilier important pour le d\u00e9veloppement du village et pour la conservation de l\u2019\u00e9quilibre de l\u2019environnement naturel et social. Bien que les infrastructures soient minimales, l\u2019arriv\u00e9e en masse de touristes dans la zone en haute saison a un fort impact n\u00e9gatif sur l\u2019environnement.<br \/>\nLes probl\u00e8mes du village de Puerto Pir\u00e1mides et des ressources naturelles de la P\u00e9ninsule se g\u00e9n\u00e8rent \u00e0 partir des activit\u00e9s qui se d\u00e9veloppent dans le village m\u00eame, ou dans d\u2019autres villages \u00e9loign\u00e9s. Dans un premier temps, il s\u2019agit d\u2019un probl\u00e8me de ravitaillement inad\u00e9quat des services publics tels l\u2019eau et la lumi\u00e8re, ainsi qu\u2019un manque de traitement adapt\u00e9 des r\u00e9sidus solides et liquides et des d\u00e9chets face \u00e0 la croissance de l\u2019offre et la demande touristique. Dans un second temps, il s\u2019agit des activit\u00e9s \u00e9conomiques environnantes, comme par exemple les fabriques de p\u00eaches et la centrale d\u2019aluminium de Puerto Madryn.<br \/>\nAinsi, se pr\u00e9sentent des probl\u00e9matiques r\u00e9gionales comme la relocalisation de la d\u00e9charge municipale, l\u2019impl\u00e9mentation d\u2019une classification domiciliaire de r\u00e9sidus, la d\u00e9termination de la capacit\u00e9 de charge des Aires Prot\u00e9g\u00e9es et la collecte effective et traitement des algues \u00e9vasives du Golfe. Tous ces ph\u00e9nom\u00e8nes g\u00e9n\u00e8rent une pollution et finissent par affecter principalement les \u00e9cosyst\u00e8mes si fragiles, comme celui de la P\u00e9ninsule Vald\u00e9s, \u00e0 savoir un espace qui n\u00e9cessite des politiques durables pour la conduite d\u2019un plan efficace.<br \/>\nEn attendant que les autorit\u00e9s prennent des d\u00e9cisions pour r\u00e9soudre ces probl\u00e8mes, c\u2019est la population de Puerto Pir\u00e1mides qui souffre de ces situations. Le futur d\u00e9veloppement des activit\u00e9s touristiques est li\u00e9 \u00e0 des int\u00e9r\u00eats g\u00e9n\u00e9raux de la province de Chubut. C\u2019est pourquoi il en r\u00e9sulte difficile de prendre les d\u00e9cisions ad\u00e9quates en faveur des habitants et de l\u2019environnement naturel de la P\u00e9ninsule Vald\u00e9s.<br \/>\nLa cr\u00e9ation en 2001 de l\u2019Administration de l\u2019Aire Naturelle Prot\u00e9g\u00e9e de la P\u00e9ninsule Vald\u00e9s ne parait pas non plus apporter une solution suffisante. Il s\u2019agit d\u2019un syst\u00e8me structur\u00e9 sur la base de trois organes ind\u00e9pendants : l\u2019Assembl\u00e9e, la Direction et le Conseil Technique Consultatif. En r\u00e9alit\u00e9 c\u2019est la Direction qui poss\u00e8de les pouvoirs effectifs d\u2019administration, de gestion et de direction de l\u2019association. Il est compos\u00e9 de quatre membres qui repr\u00e9sentent respectivement : l\u2019Organisme Provincial de Tourisme, les propri\u00e9taires des propri\u00e9t\u00e9s rurales situ\u00e9es dans les limites de l\u2019Aire Naturelle Prot\u00e9g\u00e9e de la P\u00e9ninsule Vald\u00e9s, les propri\u00e9taires de terres urbaines dans la limite de Puerto Pir\u00e1mides et un repr\u00e9sentant de l\u2019Assembl\u00e9e. Le repr\u00e9sentant de l\u2019Etat Provincial g\u00e8re la Pr\u00e9sidence de la Direction. Quant \u00e0 l\u2019Administration, elle a son domicile l\u00e9gal dans la localit\u00e9 de Puerto Madryn : le statut \u00e9tablit \u00e9galement que 50% du montant total collect\u00e9 par l\u2019Administration gr\u00e2ce aux visites de la P\u00e9ninsule Vald\u00e9s, est redistribu\u00e9 pour l\u2019administration de toutes les autres Aires Prot\u00e9g\u00e9es de la Province de Chubut.<br \/>\nUn \u00e9l\u00e9ment positif, qui poss\u00e8de une potentialit\u00e9 \u00e0 contribuer \u00e0 la solution de ces probl\u00e8mes est la forte formation et motivation des habitants sensibles au d\u00e9veloppement et \u00e0 la protection de leur territoire. Le comportement des habitants de Puerto Pir\u00e1mides est un exemple pr\u00e9cieux d\u00e9montrant l\u2019importance de l\u2019apport de la population locale. Elle-m\u00eame peut en effet r\u00e9soudre les probl\u00e8mes et apporter une aide pour la conservation des ressources naturelles pour les g\u00e9n\u00e9rations futures.<br \/>\n<img loading=\"lazy\" decoding=\"async\" class=\"aligncenter wp-image-452 size-large\" src=\"http:\/\/www.360responsibletourism.com\/wp-content\/uploads\/2014\/05\/PeninsulaV1-e1423143624759-1024x321.jpg\" alt=\"Peninsula Valdes\" width=\"1024\" height=\"321\" \/><\/p>\n<h2>Les Baleines<\/h2>\n<p>C\u2019est une des onze esp\u00e8ces les plus grandes du monde. Elle ne poss\u00e8de pas de dents mais une sorte de barbe \u00e0 travers laquelle elle filtre l\u2019eau et absorbe du plancton, son principal aliment. Elle respire par l\u2019interm\u00e9diaire de deux orifices sur la t\u00eate, son corps est noir et poss\u00e8de deux t\u00e2ches blanches sur l\u2019abdomen. Cette esp\u00e8ce pr\u00e9sente des callosit\u00e9s sur la t\u00eate, ce qui permet d\u2019identifier chaque baleine et les reconna\u00eetre d\u2019ann\u00e9es en ann\u00e9es. La Baleine Franca Austral peut se rep\u00e9rer tout le long de la c\u00f4te de la P\u00e9ninsule Vald\u00e9s, endroit dans lequel elles arrivent de juin \u00e0 octobre afin de donner vie ou de copuler. C\u2019est une esp\u00e8ce en extinction, non seulement prot\u00e9g\u00e9e par les accords de la Commission Argentine mais aussi par le gouvernement de la province de Chubut. C\u2019est aussi une esp\u00e8ce d\u00e9clar\u00e9e Monument Naturel par le Congr\u00e8s de la Nation. Le rep\u00e9rage est r\u00e9gul\u00e9 par les lois qui \u00e9tablissent les lieux et modes de navigation, pour lesquels seules les entreprises habilit\u00e9es sont autoris\u00e9es.<br \/>\n<img loading=\"lazy\" decoding=\"async\" class=\"aligncenter wp-image-456 size-large\" src=\"http:\/\/www.360responsibletourism.com\/wp-content\/uploads\/2014\/05\/2004_1129es0066-e1423143704829-1024x320.jpg\" alt=\"Peninsula Valdes\" width=\"1024\" height=\"320\" \/><\/p>\n<h2>Les Pingouins<\/h2>\n<p>Sur la c\u00f4te Patagonne, qui s\u2019\u00e9tend de la P\u00e9ninsule Vald\u00e9s \u00e0 R\u00edo Gallegos, nous notons 5 lieux de destinations importantes de nos voyages. Punta Tombo, La Reserva Cabo dos Bah\u00edas, Ile des Pingouins (Parc National Marin, face \u00e0 Puerto Deseado), Puerto San Juli\u00e1n et le Parc Monte Le\u00f3n. Ces zones nous surprennent par la beaut\u00e9 des couleurs du paysage et pour les importantes colonies de pingouins, oiseaux et mammif\u00e8res marins qui peuvent y \u00eatre observer. Deux esp\u00e8ces de pingouins sont repr\u00e9sent\u00e9s en ces lieux : le pingouin Magellan et le pingouin \u00e0 huppe jaune. Ces colonies se reproduisent durant les mois d\u2019octobre \u00e0 f\u00e9vrier. Les femelles pondent les \u0153ufs \u00e0 partir du mois d\u2019octobre et \u00e0 la mi-novembre ils commencent \u00e0 se rompre. A partir l\u00e0 le m\u00e2le et la femelle commencent \u00e0 d\u00e9fendre leur nid, tout en alternant avec la recherche d\u2019aliments pour leurs petits. En f\u00e9vrier, les petits changent de plumage et commencent \u00e0 se rapprocher de la mer. A la fin mars, ils migrent par la mer en direction du sud.<br \/>\n<img loading=\"lazy\" decoding=\"async\" class=\"aligncenter wp-image-455 size-large\" src=\"http:\/\/www.360responsibletourism.com\/wp-content\/uploads\/2014\/05\/P1030326_b-e1423143667374-1024x320.jpg\" alt=\"Puerto Deseado\" width=\"1024\" height=\"320\" \/><\/p>\n<h2>Le Parc Maritime C\u00f4tier<\/h2>\n<p>En 2008 fut approuv\u00e9 par le Congr\u00e8s de la Nation, la cr\u00e9ation du Parc Inter-juridictionnel Maritime C\u00f4tier \u00ab Patagonie Australe \u00bb, \u00e9tant le premier de ce type dans tout le pays. Le Parc recouvre la zone depuis la Baie de Camarones jusqu\u2019au Nord du Golf San Jorge et se compose d\u2019une aire prot\u00e9g\u00e9e de plus de 100 kilom\u00e8tres de c\u00f4te, 42 \u00eeles, 500 km\u00b2 de mer et d\u2019une couche sous-marine d\u2019une grande richesse \u00e9cologique.<br \/>\nLa r\u00e9serve contient 13 esp\u00e8ces et un demi million d\u2019oiseaux, tels le Pingouin de Magellan, le P\u00e9trel g\u00e9ant du sud, le cormoran imp\u00e9rial, le cormoran \u00e0 cou noir, les mouettes australes et d\u2019Olrog, ou encore les mouettes du sud Am\u00e9rique au bec jaune.<br \/>\nLa cr\u00e9ation du Parc Inter-Juridictionnel Maritime C\u00f4tier de Patagonie Australe a pour objectifs de maintenir l\u2019\u00e9quilibre des \u00e9cosyst\u00e8mes terrestres, c\u00f4tiers et marins ; de prot\u00e9ger le patrimoine paysager, culturel et naturel ; de favoriser et faciliter les recherches environnementales comme principales activit\u00e9s associ\u00e9es \u00e0 la gestion, mais tout en apportant une attractivit\u00e9 touristique pour la province.<\/p>\n<p>Le terrain sur lequel est n\u00e9 le Parc fut donn\u00e9 en 2002 \u00e0 l\u2019Etat National pour la Fondation Vida Silvestre Argentina. Le Parc National Monte Le\u00f3n se situe au sud-est de la province de Santa Cruz, entre la Route Nationale 3 et la c\u00f4te maritime, \u00e0 210 kilom\u00e8tres au Nord de R\u00edos Gallegos. Il est compos\u00e9 de 32kms de plage, de hautes falaises mais aussi de petites plages. Il s\u2019y d\u00e9veloppe une grande biodiversit\u00e9 : 68 esp\u00e8ces d\u2019oiseaux, 4 esp\u00e8ces de reptiles et 20 esp\u00e8ces de mammif\u00e8res sont enregistr\u00e9es. De plus, dans la zone de steppe, il est possible d\u2019y voir des guanacos et choiques. Les pingouins de Magellan y sont \u00e9galement pr\u00e9sents et repr\u00e9sentent la 4\u00e8me colonie reproductive la plus importante du pays.<br \/>\nLe parc prot\u00e8ge une partie de la steppe de Patagonie, ainsi qu\u2019une partie de la mer. C\u2019est un espace qui poss\u00e8de un \u00e9cosyst\u00e8me riche et divers, dans lequel se trouvent des lieux de grande valeur pal\u00e9ontologique et arch\u00e9ologique.<br \/>\n<img loading=\"lazy\" decoding=\"async\" class=\"aligncenter wp-image-454 size-large\" src=\"http:\/\/www.360responsibletourism.com\/wp-content\/uploads\/2014\/05\/P1030578-e1423143769695-1024x320.jpg\" alt=\"Puerto Deseado\" width=\"1024\" height=\"320\" \/><\/p>\n","protected":false},"excerpt":{"rendered":"<p>Les provinces de R\u00edo Negro, Chubut et Santa Cruz s\u2019\u00e9tendent depuis les Andes, jusqu\u2019\u00e0 la c\u00f4te Atlantique, offrant des paysages et climats vari\u00e9s sur une zone de 400 \u00e0 600 kilom\u00e8tres entre l\u2019Ouest et l\u2019Est. Chacune de ces provinces prirent le nom du ruisseau qui les traverse, naissant dans les&#8230;<\/p>\n","protected":false},"author":1,"featured_media":0,"parent":69,"menu_order":0,"comment_status":"closed","ping_status":"closed","template":"","meta":{"footnotes":""},"_links":{"self":[{"href":"https:\/\/www.360responsibletourism.com\/fr\/wp-json\/wp\/v2\/pages\/75"}],"collection":[{"href":"https:\/\/www.360responsibletourism.com\/fr\/wp-json\/wp\/v2\/pages"}],"about":[{"href":"https:\/\/www.360responsibletourism.com\/fr\/wp-json\/wp\/v2\/types\/page"}],"author":[{"embeddable":true,"href":"https:\/\/www.360responsibletourism.com\/fr\/wp-json\/wp\/v2\/users\/1"}],"replies":[{"embeddable":true,"href":"https:\/\/www.360responsibletourism.com\/fr\/wp-json\/wp\/v2\/comments?post=75"}],"version-history":[{"count":4,"href":"https:\/\/www.360responsibletourism.com\/fr\/wp-json\/wp\/v2\/pages\/75\/revisions"}],"predecessor-version":[{"id":423,"href":"https:\/\/www.360responsibletourism.com\/fr\/wp-json\/wp\/v2\/pages\/75\/revisions\/423"}],"up":[{"embeddable":true,"href":"https:\/\/www.360responsibletourism.com\/fr\/wp-json\/wp\/v2\/pages\/69"}],"wp:attachment":[{"href":"https:\/\/www.360responsibletourism.com\/fr\/wp-json\/wp\/v2\/media?parent=75"}],"curies":[{"name":"wp","href":"https:\/\/api.w.org\/{rel}","templated":true}]}}