{"id":77,"date":"2014-07-13T16:13:24","date_gmt":"2014-07-13T14:13:24","guid":{"rendered":"http:\/\/www.360responsibletourism.com\/fr\/?page_id=77"},"modified":"2015-02-05T15:12:55","modified_gmt":"2015-02-05T14:12:55","slug":"le-sud-de-la-patagonie","status":"publish","type":"page","link":"https:\/\/www.360responsibletourism.com\/fr\/argentine\/patagonie\/le-sud-de-la-patagonie\/","title":{"rendered":"Le Sud de la Patagonie"},"content":{"rendered":"<p><img loading=\"lazy\" decoding=\"async\" class=\"aligncenter wp-image-461 size-full\" src=\"http:\/\/www.360responsibletourism.com\/wp-content\/uploads\/2014\/05\/Ushuaia0016-e1423145318963.jpg\" alt=\"Ushuaia\" width=\"1024\" height=\"320\" \/><br \/>\nNous nommons le Sud de la Patagonie, la partie qui comprend les provinces de Santa Cruz et de la Terre de feu, l\u2019Antarctique et les \u00eeles de l\u2019Atlantique Sud.<br \/>\n<img loading=\"lazy\" decoding=\"async\" class=\"aligncenter wp-image-466 size-large\" src=\"http:\/\/www.360responsibletourism.com\/wp-content\/uploads\/2014\/05\/Imagen-336-e1423145341391-1024x320.jpg\" alt=\"El Chalten\" width=\"1024\" height=\"320\" \/><\/p>\n<h2>Les Glaciers<\/h2>\n<p>Dans la partie Occidentale de la Province de Santa Cruz, s\u2019\u00e9tend un terrain de glace continental : la troisi\u00e8me plus grande superficie au monde derri\u00e8re celle de l\u2019Antarctique et du Groenland, mais aussi la plus grande de toutes celles \u00e0 caract\u00e8re continental non polaire avec un acc\u00e8s terrestre. Ce terrain s\u2019\u00e9tend du Nord au Sud sur 350 kilom\u00e8tres, et poss\u00e8de une superficie de 16 800 kilom\u00e8tres. Au total il se compose de 49 glaciers, parmi lesquels on retrouve les Glaciers Upsala (902 km\u00b2), Viedma (978 km\u00b2) et Perito Moreno (258 km\u00b2) en Argentine et le glacier Pio XI au Chili (le plus grand de l\u2019h\u00e9misph\u00e8re sud en dehors de l\u2019Antarctique, avec 1.265 km\u00b2), ainsi que les glaciers O&rsquo;Higgins, Balmaceda, Serrano, Tyndall et Grey. Une grande partie de sa superficie est prot\u00e9g\u00e9e car elle fait partie de diff\u00e9rents Parcs Nationaux : ceux de Bernardo O\u2019Higgins et Torres del Paine au Chili et celui des Glaciers en Argentine.<br \/>\nLe glacier \u201cPerito Moreno\u201d est le glacier le plus visit\u00e9, parce qu\u2019il est la plus facile d\u2019acc\u00e8s et qu\u2019il offre un spectacle unique: durant la p\u00e9riode estivale, il est possible d\u2019observer le fracas caus\u00e9 par la rupture de sa partie la plus expos\u00e9e.<br \/>\nPour visiter le glacier Perito Moreno, il existe un long parcours sur quelques passerelles, ainsi que la possibilit\u00e9 de faire un mini trekking sur le glacier munis de chaussures sp\u00e9cifiques. Les visites des autres glaciers, tels l\u2019Upsalla, le Spegazzini, l\u2019Onelli doivent se faire \u00e0 l\u2019aide d\u2019embarcations qui partent du lac Argentin, et qui parcourent le lac \u00e0 travers les amas de glace. Toutes ces excursions se r\u00e9servent dans la ville d\u2019El Calafate.<br \/>\n<strong>El Calafate<\/strong> est une localit\u00e9 touristique internationale dans laquelle il existe une grande offre de restaurants et o\u00f9 il est facile de savourer le fameux \u00ab agneau de la Patagonie \u00bb. Calafate est le nom d\u2019un petit fruit rouge de la zone ; et selon la l\u00e9gende, si quelqu\u2019un mange ce fruit, il retournera en Patagonie. Le climat y est frais de mai \u00e0 octobre, l\u2019\u00e9poque id\u00e9ale pour visiter \u00e9tant de d\u00e9cembre \u00e0 mars, c\u2019est-\u00e0-dire pendant l\u2019\u00e9t\u00e9 Argentin.<br \/>\n<strong>El Chalt\u00e9n<\/strong>, fond\u00e9e en 1985, principalement pour des raisons de tensions avec les contr\u00f4les limitrophes avec le Chili, est actuellement appel\u00e9e la Capitale Nationale du Trekking. Depuis ce petit village, il est possible de profiter de nombreux sentiers de randonn\u00e9es de difficult\u00e9s diverses. Ces sentiers permettent d\u2019admirer le magnifique paysage environnant : le Cerro Torres, la Lagune de los Tres y les sommets du Fitz Roy. Depuis El Chalten, il y a un acc\u00e8s au Champs de glace continental ainsi qu\u2019au Chili par le Lac du D\u00e9sert jusqu\u2019au village de O\u2019Higgins au Chili.<br \/>\n<img loading=\"lazy\" decoding=\"async\" class=\"aligncenter wp-image-465 size-large\" src=\"http:\/\/www.360responsibletourism.com\/wp-content\/uploads\/2014\/05\/ElChalten0027-e1423145388230-1024x320.jpg\" alt=\"El Chalten\" width=\"1024\" height=\"320\" \/><\/p>\n<h2>Terre de Feu et Ushuaia<\/h2>\n<p>La Terre de Feu est un archipel d\u2019\u00eeles bois\u00e9es, peu habit\u00e9es et qui se situent \u00e0 une distance de plus de 3000 kilom\u00e8tres de Buenos Aires, croisant l\u2019\u00e9troit d\u00e9troit de Magellan et rejoignant au Sud le Canal de Beagle. Dans ces latitudes extr\u00eames, la nature est \u00e0 son \u00e9tat pur : l\u2019oc\u00e9an, les canaux, les fjords, les monts, les steppes\u2026 Il existe une riche faune d\u2019oiseaux et de mammif\u00e8res marins.<br \/>\n<strong>Ushuaia<\/strong> est la capitale de la Terre de Feu et la ville la plus australe du monde. La ville se d\u00e9veloppa autour d\u2019une prison de s\u00e9curit\u00e9 maximale pour r\u00e9cidivistes et prisonniers militaires. Actuellement l\u2019\u00e9difice de ce qui fut la prison, fut converti en mus\u00e9e. Ushuaia est un port important dans lequel arrivent de nombreux navires de croisi\u00e8re, brise-glace, et embarcations de p\u00eache. De la ville partent \u00e9galement en navigation des catamarans et autres embarcations, pour naviguer sur le canal Beagle, et partir en direction de la Estancia Harberton, del Faro Les Eclaireurs et du Continent Antarctique. Toujours dans la ville d\u2019Ushuaia nous visitons le Parc National de la Terre de Feu et la Baie Lapataia, le lac Fagnano et la Vall\u00e9e des Huskies, ainsi que le train du Bout du Monde.<br \/>\n<img loading=\"lazy\" decoding=\"async\" class=\"aligncenter wp-image-460 size-full\" src=\"http:\/\/www.360responsibletourism.com\/wp-content\/uploads\/2014\/05\/Perito-Moreno0038-e1423145413601.jpg\" alt=\"Perito Moreno\" width=\"1021\" height=\"320\" \/><\/p>\n","protected":false},"excerpt":{"rendered":"<p>Nous nommons le Sud de la Patagonie, la partie qui comprend les provinces de Santa Cruz et de la Terre de feu, l\u2019Antarctique et les \u00eeles de l\u2019Atlantique Sud. Les Glaciers Dans la partie Occidentale de la Province de Santa Cruz, s\u2019\u00e9tend un terrain de glace continental : la troisi\u00e8me&#8230;<\/p>\n","protected":false},"author":1,"featured_media":0,"parent":69,"menu_order":0,"comment_status":"closed","ping_status":"closed","template":"","meta":{"footnotes":""},"_links":{"self":[{"href":"https:\/\/www.360responsibletourism.com\/fr\/wp-json\/wp\/v2\/pages\/77"}],"collection":[{"href":"https:\/\/www.360responsibletourism.com\/fr\/wp-json\/wp\/v2\/pages"}],"about":[{"href":"https:\/\/www.360responsibletourism.com\/fr\/wp-json\/wp\/v2\/types\/page"}],"author":[{"embeddable":true,"href":"https:\/\/www.360responsibletourism.com\/fr\/wp-json\/wp\/v2\/users\/1"}],"replies":[{"embeddable":true,"href":"https:\/\/www.360responsibletourism.com\/fr\/wp-json\/wp\/v2\/comments?post=77"}],"version-history":[{"count":3,"href":"https:\/\/www.360responsibletourism.com\/fr\/wp-json\/wp\/v2\/pages\/77\/revisions"}],"predecessor-version":[{"id":428,"href":"https:\/\/www.360responsibletourism.com\/fr\/wp-json\/wp\/v2\/pages\/77\/revisions\/428"}],"up":[{"embeddable":true,"href":"https:\/\/www.360responsibletourism.com\/fr\/wp-json\/wp\/v2\/pages\/69"}],"wp:attachment":[{"href":"https:\/\/www.360responsibletourism.com\/fr\/wp-json\/wp\/v2\/media?parent=77"}],"curies":[{"name":"wp","href":"https:\/\/api.w.org\/{rel}","templated":true}]}}