{"id":79,"date":"2014-07-13T16:19:23","date_gmt":"2014-07-13T14:19:23","guid":{"rendered":"http:\/\/www.360responsibletourism.com\/fr\/?page_id=79"},"modified":"2020-03-27T15:26:23","modified_gmt":"2020-03-27T14:26:23","slug":"tourisme-durable","status":"publish","type":"page","link":"https:\/\/www.360responsibletourism.com\/fr\/tourisme-durable\/","title":{"rendered":"\u00c1 Propos de Nous"},"content":{"rendered":"<p><iframe loading=\"lazy\" class=\"galleryFrame\" src=\"http:\/\/www.360responsibletourism.com\/wp-content\/uploads\/2014\/05\/Intro_Fra.html\" width=\"400\" height=\"280\" align=\"middle\"><img decoding=\"async\" src=\"http:\/\/www.360responsibletourism.com\/wp-content\/uploads\/2014\/05\/Intro_Fra.jpg\" alt=\"360\u00b0 Responsible Tourism\" align=\"center\" \/><\/iframe><br \/>\n360\u00b0 Responsible Tourism met en pratique ces principes, en participant en tant que consultant pour le d\u00e9veloppement de projets de tourisme durable.<br \/>\nUn projet de tourisme durable se compose principalement de trois domaines:<\/p>\n<ul>\n<li>le premier est en relation avec les principes du d\u00e9veloppement durable. Son application pour chaque projet est sp\u00e9cifique.<\/li>\n<li>le second aborde les \u00e9l\u00e9ments intrins\u00e8ques de l\u2019activit\u00e9 touristique qui sont indispensables pour son fonctionnement.<\/li>\n<li>le troisi\u00e8me consiste en l\u2019interaction culturelle entre les deux mondes, celui des habitants et celui des touristes, habituellement tr\u00e8s distants et en manque de communication. La proposition consiste \u00e0 changer une situation de marginalisation pour une autre situation de parit\u00e9, avec les personnes qui y participent.<\/li>\n<\/ul>\n<p>La diffusion du tourisme durable se tourne vers les touristes, elle a pour objectif de les familiariser \u00e0 cette nouvelle forme de tourisme. Pour cela il est n\u00e9cessaire d\u2019avoir recours \u00e0 un type de promotion sp\u00e9cifique, afin de les sensibiliser et de leur faire prendre conscience de l\u2019impact de cette nouvelle offre diff\u00e9rente. L\u2019\u00e9ducation consiste \u00e0 former de nouveaux techniciens, entreprenants et int\u00e9ress\u00e9s, qui partagent les paradigmes du tourisme durable.<br \/>\nNous misons donc sur un monde qui veut r\u00e9viser ses valeurs, pour \u00e9tablir une harmonie, entre la croissance et la nature, jusqu\u2019\u00e0 la construction d\u2019un nouveau paradigme social.<br \/>\n<img loading=\"lazy\" decoding=\"async\" class=\"aligncenter wp-image-471 size-large\" src=\"http:\/\/www.360responsibletourism.com\/wp-content\/uploads\/2014\/05\/P2190207_b1-e1422624510137-1024x320.jpg\" alt=\"Puerto Deseado\" width=\"1024\" height=\"320\"><br \/>\nLes concepts de Durabilit\u00e9, Responsabilit\u00e9 et Participation sont la base du tourisme durable. C\u2019est pourquoi ils s\u2019int\u00e8grent dans l\u2019\u00e9thique de travail de 360\u00b0 Tourisme Responsable.<br \/>\nLe principe de Durabilit\u00e9, se r\u00e9f\u00e8re au concept de d\u00e9veloppement durable, caract\u00e9risant le produit touristique avec tous ses composants : des ressources humaines \u00e0 l\u2019environnement naturel en passant par l\u2019\u00e9conomie.<br \/>\nLa Responsabilit\u00e9, quant \u00e0 elle, renvoie \u00e0 l\u2019offre et la demande de voyages. En effet, chaque acteur doit \u00eatre conscient de l\u2019impact de ses actions, aussi bien de la part du promoteur que du consommateur du produit touristique.La Participation signifie pour les communaut\u00e9s d\u2019accueil, d\u2019\u00eatre les ma\u00eetres de la proposition, des contenus, et de la modalit\u00e9 de l\u2019activit\u00e9 touristique ; tandis que du c\u00f4t\u00e9 des touristes, ce concept implique l\u2019\u00e9coute, l\u2019\u00e9change et la connaissance.<br \/>\nCes trois principes modifient l\u2019essence m\u00eame du mod\u00e8le touristique : de la consommation au constructivisme.<br \/>\nD\u00e9finition du tourisme durable selon l\u2019Organisation Mondiale du tourisme (OMT) : \u00ab Le D\u00e9veloppement touristique durable satisfait les besoins actuels des touristes et des r\u00e9gions d\u2019accueil tout en prot\u00e9geant et en am\u00e9liorant les perspectives pour l&rsquo;avenir. Il est vu comme menant \u00e0 la gestion de toutes les ressources de telle sorte que les besoins \u00e9conomiques, sociaux et esth\u00e9tiques puissent \u00eatre satisfaits tout en maintenant l&rsquo;int\u00e9grit\u00e9 culturelle, les processus \u00e9cologiques essentiels, la diversit\u00e9 biologique, et les syst\u00e8mes vivants. \u00bb Enfin, le tourisme durable consiste \u00e0 produire un tourisme bas\u00e9 sur les principes du d\u00e9veloppement durable. L\u2019objectif est de concentrer toute l\u2019industrie du tourisme sur tous les principes de respect des aspects socioculturels, environnementaux et \u00e9conomiques.<br \/>\n<img loading=\"lazy\" decoding=\"async\" class=\"aligncenter wp-image-473 size-large\" src=\"http:\/\/www.360responsibletourism.com\/wp-content\/uploads\/2014\/05\/P1020255-e1422624543395-1024x320.jpg\" alt=\"Circuito Cultural Boca Barracas\" width=\"1024\" height=\"320\"><\/p>\n","protected":false},"excerpt":{"rendered":"<p>360\u00b0 Responsible Tourism met en pratique ces principes, en participant en tant que consultant pour le d\u00e9veloppement de projets de tourisme durable. Un projet de tourisme durable se compose principalement de trois domaines: le premier est en relation avec les principes du d\u00e9veloppement durable. Son application pour chaque projet est&#8230;<\/p>\n","protected":false},"author":1,"featured_media":0,"parent":0,"menu_order":0,"comment_status":"closed","ping_status":"closed","template":"page-fullwidth.php","meta":{"footnotes":""},"_links":{"self":[{"href":"https:\/\/www.360responsibletourism.com\/fr\/wp-json\/wp\/v2\/pages\/79"}],"collection":[{"href":"https:\/\/www.360responsibletourism.com\/fr\/wp-json\/wp\/v2\/pages"}],"about":[{"href":"https:\/\/www.360responsibletourism.com\/fr\/wp-json\/wp\/v2\/types\/page"}],"author":[{"embeddable":true,"href":"https:\/\/www.360responsibletourism.com\/fr\/wp-json\/wp\/v2\/users\/1"}],"replies":[{"embeddable":true,"href":"https:\/\/www.360responsibletourism.com\/fr\/wp-json\/wp\/v2\/comments?post=79"}],"version-history":[{"count":7,"href":"https:\/\/www.360responsibletourism.com\/fr\/wp-json\/wp\/v2\/pages\/79\/revisions"}],"predecessor-version":[{"id":460,"href":"https:\/\/www.360responsibletourism.com\/fr\/wp-json\/wp\/v2\/pages\/79\/revisions\/460"}],"wp:attachment":[{"href":"https:\/\/www.360responsibletourism.com\/fr\/wp-json\/wp\/v2\/media?parent=79"}],"curies":[{"name":"wp","href":"https:\/\/api.w.org\/{rel}","templated":true}]}}