{"id":82,"date":"2014-07-13T16:28:50","date_gmt":"2014-07-13T14:28:50","guid":{"rendered":"http:\/\/www.360responsibletourism.com\/fr\/?page_id=82"},"modified":"2020-03-27T15:16:38","modified_gmt":"2020-03-27T14:16:38","slug":"comment-devenir-un-voyageur-responsable","status":"publish","type":"page","link":"https:\/\/www.360responsibletourism.com\/fr\/tourisme-durable\/comment-devenir-un-voyageur-responsable\/","title":{"rendered":"Comment devenir un Voyageur Responsable?"},"content":{"rendered":"<p>Vous trouverez ci-dessous une s\u00e9rie de recommandations afin de contribuer personnellement \u00e0 la responsabilit\u00e9 de votre voyage, \u00e0 nos c\u00f4t\u00e9s ainsi qu\u2019avec toutes les personnes et services impliqu\u00e9s.<\/p>\n<p>Ce n\u2019est pas si facile, mais sans aucun doute, le r\u00e9sultat vous surprendra.<br \/>\n<img loading=\"lazy\" decoding=\"async\" class=\"aligncenter wp-image-478 size-large\" src=\"http:\/\/www.360responsibletourism.com\/wp-content\/uploads\/2014\/05\/sara-3-e1422624789329-1024x320.jpg\" alt=\"Estancia Tunel\" width=\"1024\" height=\"320\"><\/p>\n<h2>AVANT DE PARTIR<\/h2>\n<ol>\n<li>R\u00e9fl\u00e9chir aux motivations de votre voyage.<\/li>\n<li>Rechercher des informations sur le pays de destination ainsi que des informations concernant  les us et les coutumes notamment. Penser \u00e9galement \u00e0 lire les conseils \u00e9mis par d\u2019autres voyageurs.<\/li>\n<li>S\u2019informer sur l\u2019histoire et l\u2019environnement naturel du pays.<\/li>\n<li>Demander aux agences de voyages l\u2019impact de votre s\u00e9jour sur l\u2019environnement, l\u2019\u00e9conomie locale et l\u2019aspect social et culturel du pays.<\/li>\n<li>R\u00e9fl\u00e9chir \u00e0 vos attentes en ce qui concerne le relationnel avec les communaut\u00e9s locales, ainsi qu\\&rsquo;en mati\u00e8re d\\&rsquo;environnement.<\/li>\n<li>S\u2019informer sur la somme d\u2019argent qui sera redistribu\u00e9 aux communaut\u00e9s qui vous h\u00e9bergent.<\/li>\n<li>Apprendre une base minimum de la langue du pays.<\/li>\n<\/ol>\n<p><img loading=\"lazy\" decoding=\"async\" class=\"aligncenter wp-image-483 size-full\" src=\"http:\/\/www.360responsibletourism.com\/wp-content\/uploads\/2014\/05\/pinturas-rupestres24-e1422624836688.jpg\" alt=\"Pinturas rupestres\" width=\"1024\" height=\"320\"><\/p>\n<h2>DURANT LE VOYAGE<\/h2>\n<ol>\n<li>Etablir de bons contacts et de bonnes relations avec la communaut\u00e9 locale.<\/li>\n<li>Echanger avec la population locale.<\/li>\n<li>Consommer des produits de l\u2019artisanat local, go\u00fbter \u00e0 la gastronomie locale.<\/li>\n<li>Apprendre l\u2019histoire et le patrimoine local.<\/li>\n<li>Accepter, s\u2019adapter et ne pas d\u00e9ranger les festivit\u00e9s, et coutumes locales.<\/li>\n<li>Utiliser les moyens de transport locaux.<\/li>\n<li>Ne pas prendre de photos sans avoir obtenu un accord pr\u00e9alable.<\/li>\n<li>Faire attention \u00e0 sa tenue vestimentaire et adopter une conduite adapt\u00e9e au lieu et \u00e0 la population.<\/li>\n<li>Observer et respecter toutes les recommandations pour la visite des lieux naturels et prendre ses pr\u00e9cautions : observer la faune \u00e0 une certaine distance sans perturber son habitat, ne pas allumer de feu, etc.<\/li>\n<li>Respecter le silence dans les zones prot\u00e9g\u00e9es et \u00e9couter les sons propres \u00e0 la nature.<\/li>\n<li>Utiliser les ressources naturelles avec mod\u00e9ration.<\/li>\n<li>Ne pas jeter des r\u00e9sidus au sol, toujours utiliser les moyens mis \u00e0 votre disposition.<\/li>\n<li>ssayer de contribuer, gr\u00e2ce \u00e0 votre pr\u00e9sence, au d\u00e9veloppement d\u2019un tourisme responsable et durable, en construisant un monde plus solidaire et plus sain.<\/li>\n<\/ol>\n<p><img loading=\"lazy\" decoding=\"async\" class=\"aligncenter wp-image-480 size-full\" src=\"http:\/\/www.360responsibletourism.com\/wp-content\/uploads\/2014\/05\/Ushuaia0010-e1422624877309.jpg\" alt=\"Ushuaia\" width=\"1024\" height=\"381\"><\/p>\n<h2>\u00c0 VOTRE RETOUR<\/h2>\n<ol>\n<li>R\u00e9fl\u00e9chir sur les relations qui se sont \u00e9tablies durant le voyage, et \u00e9valuer la mani\u00e8re \u00e0 maintenir ces relations.<\/li>\n<li>Partager l\u2019exp\u00e9rience avec d\u2019autres personnes.<\/li>\n<li>Profiter de cette exp\u00e9rience pour acqu\u00e9rir de nouveaux savoirs ainsi que faire naitre des r\u00e9flexions concernant les autres cultures.<\/li>\n<li>Adopter de nouvelles attitudes dans la vie quotidienne.<\/li>\n<li>Tirer profit de son voyage pour planifier un autre voyage responsable.<\/li>\n<\/ol>\n","protected":false},"excerpt":{"rendered":"<p>Vous trouverez ci-dessous une s\u00e9rie de recommandations afin de contribuer personnellement \u00e0 la responsabilit\u00e9 de votre voyage, \u00e0 nos c\u00f4t\u00e9s ainsi qu\u2019avec toutes les personnes et services impliqu\u00e9s. Ce n\u2019est pas si facile, mais sans aucun doute, le r\u00e9sultat vous surprendra. AVANT DE PARTIR R\u00e9fl\u00e9chir aux motivations de votre voyage&#8230;.<\/p>\n","protected":false},"author":1,"featured_media":0,"parent":79,"menu_order":0,"comment_status":"closed","ping_status":"closed","template":"page-fullwidth.php","meta":{"footnotes":""},"_links":{"self":[{"href":"https:\/\/www.360responsibletourism.com\/fr\/wp-json\/wp\/v2\/pages\/82"}],"collection":[{"href":"https:\/\/www.360responsibletourism.com\/fr\/wp-json\/wp\/v2\/pages"}],"about":[{"href":"https:\/\/www.360responsibletourism.com\/fr\/wp-json\/wp\/v2\/types\/page"}],"author":[{"embeddable":true,"href":"https:\/\/www.360responsibletourism.com\/fr\/wp-json\/wp\/v2\/users\/1"}],"replies":[{"embeddable":true,"href":"https:\/\/www.360responsibletourism.com\/fr\/wp-json\/wp\/v2\/comments?post=82"}],"version-history":[{"count":3,"href":"https:\/\/www.360responsibletourism.com\/fr\/wp-json\/wp\/v2\/pages\/82\/revisions"}],"predecessor-version":[{"id":458,"href":"https:\/\/www.360responsibletourism.com\/fr\/wp-json\/wp\/v2\/pages\/82\/revisions\/458"}],"up":[{"embeddable":true,"href":"https:\/\/www.360responsibletourism.com\/fr\/wp-json\/wp\/v2\/pages\/79"}],"wp:attachment":[{"href":"https:\/\/www.360responsibletourism.com\/fr\/wp-json\/wp\/v2\/media?parent=82"}],"curies":[{"name":"wp","href":"https:\/\/api.w.org\/{rel}","templated":true}]}}