{"id":90,"date":"2014-07-13T16:47:55","date_gmt":"2014-07-13T14:47:55","guid":{"rendered":"http:\/\/www.360responsibletourism.com\/fr\/?page_id=90"},"modified":"2014-12-29T14:18:53","modified_gmt":"2014-12-29T13:18:53","slug":"itineraires-patagonie","status":"publish","type":"page","link":"https:\/\/www.360responsibletourism.com\/fr\/itineraires\/itineraires-patagonie\/","title":{"rendered":"Itin\u00e9raires Patagonie"},"content":{"rendered":"<h3 style=\"text-align: center;\">Ne manquez pas!<\/h3>\n<p><img loading=\"lazy\" decoding=\"async\" class=\"alignleft wp-image-500 size-medium\" src=\"http:\/\/www.360responsibletourism.com\/wp-content\/uploads\/2014\/05\/Calafate-2-300x225.jpg\" alt=\"Perito Moreno\" width=\"300\" height=\"225\" \/><br \/>\nNotre proposition pour visiter le Sud de la Patagonie, combine les sites touristiques les plus remarquables, avec des s\u00e9jours qui feront d\u00e9couvrir au voyageur la culture locale, dans cette r\u00e9gion dense et lointaine. Des sites surprenants, une faune en \u00e9tat pure, une gastronomie locale, ainsi qu&rsquo;un long parcours sur les terres du sud, vous offrent la possibilit\u00e9 de se rendre compte des dimensions, de l&rsquo;immensit\u00e9, de la d\u00e9mographie et de la r\u00e9alit\u00e9 sociale et territoriale de la Patagonie.<\/p>\n<table align=\"center\" bgcolor=\"#f49535\">\n<tbody>\n<tr>\n<td width=\"20%\"><a title=\"Le Sud de la Patagonie et les Baleines\" href=\"http:\/\/www.360responsibletourism.com\/fr\/2014\/07\/13\/le-sud-de-la-patagonie-et-les-baleines\/\"><strong>Les Baleines<\/strong><\/a><\/td>\n<td width=\"65%\">Ushuaia \u2013 Perito Moreno &#8211; El Chalten &#8211; Cueva de las Manos &#8211; Petrified Forest Sarmiento \u2013 Camarones \u2013 Peninsula Valdes.<\/td>\n<td width=\"15%\"><strong>15 journ\u00e9es<\/strong><\/td>\n<\/tr>\n<tr>\n<td width=\"20%\"><a title=\"Le Sud de la Patagonie et les Pingouins\" href=\"http:\/\/www.360responsibletourism.com\/fr\/2014\/07\/14\/le-sud-de-la-patagonie-et-les-pingouins\/\"><strong>Les Pingouins<\/strong><\/a><\/td>\n<td width=\"65%\">Ushuaia \u2013 Perito Moreno \u2013 El Chalten &#8211; Puerto San Julian &#8211; Petrified Forest National Park &#8211; Puerto Deseado.<\/td>\n<td width=\"15%\"><strong>14 journ\u00e9es<\/strong><\/td>\n<\/tr>\n<tr>\n<td width=\"20%\"><a title=\"Le Sud de la Patagonie Argentine et Chili\" href=\"http:\/\/www.360responsibletourism.com\/fr\/2014\/07\/14\/le-sud-de-la-patagonie-argentine-et-chili\/\"><strong>Argentine et Chili<\/strong><\/a><\/td>\n<td width=\"65%\">Ushuaia \u2013 Punta Arenas \u2013 Park Torres del Paine &#8211; Perito Moreno &#8211; El Chalten &#8211; Peninsula Valdes.<\/td>\n<td width=\"15%\"><strong>17 journ\u00e9es<\/strong><\/td>\n<\/tr>\n<\/tbody>\n<\/table>\n<h3 style=\"text-align: center;\">Les coins<\/h3>\n<p><img loading=\"lazy\" decoding=\"async\" class=\"alignleft wp-image-501 size-medium\" src=\"http:\/\/www.360responsibletourism.com\/wp-content\/uploads\/2014\/05\/Ushuaia-66-300x225.jpg\" alt=\"Ushuaia\" width=\"300\" height=\"225\" \/><br \/>\nNos recommandations pour visiter la Patagonie vont au-del\u00e0 des lieux les plus connus. Nous poussons le voyageur \u00e0 suivre les traces des personnes vivant dans cette r\u00e9gion si grand et loin de tout: des paysages qui ont livr\u00e9 un message de paix et de nature, animaux sauvages, les signes des temps g\u00e9ologiques, la gastronomie typique &#8230; et un long chemin de ces chemins de terre sans fin qui offrent la possibilit\u00e9 de vraiment comprendre la taille, la d\u00e9mographie et la r\u00e9alit\u00e9 sociale de la Patagonie.<br \/>\nLes lieux que nous vous proposons sont en dehors des routes touristiques, comme les mille \u00abcoins et recoins\u00bb de notre propre pays si cher \u00e0 nous.<\/p>\n<table align=\"center\" bgcolor=\"#f49535\">\n<tbody>\n<tr>\n<td width=\"20%\"><a title=\"Meseta Infinita\" href=\"http:\/\/www.360responsibletourism.com\/fr\/2014\/07\/14\/meseta-infinita\/\"><strong>Meseta Infinita<\/strong><\/a><\/td>\n<td width=\"65%\">Bariloche \u2013 Los Menucos \u2013 Meseta di Somoncur\u00e1 \u2013 Bariloche<\/td>\n<td width=\"15%\"><strong>5 journ\u00e9es<\/strong><\/td>\n<\/tr>\n<tr>\n<td width=\"20%\"><a title=\"Les Mapuches\" href=\"http:\/\/www.360responsibletourism.com\/fr\/2014\/07\/14\/les-mapuches\/\"><strong>Les Mapuches<\/strong><\/a><\/td>\n<td width=\"65%\">Bariloche \u2013 El Bolson \u2013 Bariloche<\/td>\n<td width=\"15%\"><strong>8 journ\u00e9es<\/strong><\/td>\n<\/tr>\n<\/tbody>\n<\/table>\n","protected":false},"excerpt":{"rendered":"<p>Ne manquez pas! Notre proposition pour visiter le Sud de la Patagonie, combine les sites touristiques les plus remarquables, avec des s\u00e9jours qui feront d\u00e9couvrir au voyageur la culture locale, dans cette r\u00e9gion dense et lointaine. Des sites surprenants, une faune en \u00e9tat pure, une gastronomie locale, ainsi qu&rsquo;un long&#8230;<\/p>\n","protected":false},"author":1,"featured_media":0,"parent":84,"menu_order":0,"comment_status":"closed","ping_status":"closed","template":"page-fullwidth.php","meta":{"footnotes":""},"_links":{"self":[{"href":"https:\/\/www.360responsibletourism.com\/fr\/wp-json\/wp\/v2\/pages\/90"}],"collection":[{"href":"https:\/\/www.360responsibletourism.com\/fr\/wp-json\/wp\/v2\/pages"}],"about":[{"href":"https:\/\/www.360responsibletourism.com\/fr\/wp-json\/wp\/v2\/types\/page"}],"author":[{"embeddable":true,"href":"https:\/\/www.360responsibletourism.com\/fr\/wp-json\/wp\/v2\/users\/1"}],"replies":[{"embeddable":true,"href":"https:\/\/www.360responsibletourism.com\/fr\/wp-json\/wp\/v2\/comments?post=90"}],"version-history":[{"count":8,"href":"https:\/\/www.360responsibletourism.com\/fr\/wp-json\/wp\/v2\/pages\/90\/revisions"}],"predecessor-version":[{"id":362,"href":"https:\/\/www.360responsibletourism.com\/fr\/wp-json\/wp\/v2\/pages\/90\/revisions\/362"}],"up":[{"embeddable":true,"href":"https:\/\/www.360responsibletourism.com\/fr\/wp-json\/wp\/v2\/pages\/84"}],"wp:attachment":[{"href":"https:\/\/www.360responsibletourism.com\/fr\/wp-json\/wp\/v2\/media?parent=90"}],"curies":[{"name":"wp","href":"https:\/\/api.w.org\/{rel}","templated":true}]}}