{"id":92,"date":"2014-07-13T16:52:21","date_gmt":"2014-07-13T14:52:21","guid":{"rendered":"http:\/\/www.360responsibletourism.com\/fr\/?page_id=92"},"modified":"2014-12-29T14:22:13","modified_gmt":"2014-12-29T13:22:13","slug":"itineraires-nord-est","status":"publish","type":"page","link":"https:\/\/www.360responsibletourism.com\/fr\/itineraires\/itineraires-nord-est\/","title":{"rendered":"Itin\u00e9raires Nord-Est"},"content":{"rendered":"<h3 style=\"text-align: center;\">Ne manquez pas<\/h3>\n<p><img loading=\"lazy\" decoding=\"async\" class=\"alignleft wp-image-505 size-medium\" src=\"http:\/\/www.360responsibletourism.com\/wp-content\/uploads\/2014\/05\/misiones20040019-300x225.jpg\" alt=\"Cataratas de Iguaz\u00f9\" width=\"300\" height=\"225\" \/><br \/>\nLe nord-est constitue un monde d\u2019eau qui coule sans cesse, pour se transformer par la suite en rivi\u00e8res, ruisseaux, gouttes d\u2019eau, brouillard mais aussi en vapeur, afin de redevenir de l\u2019eau pure une autre fois. Le nord-est est un monde de lumi\u00e8re qui joue avec les couleurs de la for\u00eat, qui se confond avec l\u2019eau pour faire briller les couleurs verdoyantes et bleut\u00e9es avec la couleur rouge\u00e2tre de la terre, c\u2019est un monde survol\u00e9 de papillons et rempli de fleurs. Le nord-est est la terre des Guaranis et de leurs histoires. Le nord-est est un monde primitif et raffin\u00e9, dans lequel la force de la nature et de ses gardiens ancestraux perdurent avant tout.<\/p>\n<table align=\"center\" bgcolor=\"#f49535\">\n<tbody>\n<tr>\n<td width=\"15%\"><a title=\"Toutes les merveilles de Misiones\" href=\"http:\/\/www.360responsibletourism.com\/fr\/2014\/07\/16\/toutes-les-merveilles-de-misiones\/\"><strong>Merveilles de Misiones<\/strong><\/a><\/td>\n<td width=\"20%\">Iguazu \u2013 la communaut\u00e9 Guarani \u2013 Mocon\u00e1 \u2013 Missions j\u00e9suites en Argentine et au Paraguay.\u200b<\/td>\n<td width=\"65%\"><strong>8 journ\u00e9es<\/strong><\/td>\n<\/tr>\n<tr>\n<td width=\"20%\"><a title=\"Le meilleur de Misiones\" href=\"http:\/\/www.360responsibletourism.com\/fr\/2014\/07\/16\/le-meilleur-de-misiones\/\"><strong>Meilleur de Misiones<\/strong><\/a><\/td>\n<td width=\"65%\">La mission de San Ignacio de Mini \u2013 Iguazu et la communaut\u00e9 guarani<\/td>\n<td width=\"15%\">\u200b<strong>3 journ\u00e9es<\/strong><\/td>\n<\/tr>\n<\/tbody>\n<\/table>\n<h3 style=\"text-align: center;\">Les coins<\/h3>\n<p><img loading=\"lazy\" decoding=\"async\" class=\"alignleft wp-image-506 size-medium\" src=\"http:\/\/www.360responsibletourism.com\/wp-content\/uploads\/2014\/05\/comunidad-guarani-300x200.jpg\" alt=\"Guaran\u00ec\" width=\"300\" height=\"200\" \/><br \/>\nNos suggestions pour visiter la r\u00e9gion \u00ab\u00a0eau\u00a0\u00bb vont au-del\u00e0 des endroits les plus connus o\u00f9 les eaux \u00e9tincelle de vie (REE signifie eau claire dans la langue guarani). Plantes entre l&rsquo;abondance de l&rsquo;eau et le climat chaud de r\u00e9g\u00e9n\u00e9ration dans continuation, les animaux sont faciles \u00e0 rep\u00e9rer, alligators (Jacare), des tapirs, des cerfs et des oiseaux \u00e0 n&rsquo;en plus finir Une \u00e9tendue de la vie humide, puis les gauchos, folklore&#8230; couchers de soleil rouges, le calme de la soir\u00e9e&#8230;<\/p>\n<table align=\"center\" bgcolor=\"#f49535\">\n<tbody>\n<tr>\n<td width=\"20%\"><a title=\"Les estuaires de l\u2019Iber\u00e1\" href=\"http:\/\/www.360responsibletourism.com\/fr\/2014\/07\/16\/les-estuaires-de-libera\/\"><strong>L&rsquo;Estero del Iber\u00e0<\/strong><\/a><\/td>\n<td width=\"65%\">Colonia Pellegrini et la R\u00e9serve Naturelle de Ibera.<\/td>\n<td width=\"15%\">\u200b<strong>4 journ\u00e9es<\/strong><\/td>\n<\/tr>\n<tr>\n<td width=\"20%\"><a title=\"Chavarr\u00eda\" href=\"http:\/\/www.360responsibletourism.com\/fr\/2014\/07\/13\/chavarria\/\"><strong>Corrientes et Chavarr\u00eda<\/strong><\/a><\/td>\n<td width=\"65%\">Un t\u00edpico du village, entre la tradition et les eaux<\/td>\n<td width=\"15%\"><strong>4 journ\u00e9es<\/strong><\/td>\n<\/tr>\n<tr>\n<td width=\"20%\"><a title=\"Le Cachap\u00e9\" href=\"http:\/\/www.360responsibletourism.com\/fr\/2014\/07\/13\/le-cachape\/\"><strong>Estancia El Cachap\u00e9<\/strong><strong>\u200b<\/strong><\/a><\/td>\n<td width=\"65%\">Resistencia \u2013 El Cachape &#8211; Resistencia<\/td>\n<td width=\"15%\"><strong>4 journ\u00e9es<\/strong><\/td>\n<\/tr>\n<\/tbody>\n<\/table>\n","protected":false},"excerpt":{"rendered":"<p>Ne manquez pas Le nord-est constitue un monde d\u2019eau qui coule sans cesse, pour se transformer par la suite en rivi\u00e8res, ruisseaux, gouttes d\u2019eau, brouillard mais aussi en vapeur, afin de redevenir de l\u2019eau pure une autre fois. Le nord-est est un monde de lumi\u00e8re qui joue avec les couleurs&#8230;<\/p>\n","protected":false},"author":1,"featured_media":0,"parent":84,"menu_order":0,"comment_status":"closed","ping_status":"closed","template":"page-fullwidth.php","meta":{"footnotes":""},"_links":{"self":[{"href":"https:\/\/www.360responsibletourism.com\/fr\/wp-json\/wp\/v2\/pages\/92"}],"collection":[{"href":"https:\/\/www.360responsibletourism.com\/fr\/wp-json\/wp\/v2\/pages"}],"about":[{"href":"https:\/\/www.360responsibletourism.com\/fr\/wp-json\/wp\/v2\/types\/page"}],"author":[{"embeddable":true,"href":"https:\/\/www.360responsibletourism.com\/fr\/wp-json\/wp\/v2\/users\/1"}],"replies":[{"embeddable":true,"href":"https:\/\/www.360responsibletourism.com\/fr\/wp-json\/wp\/v2\/comments?post=92"}],"version-history":[{"count":9,"href":"https:\/\/www.360responsibletourism.com\/fr\/wp-json\/wp\/v2\/pages\/92\/revisions"}],"predecessor-version":[{"id":364,"href":"https:\/\/www.360responsibletourism.com\/fr\/wp-json\/wp\/v2\/pages\/92\/revisions\/364"}],"up":[{"embeddable":true,"href":"https:\/\/www.360responsibletourism.com\/fr\/wp-json\/wp\/v2\/pages\/84"}],"wp:attachment":[{"href":"https:\/\/www.360responsibletourism.com\/fr\/wp-json\/wp\/v2\/media?parent=92"}],"curies":[{"name":"wp","href":"https:\/\/api.w.org\/{rel}","templated":true}]}}